{"id":27653,"date":"2025-01-21T12:17:45","date_gmt":"2025-01-21T11:17:45","guid":{"rendered":"https:\/\/sunglassrevivers.com\/es\/?post_type=product&#038;p=27653"},"modified":"2025-11-13T13:29:34","modified_gmt":"2025-11-13T12:29:34","slug":"lentes-de-repuesto-oakley-4142","status":"publish","type":"product","link":"https:\/\/sunglassrevivers.com\/es\/product\/lentes-de-repuesto-oakley-4142\/","title":{"rendered":"Lentes de repuesto para Oakley OO4142 EJECTOR"},"content":{"rendered":"<h1><\/h1>\n<p>Recupere el rendimiento de sus gafas de sol Oakley 4142 Ejector con nuestras lentes de repuesto de alta calidad. Estas lentes est\u00e1n dise\u00f1adas para adaptarse a marcos de metal de 58 mm, lo que ofrece una durabilidad y claridad \u00f3ptica superiores.<\/p>\n<h2>Ajuste personalizado para Oakley 4142 Ejector<\/h2>\n<p>Estas lentes est\u00e1n dise\u00f1adas espec\u00edficamente para las gafas de sol <strong>Oakley 4142 Ejector<\/strong>, lo que proporciona un ajuste perfecto para el tama\u00f1o de marco de metal de 58 mm.<\/p>\n<h2>Materiales de lentes para un mejor rendimiento<\/h2>\n<p>Seleccione entre dos materiales de lentes avanzados:<\/p>\n<ul>\n<li><strong>TAC (Tri-Acetato de Celulosa):<\/strong> lentes polarizadas que eliminan el deslumbramiento y mejoran la claridad visual en entornos brillantes, perfectas para deportes y actividades al aire libre.<\/li>\n<li><strong>PC (Policarbonato):<\/strong> livianas, duraderas y resistentes a los impactos, ideales para un uso de alto rendimiento y durabilidad en condiciones extremas.<\/li>\n<\/ul>\n<p>Ambas opciones de lentes brindan una excelente resistencia a los rayones y protecci\u00f3n UV del 100 % para proteger sus ojos de la luz solar da\u00f1ina.<\/p>\n<h2>Caracter\u00edsticas principales<\/h2>\n<ul>\n<li>Dise\u00f1ado para un ajuste preciso con las gafas de sol Oakley 4142 Ejector y el tama\u00f1o de marco de <strong>58 mm<\/strong><\/li>\n<li>Elija entre materiales de lentes <strong>TAC<\/strong> o <strong>PC<\/strong> para un rendimiento optimizado<\/li>\n<li>La opci\u00f3n de lentes polarizadas reduce el deslumbramiento, mejorando la comodidad y la claridad<\/li>\n<li>Lentes duraderas y resistentes a los rayones que soportan el uso y desgaste diario<\/li>\n<li>Ofrece <strong>100% de protecci\u00f3n UV<\/strong> para una seguridad ocular superior contra los rayos UV da\u00f1inos<\/li>\n<li>F\u00e1cil de instalar con un proceso de reemplazo sin inconvenientes<\/li>\n<\/ul>\n<h2>\u00bfPor qu\u00e9 elegir nuestras Lentes de repuesto?<\/h2>\n<p>Nuestras Lentes de repuesto para Oakley 4142 Ejector est\u00e1n dise\u00f1adas con precisi\u00f3n y calidad de primera Materiales para restaurar la funcionalidad de sus gafas de sol. Ya sea que reemplace lentes da\u00f1ados o actualice para obtener un mejor rendimiento, nuestras lentes brindan claridad, durabilidad y protecci\u00f3n \u00f3ptimas para sus ojos.<\/p>\n<p>\u00a1Ordene hoy sus Lentes de repuesto y d\u00e9le una nueva vida a sus gafas de sol Oakley 4142 Ejector con un rendimiento mejorado!<\/p>\n<p>&nbsp;El producto Lentes de repuesto para Oakley OO4142 EJECTOR no es un producto original fabricado ni respaldado por Oakley\u00ae, salvo que se especifique lo contrario en la ficha. Sunglass Revivers no est\u00e1 afiliada, asociada ni patrocinada por Oakley\u00ae ni por Luxottica Group.<\/p>\n","protected":false},"excerpt":{"rendered":"<p>Recupere el rendimiento de sus gafas de sol Oakley 4142 Ejector con nuestras lentes de repuesto de alta calidad. Estas lentes est\u00e1n dise\u00f1adas para adaptarse a marcos de metal de 58 mm, lo que ofrece una durabilidad y claridad \u00f3ptica superiores. Ajuste personalizado para Oakley 4142 Ejector Estas lentes est\u00e1n dise\u00f1adas espec\u00edficamente para las gafas &#8230; <a title=\"Lentes de repuesto para Oakley OO4142 EJECTOR\" class=\"read-more\" href=\"https:\/\/sunglassrevivers.com\/es\/product\/lentes-de-repuesto-oakley-4142\/\" aria-label=\"Leer m\u00e1s sobre Lentes de repuesto para Oakley OO4142 EJECTOR\">Leer m\u00e1s<\/a><\/p>\n","protected":false},"featured_media":29982,"comment_status":"open","ping_status":"closed","template":"","meta":{"_acf_changed":false},"product_brand":[],"product_cat":[1724,1726],"product_tag":[],"class_list":{"0":"post-27653","1":"product","2":"type-product","3":"status-publish","4":"has-post-thumbnail","6":"product_cat-lentes-de-repuesto","7":"product_cat-lentes-de-repuesto-oakley","8":"pa_size-1752","9":"sales-flash-overlay","10":"woocommerce-text-align-center","11":"woocommerce-image-align-center","12":"do-quantity-buttons","14":"first","15":"instock","16":"taxable","17":"shipping-taxable","18":"purchasable","19":"product-type-variable","20":"has-default-attributes"},"acf":[],"_links":{"self":[{"href":"https:\/\/sunglassrevivers.com\/es\/wp-json\/wp\/v2\/product\/27653","targetHints":{"allow":["GET"]}}],"collection":[{"href":"https:\/\/sunglassrevivers.com\/es\/wp-json\/wp\/v2\/product"}],"about":[{"href":"https:\/\/sunglassrevivers.com\/es\/wp-json\/wp\/v2\/types\/product"}],"replies":[{"embeddable":true,"href":"https:\/\/sunglassrevivers.com\/es\/wp-json\/wp\/v2\/comments?post=27653"}],"version-history":[{"count":6,"href":"https:\/\/sunglassrevivers.com\/es\/wp-json\/wp\/v2\/product\/27653\/revisions"}],"predecessor-version":[{"id":30402,"href":"https:\/\/sunglassrevivers.com\/es\/wp-json\/wp\/v2\/product\/27653\/revisions\/30402"}],"wp:featuredmedia":[{"embeddable":true,"href":"https:\/\/sunglassrevivers.com\/es\/wp-json\/wp\/v2\/media\/29982"}],"wp:attachment":[{"href":"https:\/\/sunglassrevivers.com\/es\/wp-json\/wp\/v2\/media?parent=27653"}],"wp:term":[{"taxonomy":"product_brand","embeddable":true,"href":"https:\/\/sunglassrevivers.com\/es\/wp-json\/wp\/v2\/product_brand?post=27653"},{"taxonomy":"product_cat","embeddable":true,"href":"https:\/\/sunglassrevivers.com\/es\/wp-json\/wp\/v2\/product_cat?post=27653"},{"taxonomy":"product_tag","embeddable":true,"href":"https:\/\/sunglassrevivers.com\/es\/wp-json\/wp\/v2\/product_tag?post=27653"}],"curies":[{"name":"wp","href":"https:\/\/api.w.org\/{rel}","templated":true}]}}