{"id":27656,"date":"2025-01-21T12:17:45","date_gmt":"2025-01-21T11:17:45","guid":{"rendered":"https:\/\/sunglassrevivers.com\/es\/?post_type=product&#038;p=27656"},"modified":"2025-11-13T13:29:34","modified_gmt":"2025-11-13T12:29:34","slug":"lentes-de-repuesto-oakley-9272","status":"publish","type":"product","link":"https:\/\/sunglassrevivers.com\/es\/product\/lentes-de-repuesto-oakley-9272\/","title":{"rendered":"Lentes de repuesto para Oakley OO9272 CATALYST"},"content":{"rendered":"<h1><\/h1>\n<p>Reemplace sus lentes Oakley 9272 Catalyst con lentes de alta calidad y ajuste personalizado dise\u00f1ados espec\u00edficamente para el marco Pl\u00e1stico de 56 mm. Elija entre lentes TAC y PC resistentes para garantizar que sus gafas de sol ofrezcan una protecci\u00f3n y claridad \u00f3ptimas.<\/p>\n<h2>Ajuste personalizado para Oakley 9272 Catalyst<\/h2>\n<p>Nuestras lentes de repuesto est\u00e1n dise\u00f1adas para brindar un ajuste perfecto para las gafas de sol Oakley 9272 Catalyst, con un tama\u00f1o de marco Pl\u00e1stico de 56 mm, lo que garantiza una instalaci\u00f3n perfecta y comodidad.<\/p>\n<h2>Materiales de las lentes para un rendimiento \u00f3ptimo<\/h2>\n<p>Nuestras lentes de repuesto vienen en dos materiales de primera calidad:<\/p>\n<ul>\n<li><strong>TAC (Tri-Acetato de Celulosa):<\/strong> lentes polarizadas que minimizan el deslumbramiento, proporcionando una claridad visual superior, especialmente \u00fatil para actividades al aire libre y de conducci\u00f3n.<\/li>\n<li><strong>PC (Policarbonato):<\/strong> lentes livianos y muy duraderos con excelente resistencia al impacto, lo que los hace perfectos para el uso diario y los deportes.<\/li>\n<\/ul>\n<p>Ambos materiales ofrecen alta resistencia a los rayones, lo que garantiza un uso duradero y una protecci\u00f3n UV del 100% para proteger sus ojos de la exposici\u00f3n solar da\u00f1ina.<\/p>\n<h2>Caracter\u00edsticas principales<\/h2>\n<ul>\n<li>Lentes de repuesto Oakley 9272 Catalyst a medida con marcos de pl\u00e1stico de 56 mm<\/li>\n<li>Elija entre lentes TAC y PC para adaptarse a sus necesidades y actividades<\/li>\n<li>Las lentes polarizadas reducen el deslumbramiento y mejoran la comodidad, especialmente durante las actividades al aire libre<\/li>\n<li>Lentes duraderas y resistentes a los rayones para uso a largo plazo<\/li>\n<li>Protecci\u00f3n UV 100 % para proteger sus ojos de los rayos da\u00f1inos<\/li>\n<li>F\u00e1cil de instalar sin necesidad de herramientas especializadas<\/li>\n<\/ul>\n<h2>\u00bfPor qu\u00e9 elegir nuestras lentes de repuesto?<\/h2>\n<p>Nuestras lentes de repuesto Oakley 9272 Catalyst est\u00e1n dise\u00f1adas para brindar durabilidad, comodidad y un rendimiento \u00f3ptimo. Ya sea que necesite reemplazar lentes da\u00f1ados o actualizar a lentes polarizadas, nuestras opciones de alta calidad restauran sus gafas de sol a su mejor condici\u00f3n.<\/p>\n<p>\u00a1Pida hoy sus lentes de repuesto para asegurarse de que sus gafas de sol Oakley 9272 Catalyst funcionen como nuevas!<\/p>\n<p>&nbsp;El producto Lentes de repuesto para Oakley OO9272 CATALYST no es un producto original fabricado ni respaldado por Oakley\u00ae, salvo que se especifique lo contrario en la ficha. Sunglass Revivers no est\u00e1 afiliada, asociada ni patrocinada por Oakley\u00ae ni por Luxottica Group.<\/p>\n","protected":false},"excerpt":{"rendered":"<p>Reemplace sus lentes Oakley 9272 Catalyst con lentes de alta calidad y ajuste personalizado dise\u00f1ados espec\u00edficamente para el marco Pl\u00e1stico de 56 mm. Elija entre lentes TAC y PC resistentes para garantizar que sus gafas de sol ofrezcan una protecci\u00f3n y claridad \u00f3ptimas. Ajuste personalizado para Oakley 9272 Catalyst Nuestras lentes de repuesto est\u00e1n dise\u00f1adas &#8230; <a title=\"Lentes de repuesto para Oakley OO9272 CATALYST\" class=\"read-more\" href=\"https:\/\/sunglassrevivers.com\/es\/product\/lentes-de-repuesto-oakley-9272\/\" aria-label=\"Leer m\u00e1s sobre Lentes de repuesto para Oakley OO9272 CATALYST\">Leer m\u00e1s<\/a><\/p>\n","protected":false},"featured_media":30002,"comment_status":"open","ping_status":"closed","template":"","meta":{"_acf_changed":false},"product_brand":[],"product_cat":[1724,1726],"product_tag":[],"class_list":{"0":"post-27656","1":"product","2":"type-product","3":"status-publish","4":"has-post-thumbnail","6":"product_cat-lentes-de-repuesto","7":"product_cat-lentes-de-repuesto-oakley","8":"pa_size-1749","9":"sales-flash-overlay","10":"woocommerce-text-align-center","11":"woocommerce-image-align-center","12":"do-quantity-buttons","14":"first","15":"instock","16":"taxable","17":"shipping-taxable","18":"purchasable","19":"product-type-variable","20":"has-default-attributes"},"acf":[],"_links":{"self":[{"href":"https:\/\/sunglassrevivers.com\/es\/wp-json\/wp\/v2\/product\/27656","targetHints":{"allow":["GET"]}}],"collection":[{"href":"https:\/\/sunglassrevivers.com\/es\/wp-json\/wp\/v2\/product"}],"about":[{"href":"https:\/\/sunglassrevivers.com\/es\/wp-json\/wp\/v2\/types\/product"}],"replies":[{"embeddable":true,"href":"https:\/\/sunglassrevivers.com\/es\/wp-json\/wp\/v2\/comments?post=27656"}],"version-history":[{"count":7,"href":"https:\/\/sunglassrevivers.com\/es\/wp-json\/wp\/v2\/product\/27656\/revisions"}],"predecessor-version":[{"id":30405,"href":"https:\/\/sunglassrevivers.com\/es\/wp-json\/wp\/v2\/product\/27656\/revisions\/30405"}],"wp:featuredmedia":[{"embeddable":true,"href":"https:\/\/sunglassrevivers.com\/es\/wp-json\/wp\/v2\/media\/30002"}],"wp:attachment":[{"href":"https:\/\/sunglassrevivers.com\/es\/wp-json\/wp\/v2\/media?parent=27656"}],"wp:term":[{"taxonomy":"product_brand","embeddable":true,"href":"https:\/\/sunglassrevivers.com\/es\/wp-json\/wp\/v2\/product_brand?post=27656"},{"taxonomy":"product_cat","embeddable":true,"href":"https:\/\/sunglassrevivers.com\/es\/wp-json\/wp\/v2\/product_cat?post=27656"},{"taxonomy":"product_tag","embeddable":true,"href":"https:\/\/sunglassrevivers.com\/es\/wp-json\/wp\/v2\/product_tag?post=27656"}],"curies":[{"name":"wp","href":"https:\/\/api.w.org\/{rel}","templated":true}]}}