{"id":29558,"date":"2025-08-18T17:28:17","date_gmt":"2025-08-18T16:28:17","guid":{"rendered":"https:\/\/sunglassrevivers.com\/es\/?post_type=product&#038;p=29558"},"modified":"2025-11-13T13:29:37","modified_gmt":"2025-11-13T12:29:37","slug":"lentes-de-repuesto-para-oakley-9289-frogskins-hybrid","status":"publish","type":"product","link":"https:\/\/sunglassrevivers.com\/es\/product\/lentes-de-repuesto-para-oakley-9289-frogskins-hybrid\/","title":{"rendered":"Lentes de repuesto para Oakley 9289 FROGSKINS HYBRID"},"content":{"rendered":"<p>Las <strong>lentes de repuesto para Oakley 9289 FROGSKINS HYBRID<\/strong> son el complemento ideal para quienes buscan renovar sus gafas favoritas y seguir disfrutando de su estilo y funcionalidad. Dise\u00f1adas con precisi\u00f3n, estas lentes ofrecen una forma redonda que se adapta perfectamente al modelo FROGSKINS HYBRID. Con una altura de 44 mm y un di\u00e1metro de 61 mm, estas lentes garantizan un ajuste perfecto y una visi\u00f3n clara.<\/p>\n<ul>\n<li>Material de alta calidad: Fabricadas en TAC y policarbonato, las <strong>lentes de repuesto para Oakley 9289 FROGSKINS HYBRID<\/strong> proporcionan durabilidad y resistencia.<\/li>\n<li>Curvatura optimizada: Con una base de curvatura 4, estas lentes proporcionan un ajuste c\u00f3modo y una visi\u00f3n amplia.<\/li>\n<li>Protecci\u00f3n eficaz: Dise\u00f1adas para proteger tus ojos de los rayos UV, estas lentes son ideales para cualquier condici\u00f3n clim\u00e1tica.<\/li>\n<\/ul>\n<p>Actualiza tus gafas con las <strong>lentes de repuesto para Oakley 9289 FROGSKINS HYBRID<\/strong> y experimenta la perfecta combinaci\u00f3n de estilo y tecnolog\u00eda. Ya sea para el uso diario o actividades al aire libre, estas lentes aseguran una calidad \u00f3ptica excepcional.El producto Lentes de repuesto para Oakley 9289 FROGSKINS HYBRID no es un producto original fabricado ni respaldado por Oakley\u00ae, salvo que se especifique lo contrario en la ficha. Sunglass Revivers no est\u00e1 afiliada, asociada ni patrocinada por Oakley\u00ae ni por Luxottica Group.<\/p>\n","protected":false},"excerpt":{"rendered":"<p>Las lentes de repuesto para Oakley 9289 FROGSKINS HYBRID son el complemento ideal para quienes buscan renovar sus gafas favoritas y seguir disfrutando de su estilo y funcionalidad. Dise\u00f1adas con precisi\u00f3n, estas lentes ofrecen una forma redonda que se adapta perfectamente al modelo FROGSKINS HYBRID. Con una altura de 44 mm y un di\u00e1metro de &#8230; <a title=\"Lentes de repuesto para Oakley 9289 FROGSKINS HYBRID\" class=\"read-more\" href=\"https:\/\/sunglassrevivers.com\/es\/product\/lentes-de-repuesto-para-oakley-9289-frogskins-hybrid\/\" aria-label=\"Leer m\u00e1s sobre Lentes de repuesto para Oakley 9289 FROGSKINS HYBRID\">Leer m\u00e1s<\/a><\/p>\n","protected":false},"featured_media":29726,"comment_status":"open","ping_status":"closed","template":"","meta":{"_acf_changed":false},"product_brand":[],"product_cat":[1724,1726],"product_tag":[],"class_list":{"0":"post-29558","1":"product","2":"type-product","3":"status-publish","4":"has-post-thumbnail","6":"product_cat-lentes-de-repuesto","7":"product_cat-lentes-de-repuesto-oakley","8":"sales-flash-overlay","9":"woocommerce-text-align-center","10":"woocommerce-image-align-center","11":"do-quantity-buttons","13":"first","14":"instock","15":"taxable","16":"shipping-taxable","17":"purchasable","18":"product-type-variable","19":"has-default-attributes"},"acf":[],"_links":{"self":[{"href":"https:\/\/sunglassrevivers.com\/es\/wp-json\/wp\/v2\/product\/29558","targetHints":{"allow":["GET"]}}],"collection":[{"href":"https:\/\/sunglassrevivers.com\/es\/wp-json\/wp\/v2\/product"}],"about":[{"href":"https:\/\/sunglassrevivers.com\/es\/wp-json\/wp\/v2\/types\/product"}],"replies":[{"embeddable":true,"href":"https:\/\/sunglassrevivers.com\/es\/wp-json\/wp\/v2\/comments?post=29558"}],"version-history":[{"count":2,"href":"https:\/\/sunglassrevivers.com\/es\/wp-json\/wp\/v2\/product\/29558\/revisions"}],"predecessor-version":[{"id":30421,"href":"https:\/\/sunglassrevivers.com\/es\/wp-json\/wp\/v2\/product\/29558\/revisions\/30421"}],"wp:featuredmedia":[{"embeddable":true,"href":"https:\/\/sunglassrevivers.com\/es\/wp-json\/wp\/v2\/media\/29726"}],"wp:attachment":[{"href":"https:\/\/sunglassrevivers.com\/es\/wp-json\/wp\/v2\/media?parent=29558"}],"wp:term":[{"taxonomy":"product_brand","embeddable":true,"href":"https:\/\/sunglassrevivers.com\/es\/wp-json\/wp\/v2\/product_brand?post=29558"},{"taxonomy":"product_cat","embeddable":true,"href":"https:\/\/sunglassrevivers.com\/es\/wp-json\/wp\/v2\/product_cat?post=29558"},{"taxonomy":"product_tag","embeddable":true,"href":"https:\/\/sunglassrevivers.com\/es\/wp-json\/wp\/v2\/product_tag?post=29558"}],"curies":[{"name":"wp","href":"https:\/\/api.w.org\/{rel}","templated":true}]}}