{"id":29568,"date":"2025-08-18T17:33:02","date_gmt":"2025-08-18T16:33:02","guid":{"rendered":"https:\/\/sunglassrevivers.com\/es\/?post_type=product&#038;p=29568"},"modified":"2025-11-13T13:29:37","modified_gmt":"2025-11-13T12:29:37","slug":"lentes-de-repuesto-para-oakley-9430-actuator-sq","status":"publish","type":"product","link":"https:\/\/sunglassrevivers.com\/es\/product\/lentes-de-repuesto-para-oakley-9430-actuator-sq\/","title":{"rendered":"Lentes de repuesto para Oakley 9430 ACTUATOR SQ"},"content":{"rendered":"<p>Las <strong>lentes de repuesto para Oakley 9430 ACTUATOR SQ<\/strong> ofrecen una nueva vida a tus gafas favoritas. Con un dise\u00f1o rectangular que proporciona una cobertura superior y un ajuste c\u00f3modo, estas lentes est\u00e1n preparadas para aportar el m\u00e1ximo rendimiento. Fabricadas con materiales de alta calidad como TAC y policarbonato, estas lentes garantizan durabilidad y resistencia a los impactos, perfectas para el deporte o uso diario.<\/p>\n<ul>\n<li><strong>Forma:<\/strong> Rectangular<\/li>\n<li><strong>Altura:<\/strong> 46<\/li>\n<li><strong>Di\u00e1metro:<\/strong> 64<\/li>\n<li><strong>Curvatura:<\/strong> Base 4<\/li>\n<\/ul>\n<p>Al elegir las lentes de repuesto para Oakley 9430 ACTUATOR SQ, no solo mejoras el aspecto de tus gafas, sino que tambi\u00e9n potencias la claridad visual y la protecci\u00f3n UV. Son ideales para mantener la visi\u00f3n clara incluso bajo la luz solar intensa. Actualiza tus gafas con estilo y funcionalidad gracias a estas lentes de repuesto para Oakley 9430 ACTUATOR SQ.El producto Lentes de repuesto para Oakley 9430 ACTUATOR SQ no es un producto original fabricado ni respaldado por Oakley\u00ae, salvo que se especifique lo contrario en la ficha. Sunglass Revivers no est\u00e1 afiliada, asociada ni patrocinada por Oakley\u00ae ni por Luxottica Group.<\/p>\n","protected":false},"excerpt":{"rendered":"<p>Las lentes de repuesto para Oakley 9430 ACTUATOR SQ ofrecen una nueva vida a tus gafas favoritas. Con un dise\u00f1o rectangular que proporciona una cobertura superior y un ajuste c\u00f3modo, estas lentes est\u00e1n preparadas para aportar el m\u00e1ximo rendimiento. Fabricadas con materiales de alta calidad como TAC y policarbonato, estas lentes garantizan durabilidad y resistencia &#8230; <a title=\"Lentes de repuesto para Oakley 9430 ACTUATOR SQ\" class=\"read-more\" href=\"https:\/\/sunglassrevivers.com\/es\/product\/lentes-de-repuesto-para-oakley-9430-actuator-sq\/\" aria-label=\"Leer m\u00e1s sobre Lentes de repuesto para Oakley 9430 ACTUATOR SQ\">Leer m\u00e1s<\/a><\/p>\n","protected":false},"featured_media":29717,"comment_status":"open","ping_status":"closed","template":"","meta":{"_acf_changed":false},"product_brand":[],"product_cat":[1724,1726],"product_tag":[],"class_list":{"0":"post-29568","1":"product","2":"type-product","3":"status-publish","4":"has-post-thumbnail","6":"product_cat-lentes-de-repuesto","7":"product_cat-lentes-de-repuesto-oakley","8":"sales-flash-overlay","9":"woocommerce-text-align-center","10":"woocommerce-image-align-center","11":"do-quantity-buttons","13":"first","14":"instock","15":"taxable","16":"shipping-taxable","17":"purchasable","18":"product-type-variable","19":"has-default-attributes"},"acf":[],"_links":{"self":[{"href":"https:\/\/sunglassrevivers.com\/es\/wp-json\/wp\/v2\/product\/29568","targetHints":{"allow":["GET"]}}],"collection":[{"href":"https:\/\/sunglassrevivers.com\/es\/wp-json\/wp\/v2\/product"}],"about":[{"href":"https:\/\/sunglassrevivers.com\/es\/wp-json\/wp\/v2\/types\/product"}],"replies":[{"embeddable":true,"href":"https:\/\/sunglassrevivers.com\/es\/wp-json\/wp\/v2\/comments?post=29568"}],"version-history":[{"count":2,"href":"https:\/\/sunglassrevivers.com\/es\/wp-json\/wp\/v2\/product\/29568\/revisions"}],"predecessor-version":[{"id":30426,"href":"https:\/\/sunglassrevivers.com\/es\/wp-json\/wp\/v2\/product\/29568\/revisions\/30426"}],"wp:featuredmedia":[{"embeddable":true,"href":"https:\/\/sunglassrevivers.com\/es\/wp-json\/wp\/v2\/media\/29717"}],"wp:attachment":[{"href":"https:\/\/sunglassrevivers.com\/es\/wp-json\/wp\/v2\/media?parent=29568"}],"wp:term":[{"taxonomy":"product_brand","embeddable":true,"href":"https:\/\/sunglassrevivers.com\/es\/wp-json\/wp\/v2\/product_brand?post=29568"},{"taxonomy":"product_cat","embeddable":true,"href":"https:\/\/sunglassrevivers.com\/es\/wp-json\/wp\/v2\/product_cat?post=29568"},{"taxonomy":"product_tag","embeddable":true,"href":"https:\/\/sunglassrevivers.com\/es\/wp-json\/wp\/v2\/product_tag?post=29568"}],"curies":[{"name":"wp","href":"https:\/\/api.w.org\/{rel}","templated":true}]}}