{"id":29580,"date":"2025-08-18T17:39:26","date_gmt":"2025-08-18T16:39:26","guid":{"rendered":"https:\/\/sunglassrevivers.com\/es\/?post_type=product&#038;p=29580"},"modified":"2025-11-13T13:29:37","modified_gmt":"2025-11-13T12:29:37","slug":"lentes-de-repuesto-para-oakley-9448-sylas","status":"publish","type":"product","link":"https:\/\/sunglassrevivers.com\/es\/product\/lentes-de-repuesto-para-oakley-9448-sylas\/","title":{"rendered":"Lentes de repuesto para Oakley 9448 SYLAS"},"content":{"rendered":"<p>Las <strong>Lentes de repuesto para Oakley 9448 SYLAS<\/strong> est\u00e1n dise\u00f1adas para ofrecer la m\u00e1xima claridad \u00f3ptica y durabilidad. Estas lentes no solo mejoran el rendimiento de tus gafas, sino que tambi\u00e9n revitalizan tu estilo con su dise\u00f1o rectangular moderno y sofisticado.<\/p>\n<p><strong>Caracter\u00edsticas principales:<\/strong><\/p>\n<ul>\n<li>Modelo: 9448- SYLAS.<\/li>\n<li>Forma: Rectangular, ideal para un ajuste perfecto y un look audaz.<\/li>\n<li>Material: TAC de alta calidad y policarbonato, proporcionando resistencia y protecci\u00f3n contra impactos.<\/li>\n<li>Curvatura: Base 6, ofreciendo una experiencia de uso c\u00f3moda y adaptable.<\/li>\n<li>Dimensiones: Altura de 42 y di\u00e1metro de 63, asegurando un excelente campo de visi\u00f3n.<\/li>\n<\/ul>\n<p>Estas <strong>Lentes de repuesto para Oakley 9448 SYLAS<\/strong> son la elecci\u00f3n perfecta para aquellos que buscan alto rendimiento y comodidad. Con un dise\u00f1o pensado para la vida deportiva y urbana, ofrecen una protecci\u00f3n ocular excepcional.<\/p>\n<p>Revitaliza tus gafas Oakley con las <strong>Lentes de repuesto para Oakley 9448 SYLAS<\/strong> y experimenta la combinaci\u00f3n perfecta de tecnolog\u00eda y dise\u00f1o que solo Oakley puede ofrecer.El producto Lentes de repuesto para Oakley 9448 SYLAS no es un producto original fabricado ni respaldado por Oakley\u00ae, salvo que se especifique lo contrario en la ficha. Sunglass Revivers no est\u00e1 afiliada, asociada ni patrocinada por Oakley\u00ae ni por Luxottica Group.<\/p>\n","protected":false},"excerpt":{"rendered":"<p>Las Lentes de repuesto para Oakley 9448 SYLAS est\u00e1n dise\u00f1adas para ofrecer la m\u00e1xima claridad \u00f3ptica y durabilidad. Estas lentes no solo mejoran el rendimiento de tus gafas, sino que tambi\u00e9n revitalizan tu estilo con su dise\u00f1o rectangular moderno y sofisticado. Caracter\u00edsticas principales: Modelo: 9448- SYLAS. Forma: Rectangular, ideal para un ajuste perfecto y un &#8230; <a title=\"Lentes de repuesto para Oakley 9448 SYLAS\" class=\"read-more\" href=\"https:\/\/sunglassrevivers.com\/es\/product\/lentes-de-repuesto-para-oakley-9448-sylas\/\" aria-label=\"Leer m\u00e1s sobre Lentes de repuesto para Oakley 9448 SYLAS\">Leer m\u00e1s<\/a><\/p>\n","protected":false},"featured_media":29770,"comment_status":"open","ping_status":"closed","template":"","meta":{"_acf_changed":false},"product_brand":[],"product_cat":[1724,1726],"product_tag":[],"class_list":{"0":"post-29580","1":"product","2":"type-product","3":"status-publish","4":"has-post-thumbnail","6":"product_cat-lentes-de-repuesto","7":"product_cat-lentes-de-repuesto-oakley","8":"sales-flash-overlay","9":"woocommerce-text-align-center","10":"woocommerce-image-align-center","11":"do-quantity-buttons","13":"first","14":"instock","15":"taxable","16":"shipping-taxable","17":"purchasable","18":"product-type-variable","19":"has-default-attributes"},"acf":[],"_links":{"self":[{"href":"https:\/\/sunglassrevivers.com\/es\/wp-json\/wp\/v2\/product\/29580","targetHints":{"allow":["GET"]}}],"collection":[{"href":"https:\/\/sunglassrevivers.com\/es\/wp-json\/wp\/v2\/product"}],"about":[{"href":"https:\/\/sunglassrevivers.com\/es\/wp-json\/wp\/v2\/types\/product"}],"replies":[{"embeddable":true,"href":"https:\/\/sunglassrevivers.com\/es\/wp-json\/wp\/v2\/comments?post=29580"}],"version-history":[{"count":2,"href":"https:\/\/sunglassrevivers.com\/es\/wp-json\/wp\/v2\/product\/29580\/revisions"}],"predecessor-version":[{"id":30432,"href":"https:\/\/sunglassrevivers.com\/es\/wp-json\/wp\/v2\/product\/29580\/revisions\/30432"}],"wp:featuredmedia":[{"embeddable":true,"href":"https:\/\/sunglassrevivers.com\/es\/wp-json\/wp\/v2\/media\/29770"}],"wp:attachment":[{"href":"https:\/\/sunglassrevivers.com\/es\/wp-json\/wp\/v2\/media?parent=29580"}],"wp:term":[{"taxonomy":"product_brand","embeddable":true,"href":"https:\/\/sunglassrevivers.com\/es\/wp-json\/wp\/v2\/product_brand?post=29580"},{"taxonomy":"product_cat","embeddable":true,"href":"https:\/\/sunglassrevivers.com\/es\/wp-json\/wp\/v2\/product_cat?post=29580"},{"taxonomy":"product_tag","embeddable":true,"href":"https:\/\/sunglassrevivers.com\/es\/wp-json\/wp\/v2\/product_tag?post=29580"}],"curies":[{"name":"wp","href":"https:\/\/api.w.org\/{rel}","templated":true}]}}