{"id":29586,"date":"2025-08-18T17:42:47","date_gmt":"2025-08-18T16:42:47","guid":{"rendered":"https:\/\/sunglassrevivers.com\/es\/?post_type=product&#038;p=29586"},"modified":"2025-11-13T13:29:38","modified_gmt":"2025-11-13T12:29:38","slug":"lentes-de-repuesto-para-oakley-4124-gauge-8","status":"publish","type":"product","link":"https:\/\/sunglassrevivers.com\/es\/product\/lentes-de-repuesto-para-oakley-4124-gauge-8\/","title":{"rendered":"Lentes de repuesto para Oakley 4124 GAUGE 8"},"content":{"rendered":"<p>Descubre la mejor manera de revitalizar tus gafas con los <strong>Lentes de repuesto para Oakley 4124 GAUGE 8<\/strong>. Fabricados para brindar una visi\u00f3n clara y una protecci\u00f3n excepcional, estos lentes son la elecci\u00f3n ideal para quienes buscan la combinaci\u00f3n perfecta de estilo y funcionalidad.<\/p>\n<p>Las caracter\u00edsticas destacadas de estos lentes incluyen:<\/p>\n<ul>\n<li><strong>Modelo 4124- GAUGE 8<\/strong>: Dise\u00f1ados espec\u00edficamente para este modelo, garantizan un ajuste perfecto.<\/li>\n<li><strong>Forma rectangular<\/strong>: Proporciona una cobertura completa, ideal para un look moderno y elegante.<\/li>\n<li><strong>Altura de 42 mm y di\u00e1metro de 63 mm<\/strong>: Dimensiones precisas para una experiencia visual mejorada.<\/li>\n<li><strong>Curvatura Base 8<\/strong>: Ofrece una visi\u00f3n panor\u00e1mica y envolvente.<\/li>\n<li><strong>Materiales de alta calidad<\/strong>: Disponibles en TAC y policarbonato, asegurando durabilidad y resistencia a impactos.<\/li>\n<\/ul>\n<p>Con los <strong>Lentes de repuesto para Oakley 4124 GAUGE 8<\/strong>, no solo restaurar\u00e1s la funcionalidad de tus gafas, sino que tambi\u00e9n potenciar\u00e1s su rendimiento \u00f3ptico. Perfectos para deportes o uso diario, estos lentes son el aliado que necesitas para protegerte del sol y disfrutar de la claridad visual en todo momento.El producto Lentes de repuesto para Oakley 4124 GAUGE 8 no es un producto original fabricado ni respaldado por Oakley\u00ae, salvo que se especifique lo contrario en la ficha. Sunglass Revivers no est\u00e1 afiliada, asociada ni patrocinada por Oakley\u00ae ni por Luxottica Group.<\/p>\n","protected":false},"excerpt":{"rendered":"<p>Descubre la mejor manera de revitalizar tus gafas con los Lentes de repuesto para Oakley 4124 GAUGE 8. Fabricados para brindar una visi\u00f3n clara y una protecci\u00f3n excepcional, estos lentes son la elecci\u00f3n ideal para quienes buscan la combinaci\u00f3n perfecta de estilo y funcionalidad. Las caracter\u00edsticas destacadas de estos lentes incluyen: Modelo 4124- GAUGE 8: &#8230; <a title=\"Lentes de repuesto para Oakley 4124 GAUGE 8\" class=\"read-more\" href=\"https:\/\/sunglassrevivers.com\/es\/product\/lentes-de-repuesto-para-oakley-4124-gauge-8\/\" aria-label=\"Leer m\u00e1s sobre Lentes de repuesto para Oakley 4124 GAUGE 8\">Leer m\u00e1s<\/a><\/p>\n","protected":false},"featured_media":29750,"comment_status":"open","ping_status":"closed","template":"","meta":{"_acf_changed":false},"product_brand":[],"product_cat":[1724,1726],"product_tag":[],"class_list":{"0":"post-29586","1":"product","2":"type-product","3":"status-publish","4":"has-post-thumbnail","6":"product_cat-lentes-de-repuesto","7":"product_cat-lentes-de-repuesto-oakley","8":"sales-flash-overlay","9":"woocommerce-text-align-center","10":"woocommerce-image-align-center","11":"do-quantity-buttons","13":"first","14":"instock","15":"taxable","16":"shipping-taxable","17":"purchasable","18":"product-type-variable"},"acf":[],"_links":{"self":[{"href":"https:\/\/sunglassrevivers.com\/es\/wp-json\/wp\/v2\/product\/29586","targetHints":{"allow":["GET"]}}],"collection":[{"href":"https:\/\/sunglassrevivers.com\/es\/wp-json\/wp\/v2\/product"}],"about":[{"href":"https:\/\/sunglassrevivers.com\/es\/wp-json\/wp\/v2\/types\/product"}],"replies":[{"embeddable":true,"href":"https:\/\/sunglassrevivers.com\/es\/wp-json\/wp\/v2\/comments?post=29586"}],"version-history":[{"count":2,"href":"https:\/\/sunglassrevivers.com\/es\/wp-json\/wp\/v2\/product\/29586\/revisions"}],"predecessor-version":[{"id":30435,"href":"https:\/\/sunglassrevivers.com\/es\/wp-json\/wp\/v2\/product\/29586\/revisions\/30435"}],"wp:featuredmedia":[{"embeddable":true,"href":"https:\/\/sunglassrevivers.com\/es\/wp-json\/wp\/v2\/media\/29750"}],"wp:attachment":[{"href":"https:\/\/sunglassrevivers.com\/es\/wp-json\/wp\/v2\/media?parent=29586"}],"wp:term":[{"taxonomy":"product_brand","embeddable":true,"href":"https:\/\/sunglassrevivers.com\/es\/wp-json\/wp\/v2\/product_brand?post=29586"},{"taxonomy":"product_cat","embeddable":true,"href":"https:\/\/sunglassrevivers.com\/es\/wp-json\/wp\/v2\/product_cat?post=29586"},{"taxonomy":"product_tag","embeddable":true,"href":"https:\/\/sunglassrevivers.com\/es\/wp-json\/wp\/v2\/product_tag?post=29586"}],"curies":[{"name":"wp","href":"https:\/\/api.w.org\/{rel}","templated":true}]}}