{"id":29646,"date":"2025-08-19T09:05:13","date_gmt":"2025-08-19T08:05:13","guid":{"rendered":"https:\/\/sunglassrevivers.com\/es\/?post_type=product&#038;p=29646"},"modified":"2025-11-13T13:29:41","modified_gmt":"2025-11-13T12:29:41","slug":"lentes-de-repuesto-para-oakley-9451-apparition","status":"publish","type":"product","link":"https:\/\/sunglassrevivers.com\/es\/product\/lentes-de-repuesto-para-oakley-9451-apparition\/","title":{"rendered":"Lentes de repuesto para Oakley 9451 APPARITION"},"content":{"rendered":"<p>Los <strong>lentes de repuesto para Oakley 9451 APPARITION<\/strong> son indispensables para aquellos que buscan mantener la funcionalidad y estilo de sus gafas Oakley favoritas. Estos lentes, con una forma cuadrada moderna, no solo mejoran tu visi\u00f3n, sino que tambi\u00e9n ofrecen una protecci\u00f3n excepcional. Con una altura de 45 mm y un di\u00e1metro de 60 mm, se adaptan perfectamente, proporcionando una cobertura completa de tus ojos.<\/p>\n<p>Fabricados con materiales de alta calidad como TAC y policarbonato, los <strong>lentes de repuesto para Oakley 9451 APPARITION<\/strong> son extremadamente duraderos y resistentes a los impactos, asegurando una larga vida \u00fatil. Su curvatura de base 4 proporciona un ajuste c\u00f3modo y un campo de visi\u00f3n optimizado, ideal para actividades diarias y deportes al aire libre.<\/p>\n<ul>\n<li><strong>Durabilidad:<\/strong> Hechos para durar, estos lentes son la elecci\u00f3n perfecta para los aventureros.<\/li>\n<li><strong>Claridad \u00f3ptica:<\/strong> Disfruta de una visi\u00f3n clara y n\u00edtida en todo momento.<\/li>\n<li><strong>Protecci\u00f3n UV:<\/strong> Protecci\u00f3n total contra los rayos solares da\u00f1inos.<\/li>\n<\/ul>\n<p>No esperes m\u00e1s para cambiar los <strong>lentes de repuesto para Oakley 9451 APPARITION<\/strong> y redescubrir la mejor experiencia visual con tus gafas Oakley.El producto Lentes de repuesto para Oakley 9451 APPARITION no es un producto original fabricado ni respaldado por Oakley\u00ae, salvo que se especifique lo contrario en la ficha. Sunglass Revivers no est\u00e1 afiliada, asociada ni patrocinada por Oakley\u00ae ni por Luxottica Group.<\/p>\n","protected":false},"excerpt":{"rendered":"<p>Los lentes de repuesto para Oakley 9451 APPARITION son indispensables para aquellos que buscan mantener la funcionalidad y estilo de sus gafas Oakley favoritas. Estos lentes, con una forma cuadrada moderna, no solo mejoran tu visi\u00f3n, sino que tambi\u00e9n ofrecen una protecci\u00f3n excepcional. Con una altura de 45 mm y un di\u00e1metro de 60 mm, &#8230; <a title=\"Lentes de repuesto para Oakley 9451 APPARITION\" class=\"read-more\" href=\"https:\/\/sunglassrevivers.com\/es\/product\/lentes-de-repuesto-para-oakley-9451-apparition\/\" aria-label=\"Leer m\u00e1s sobre Lentes de repuesto para Oakley 9451 APPARITION\">Leer m\u00e1s<\/a><\/p>\n","protected":false},"featured_media":29743,"comment_status":"open","ping_status":"closed","template":"","meta":{"_acf_changed":false},"product_brand":[],"product_cat":[1724,1726],"product_tag":[],"class_list":{"0":"post-29646","1":"product","2":"type-product","3":"status-publish","4":"has-post-thumbnail","6":"product_cat-lentes-de-repuesto","7":"product_cat-lentes-de-repuesto-oakley","8":"sales-flash-overlay","9":"woocommerce-text-align-center","10":"woocommerce-image-align-center","11":"do-quantity-buttons","13":"first","14":"instock","15":"taxable","16":"shipping-taxable","17":"purchasable","18":"product-type-variable","19":"has-default-attributes"},"acf":[],"_links":{"self":[{"href":"https:\/\/sunglassrevivers.com\/es\/wp-json\/wp\/v2\/product\/29646","targetHints":{"allow":["GET"]}}],"collection":[{"href":"https:\/\/sunglassrevivers.com\/es\/wp-json\/wp\/v2\/product"}],"about":[{"href":"https:\/\/sunglassrevivers.com\/es\/wp-json\/wp\/v2\/types\/product"}],"replies":[{"embeddable":true,"href":"https:\/\/sunglassrevivers.com\/es\/wp-json\/wp\/v2\/comments?post=29646"}],"version-history":[{"count":2,"href":"https:\/\/sunglassrevivers.com\/es\/wp-json\/wp\/v2\/product\/29646\/revisions"}],"predecessor-version":[{"id":30465,"href":"https:\/\/sunglassrevivers.com\/es\/wp-json\/wp\/v2\/product\/29646\/revisions\/30465"}],"wp:featuredmedia":[{"embeddable":true,"href":"https:\/\/sunglassrevivers.com\/es\/wp-json\/wp\/v2\/media\/29743"}],"wp:attachment":[{"href":"https:\/\/sunglassrevivers.com\/es\/wp-json\/wp\/v2\/media?parent=29646"}],"wp:term":[{"taxonomy":"product_brand","embeddable":true,"href":"https:\/\/sunglassrevivers.com\/es\/wp-json\/wp\/v2\/product_brand?post=29646"},{"taxonomy":"product_cat","embeddable":true,"href":"https:\/\/sunglassrevivers.com\/es\/wp-json\/wp\/v2\/product_cat?post=29646"},{"taxonomy":"product_tag","embeddable":true,"href":"https:\/\/sunglassrevivers.com\/es\/wp-json\/wp\/v2\/product_tag?post=29646"}],"curies":[{"name":"wp","href":"https:\/\/api.w.org\/{rel}","templated":true}]}}