{"id":30008,"date":"2025-09-03T17:09:09","date_gmt":"2025-09-03T16:09:09","guid":{"rendered":"https:\/\/sunglassrevivers.com\/es\/?post_type=product&#038;p=30008"},"modified":"2025-11-13T13:29:41","modified_gmt":"2025-11-13T12:29:41","slug":"lentes-de-repuesto-para-oakley-9253-si-ballistic-det-cord","status":"publish","type":"product","link":"https:\/\/sunglassrevivers.com\/es\/product\/lentes-de-repuesto-para-oakley-9253-si-ballistic-det-cord\/","title":{"rendered":"Lentes de repuesto para Oakley 9253 SI Ballistic Det Cord"},"content":{"rendered":"<p>Los <strong>lentes de repuesto para Oakley 9253 SI Ballistic Det Cord<\/strong> ofrecen una combinaci\u00f3n perfecta de estilo y funcionalidad. Dise\u00f1ados espec\u00edficamente para asegurar una protecci\u00f3n \u00f3ptima, estos lentes son ideales para aquellos que exigen lo mejor en calidad visual.<\/p>\n<p>Con una <strong>forma rectangular<\/strong>, estos lentes no solo mejoran el rendimiento, sino que tambi\u00e9n proporcionan un ajuste perfecto a las gafas Oakley 9253 SI Ballistic Det Cord. La <strong>altura de 41 mm<\/strong> y el <strong>di\u00e1metro de 67 mm<\/strong> garantizan una cobertura excepcional.<\/p>\n<ul>\n<li><strong>Resistencia y claridad:<\/strong> Fabricados con materiales de alta calidad como el <strong>TAC<\/strong> y el <strong>Policarbonato<\/strong>, estos lentes son resistentes a impactos sin sacrificar la claridad visual.<\/li>\n<li><strong>Curvatura Toric:<\/strong> La curvatura toric proporciona una experiencia visual envolvente y n\u00edtida, reduciendo el estr\u00e9s ocular.<\/li>\n<li><strong>Rendimiento inigualable:<\/strong> Ya sea bajo el sol o en ambientes exigentes, los lentes de repuesto para Oakley 9253 SI Ballistic Det Cord aseguran una visi\u00f3n sin igual.<\/li>\n<\/ul>\n<p>Con estos lentes, puedes confiar en un rendimiento superior en cualquier circunstancia. Perfectos para el uso diario o profesionales que buscan durabilidad y estilo. No solo est\u00e1s adquiriendo un producto, sino una extensi\u00f3n de la calidad Oakley.El producto Lentes de repuesto para Oakley 9253 SI Ballistic Det Cord no es un producto original fabricado ni respaldado por Oakley\u00ae, salvo que se especifique lo contrario en la ficha. Sunglass Revivers no est\u00e1 afiliada, asociada ni patrocinada por Oakley\u00ae ni por Luxottica Group.<\/p>\n","protected":false},"excerpt":{"rendered":"<p>Los lentes de repuesto para Oakley 9253 SI Ballistic Det Cord ofrecen una combinaci\u00f3n perfecta de estilo y funcionalidad. Dise\u00f1ados espec\u00edficamente para asegurar una protecci\u00f3n \u00f3ptima, estos lentes son ideales para aquellos que exigen lo mejor en calidad visual. Con una forma rectangular, estos lentes no solo mejoran el rendimiento, sino que tambi\u00e9n proporcionan un &#8230; <a title=\"Lentes de repuesto para Oakley 9253 SI Ballistic Det Cord\" class=\"read-more\" href=\"https:\/\/sunglassrevivers.com\/es\/product\/lentes-de-repuesto-para-oakley-9253-si-ballistic-det-cord\/\" aria-label=\"Leer m\u00e1s sobre Lentes de repuesto para Oakley 9253 SI Ballistic Det Cord\">Leer m\u00e1s<\/a><\/p>\n","protected":false},"featured_media":30066,"comment_status":"open","ping_status":"closed","template":"","meta":{"_acf_changed":false},"product_brand":[],"product_cat":[1724,1726],"product_tag":[],"class_list":{"0":"post-30008","1":"product","2":"type-product","3":"status-publish","4":"has-post-thumbnail","6":"product_cat-lentes-de-repuesto","7":"product_cat-lentes-de-repuesto-oakley","8":"sales-flash-overlay","9":"woocommerce-text-align-center","10":"woocommerce-image-align-center","11":"do-quantity-buttons","13":"first","14":"instock","15":"taxable","16":"shipping-taxable","17":"purchasable","18":"product-type-variable","19":"has-default-attributes"},"acf":[],"_links":{"self":[{"href":"https:\/\/sunglassrevivers.com\/es\/wp-json\/wp\/v2\/product\/30008","targetHints":{"allow":["GET"]}}],"collection":[{"href":"https:\/\/sunglassrevivers.com\/es\/wp-json\/wp\/v2\/product"}],"about":[{"href":"https:\/\/sunglassrevivers.com\/es\/wp-json\/wp\/v2\/types\/product"}],"replies":[{"embeddable":true,"href":"https:\/\/sunglassrevivers.com\/es\/wp-json\/wp\/v2\/comments?post=30008"}],"version-history":[{"count":2,"href":"https:\/\/sunglassrevivers.com\/es\/wp-json\/wp\/v2\/product\/30008\/revisions"}],"predecessor-version":[{"id":30472,"href":"https:\/\/sunglassrevivers.com\/es\/wp-json\/wp\/v2\/product\/30008\/revisions\/30472"}],"wp:featuredmedia":[{"embeddable":true,"href":"https:\/\/sunglassrevivers.com\/es\/wp-json\/wp\/v2\/media\/30066"}],"wp:attachment":[{"href":"https:\/\/sunglassrevivers.com\/es\/wp-json\/wp\/v2\/media?parent=30008"}],"wp:term":[{"taxonomy":"product_brand","embeddable":true,"href":"https:\/\/sunglassrevivers.com\/es\/wp-json\/wp\/v2\/product_brand?post=30008"},{"taxonomy":"product_cat","embeddable":true,"href":"https:\/\/sunglassrevivers.com\/es\/wp-json\/wp\/v2\/product_cat?post=30008"},{"taxonomy":"product_tag","embeddable":true,"href":"https:\/\/sunglassrevivers.com\/es\/wp-json\/wp\/v2\/product_tag?post=30008"}],"curies":[{"name":"wp","href":"https:\/\/api.w.org\/{rel}","templated":true}]}}