{"id":30010,"date":"2025-09-03T17:10:11","date_gmt":"2025-09-03T16:10:11","guid":{"rendered":"https:\/\/sunglassrevivers.com\/es\/?post_type=product&#038;p=30010"},"modified":"2025-11-13T13:29:42","modified_gmt":"2025-11-13T12:29:42","slug":"lentes-de-repuesto-para-oakley-4011-juliet","status":"publish","type":"product","link":"https:\/\/sunglassrevivers.com\/es\/product\/lentes-de-repuesto-para-oakley-4011-juliet\/","title":{"rendered":"Lentes de repuesto para Oakley 4011 JULIET"},"content":{"rendered":"<p>Revitaliza tus gafas con los <strong>Lentes de repuesto para Oakley 4011 JULIET<\/strong>. Dise\u00f1ados para aquellos que no solo quieren mejorar su experiencia visual, sino tambi\u00e9n mantener su estilo ic\u00f3nico, estos lentes son la soluci\u00f3n perfecta. Elaborados con materiales de alta calidad como el <strong>TAC<\/strong> y el <strong>Policarbonato<\/strong>, ofrecen una resistencia superior y claridad sin igual.<\/p>\n<p>Su forma rectangular cl\u00e1sica y dimensiones precisas proporcionan un ajuste perfecto. Con una altura de 33 mm y un di\u00e1metro de 58 mm, estos lentes no solo garantizan comodidad, sino tambi\u00e9n un campo visual optimizado. Adem\u00e1s, cuentan con una curvatura de base 8.75, que se adapta perfectamente al contorno de tus gafas para un ajuste seguro.<\/p>\n<p>Optar por los <strong>Lentes de repuesto para Oakley 4011 JULIET<\/strong> no es solo una decisi\u00f3n pr\u00e1ctica, sino tambi\u00e9n un statement de moda. Aumenta la durabilidad de tus gafas y experimenta la emoci\u00f3n de ver el mundo con colores vivos y detalles n\u00edtidos, todo mientras mantiene el estilo elegante que solo Oakley puede ofrecer.<\/p>\n<ul>\n<li>Compatibles con el modelo: 4011 JULIET<\/li>\n<li>Forma: Rectangular<\/li>\n<li>Protecci\u00f3n avanzada contra impacto y rasgu\u00f1os<\/li>\n<\/ul>\n<p>El producto Lentes de repuesto para Oakley 4011 JULIET no es un producto original fabricado ni respaldado por Oakley\u00ae, salvo que se especifique lo contrario en la ficha. Sunglass Revivers no est\u00e1 afiliada, asociada ni patrocinada por Oakley\u00ae ni por Luxottica Group.<\/p>\n","protected":false},"excerpt":{"rendered":"<p>Revitaliza tus gafas con los Lentes de repuesto para Oakley 4011 JULIET. Dise\u00f1ados para aquellos que no solo quieren mejorar su experiencia visual, sino tambi\u00e9n mantener su estilo ic\u00f3nico, estos lentes son la soluci\u00f3n perfecta. Elaborados con materiales de alta calidad como el TAC y el Policarbonato, ofrecen una resistencia superior y claridad sin igual. &#8230; <a title=\"Lentes de repuesto para Oakley 4011 JULIET\" class=\"read-more\" href=\"https:\/\/sunglassrevivers.com\/es\/product\/lentes-de-repuesto-para-oakley-4011-juliet\/\" aria-label=\"Leer m\u00e1s sobre Lentes de repuesto para Oakley 4011 JULIET\">Leer m\u00e1s<\/a><\/p>\n","protected":false},"featured_media":30098,"comment_status":"open","ping_status":"closed","template":"","meta":{"_acf_changed":false},"product_brand":[],"product_cat":[1724,1726],"product_tag":[],"class_list":{"0":"post-30010","1":"product","2":"type-product","3":"status-publish","4":"has-post-thumbnail","6":"product_cat-lentes-de-repuesto","7":"product_cat-lentes-de-repuesto-oakley","8":"sales-flash-overlay","9":"woocommerce-text-align-center","10":"woocommerce-image-align-center","11":"do-quantity-buttons","13":"first","14":"instock","15":"taxable","16":"shipping-taxable","17":"purchasable","18":"product-type-variable"},"acf":[],"_links":{"self":[{"href":"https:\/\/sunglassrevivers.com\/es\/wp-json\/wp\/v2\/product\/30010","targetHints":{"allow":["GET"]}}],"collection":[{"href":"https:\/\/sunglassrevivers.com\/es\/wp-json\/wp\/v2\/product"}],"about":[{"href":"https:\/\/sunglassrevivers.com\/es\/wp-json\/wp\/v2\/types\/product"}],"replies":[{"embeddable":true,"href":"https:\/\/sunglassrevivers.com\/es\/wp-json\/wp\/v2\/comments?post=30010"}],"version-history":[{"count":2,"href":"https:\/\/sunglassrevivers.com\/es\/wp-json\/wp\/v2\/product\/30010\/revisions"}],"predecessor-version":[{"id":30473,"href":"https:\/\/sunglassrevivers.com\/es\/wp-json\/wp\/v2\/product\/30010\/revisions\/30473"}],"wp:featuredmedia":[{"embeddable":true,"href":"https:\/\/sunglassrevivers.com\/es\/wp-json\/wp\/v2\/media\/30098"}],"wp:attachment":[{"href":"https:\/\/sunglassrevivers.com\/es\/wp-json\/wp\/v2\/media?parent=30010"}],"wp:term":[{"taxonomy":"product_brand","embeddable":true,"href":"https:\/\/sunglassrevivers.com\/es\/wp-json\/wp\/v2\/product_brand?post=30010"},{"taxonomy":"product_cat","embeddable":true,"href":"https:\/\/sunglassrevivers.com\/es\/wp-json\/wp\/v2\/product_cat?post=30010"},{"taxonomy":"product_tag","embeddable":true,"href":"https:\/\/sunglassrevivers.com\/es\/wp-json\/wp\/v2\/product_tag?post=30010"}],"curies":[{"name":"wp","href":"https:\/\/api.w.org\/{rel}","templated":true}]}}