{"id":30014,"date":"2025-09-03T17:17:57","date_gmt":"2025-09-03T16:17:57","guid":{"rendered":"https:\/\/sunglassrevivers.com\/es\/?post_type=product&#038;p=30014"},"modified":"2025-11-13T13:29:42","modified_gmt":"2025-11-13T12:29:42","slug":"lentes-de-repuesto-para-oakley-9165-crank-case","status":"publish","type":"product","link":"https:\/\/sunglassrevivers.com\/es\/product\/lentes-de-repuesto-para-oakley-9165-crank-case\/","title":{"rendered":"Lentes de repuesto para Oakley 9165 CRANK CASE"},"content":{"rendered":"<p>Descubre la manera perfecta de mantener tus <strong>gafas Oakley 9165 CRANK CASE<\/strong> siempre en \u00f3ptimas condiciones con nuestros <strong>lentes de repuesto para Oakley 9165 CRANK CASE<\/strong>. Dise\u00f1ados meticulosamente para adaptarse a tu estilo de vida activo, estos lentes no solo restaurar\u00e1n la visi\u00f3n clara que tanto aprecias, sino que tambi\u00e9n ofrecer\u00e1n una protecci\u00f3n y durabilidad excepcionales.<\/p>\n<ul>\n<li><strong>Adaptabilidad perfecta<\/strong>: Cada par de <strong>lentes de repuesto para Oakley 9165 CRANK CASE<\/strong> est\u00e1 dise\u00f1ado para encajar perfectamente, ofreciendo una actualizaci\u00f3n instant\u00e1nea a tus gafas favoritas.<\/li>\n<li><strong>Calidad superior<\/strong>: Fabricados en materiales avanzados como TAC y policarbonato, ofrecen una resistencia superior a impactos y ara\u00f1azos.<\/li>\n<li><strong>Protecci\u00f3n UV<\/strong>: Con una curvatura toroidal espec\u00edficamente dise\u00f1ada para maximizar la protecci\u00f3n contra da\u00f1os UV, tus ojos estar\u00e1n siempre seguros bajo el sol.<\/li>\n<\/ul>\n<p>Con nuestras opciones de <strong>lentes de repuesto para Oakley 9165 CRANK CASE<\/strong>, garantiza una experiencia de visualizaci\u00f3n n\u00edtida en todo momento. \u00a1Revitaliza tus gafas y disfruta de cada jornada con la seguridad y estilo que solo Oakley puede ofrecer!El producto Lentes de repuesto para Oakley 9165 CRANK CASE no es un producto original fabricado ni respaldado por Oakley\u00ae, salvo que se especifique lo contrario en la ficha. Sunglass Revivers no est\u00e1 afiliada, asociada ni patrocinada por Oakley\u00ae ni por Luxottica Group.<\/p>\n","protected":false},"excerpt":{"rendered":"<p>Descubre la manera perfecta de mantener tus gafas Oakley 9165 CRANK CASE siempre en \u00f3ptimas condiciones con nuestros lentes de repuesto para Oakley 9165 CRANK CASE. Dise\u00f1ados meticulosamente para adaptarse a tu estilo de vida activo, estos lentes no solo restaurar\u00e1n la visi\u00f3n clara que tanto aprecias, sino que tambi\u00e9n ofrecer\u00e1n una protecci\u00f3n y durabilidad &#8230; <a title=\"Lentes de repuesto para Oakley 9165 CRANK CASE\" class=\"read-more\" href=\"https:\/\/sunglassrevivers.com\/es\/product\/lentes-de-repuesto-para-oakley-9165-crank-case\/\" aria-label=\"Leer m\u00e1s sobre Lentes de repuesto para Oakley 9165 CRANK CASE\">Leer m\u00e1s<\/a><\/p>\n","protected":false},"featured_media":30068,"comment_status":"open","ping_status":"closed","template":"","meta":{"_acf_changed":false},"product_brand":[],"product_cat":[1724,1726],"product_tag":[],"class_list":{"0":"post-30014","1":"product","2":"type-product","3":"status-publish","4":"has-post-thumbnail","6":"product_cat-lentes-de-repuesto","7":"product_cat-lentes-de-repuesto-oakley","8":"sales-flash-overlay","9":"woocommerce-text-align-center","10":"woocommerce-image-align-center","11":"do-quantity-buttons","13":"first","14":"instock","15":"taxable","16":"shipping-taxable","17":"purchasable","18":"product-type-variable","19":"has-default-attributes"},"acf":[],"_links":{"self":[{"href":"https:\/\/sunglassrevivers.com\/es\/wp-json\/wp\/v2\/product\/30014","targetHints":{"allow":["GET"]}}],"collection":[{"href":"https:\/\/sunglassrevivers.com\/es\/wp-json\/wp\/v2\/product"}],"about":[{"href":"https:\/\/sunglassrevivers.com\/es\/wp-json\/wp\/v2\/types\/product"}],"replies":[{"embeddable":true,"href":"https:\/\/sunglassrevivers.com\/es\/wp-json\/wp\/v2\/comments?post=30014"}],"version-history":[{"count":2,"href":"https:\/\/sunglassrevivers.com\/es\/wp-json\/wp\/v2\/product\/30014\/revisions"}],"predecessor-version":[{"id":30475,"href":"https:\/\/sunglassrevivers.com\/es\/wp-json\/wp\/v2\/product\/30014\/revisions\/30475"}],"wp:featuredmedia":[{"embeddable":true,"href":"https:\/\/sunglassrevivers.com\/es\/wp-json\/wp\/v2\/media\/30068"}],"wp:attachment":[{"href":"https:\/\/sunglassrevivers.com\/es\/wp-json\/wp\/v2\/media?parent=30014"}],"wp:term":[{"taxonomy":"product_brand","embeddable":true,"href":"https:\/\/sunglassrevivers.com\/es\/wp-json\/wp\/v2\/product_brand?post=30014"},{"taxonomy":"product_cat","embeddable":true,"href":"https:\/\/sunglassrevivers.com\/es\/wp-json\/wp\/v2\/product_cat?post=30014"},{"taxonomy":"product_tag","embeddable":true,"href":"https:\/\/sunglassrevivers.com\/es\/wp-json\/wp\/v2\/product_tag?post=30014"}],"curies":[{"name":"wp","href":"https:\/\/api.w.org\/{rel}","templated":true}]}}