{"id":30016,"date":"2025-09-03T17:19:00","date_gmt":"2025-09-03T16:19:00","guid":{"rendered":"https:\/\/sunglassrevivers.com\/es\/?post_type=product&#038;p=30016"},"modified":"2025-12-12T13:11:01","modified_gmt":"2025-12-12T12:11:01","slug":"lentes-de-repuesto-para-oakley-9247-chainlink-2","status":"publish","type":"product","link":"https:\/\/sunglassrevivers.com\/es\/product\/lentes-de-repuesto-para-oakley-9247-chainlink-2\/","title":{"rendered":"Lentes de repuesto para Oakley 9247 CHAINLINK"},"content":{"rendered":"<p>Descubre el poder de la renovaci\u00f3n con nuestros <strong>lentes de repuesto para Oakley 9247 CHAINLINK<\/strong>. Dise\u00f1ados para adaptarse perfectamente a tu modelo CHAINLINK, estos lentes resaltan por su <strong>forma rectangular<\/strong>, ofreciendo un estilo moderno y vanguardista. Con una altura de 38 y un di\u00e1metro de 60, cada lente est\u00e1 fabricado con materiales de alta calidad como <strong>TAC y policarbonato<\/strong>, garantizando durabilidad y claridad visual excepcional.<\/p>\n<p>La <strong>curvatura base 6<\/strong> proporciona una visi\u00f3n panor\u00e1mica y una comodidad incomparable, siendo ideal para cualquier actividad al aire libre. No solo est\u00e1s actualizando tus gafas, est\u00e1s mejorando tu experiencia visual. Imagina la claridad y protecci\u00f3n que estos lentes pueden ofrecerte bajo el sol. Gracias a su dise\u00f1o cuidadoso, cada par de lentes de repuesto para Oakley 9247 CHAINLINK se enfoca en resaltar lo mejor de tu estilo mientras cuida tus ojos.<\/p>\n<ul>\n<li><strong>Protecci\u00f3n UV<\/strong>: Bloquea eficientemente los da\u00f1inos rayos ultravioleta.<\/li>\n<li><strong>Resistencia al impacto<\/strong>: Perfecto para un estilo de vida activo y din\u00e1mico.<\/li>\n<li><strong>Sustituci\u00f3n sencilla<\/strong>: Facilidad para cambiar y limpiar.<\/li>\n<\/ul>\n<p>Atr\u00e9vete a ver el mundo con una mejor visi\u00f3n y confiabilidad gracias a nuestros lentes de repuesto para Oakley 9247 CHAINLINK.El producto Lentes de repuesto para Oakley 9247 CHAINLINK no es un producto original fabricado ni respaldado por Oakley\u00ae, salvo que se especifique lo contrario en la ficha. Sunglass Revivers no est\u00e1 afiliada, asociada ni patrocinada por Oakley\u00ae ni por Luxottica Group.<\/p>\n","protected":false},"excerpt":{"rendered":"<p>Descubre el poder de la renovaci\u00f3n con nuestros lentes de repuesto para Oakley 9247 CHAINLINK. Dise\u00f1ados para adaptarse perfectamente a tu modelo CHAINLINK, estos lentes resaltan por su forma rectangular, ofreciendo un estilo moderno y vanguardista. Con una altura de 38 y un di\u00e1metro de 60, cada lente est\u00e1 fabricado con materiales de alta calidad &#8230; <a title=\"Lentes de repuesto para Oakley 9247 CHAINLINK\" class=\"read-more\" href=\"https:\/\/sunglassrevivers.com\/es\/product\/lentes-de-repuesto-para-oakley-9247-chainlink-2\/\" aria-label=\"Leer m\u00e1s sobre Lentes de repuesto para Oakley 9247 CHAINLINK\">Leer m\u00e1s<\/a><\/p>\n","protected":false},"featured_media":30069,"comment_status":"open","ping_status":"closed","template":"","meta":{"_acf_changed":false},"product_brand":[],"product_cat":[1724,1726],"product_tag":[],"class_list":{"0":"post-30016","1":"product","2":"type-product","3":"status-publish","4":"has-post-thumbnail","6":"product_cat-lentes-de-repuesto","7":"product_cat-lentes-de-repuesto-oakley","8":"sales-flash-overlay","9":"woocommerce-text-align-center","10":"woocommerce-image-align-center","11":"do-quantity-buttons","13":"first","14":"instock","15":"taxable","16":"shipping-taxable","17":"purchasable","18":"product-type-variable","19":"has-default-attributes"},"acf":[],"_links":{"self":[{"href":"https:\/\/sunglassrevivers.com\/es\/wp-json\/wp\/v2\/product\/30016","targetHints":{"allow":["GET"]}}],"collection":[{"href":"https:\/\/sunglassrevivers.com\/es\/wp-json\/wp\/v2\/product"}],"about":[{"href":"https:\/\/sunglassrevivers.com\/es\/wp-json\/wp\/v2\/types\/product"}],"replies":[{"embeddable":true,"href":"https:\/\/sunglassrevivers.com\/es\/wp-json\/wp\/v2\/comments?post=30016"}],"version-history":[{"count":2,"href":"https:\/\/sunglassrevivers.com\/es\/wp-json\/wp\/v2\/product\/30016\/revisions"}],"predecessor-version":[{"id":30476,"href":"https:\/\/sunglassrevivers.com\/es\/wp-json\/wp\/v2\/product\/30016\/revisions\/30476"}],"wp:featuredmedia":[{"embeddable":true,"href":"https:\/\/sunglassrevivers.com\/es\/wp-json\/wp\/v2\/media\/30069"}],"wp:attachment":[{"href":"https:\/\/sunglassrevivers.com\/es\/wp-json\/wp\/v2\/media?parent=30016"}],"wp:term":[{"taxonomy":"product_brand","embeddable":true,"href":"https:\/\/sunglassrevivers.com\/es\/wp-json\/wp\/v2\/product_brand?post=30016"},{"taxonomy":"product_cat","embeddable":true,"href":"https:\/\/sunglassrevivers.com\/es\/wp-json\/wp\/v2\/product_cat?post=30016"},{"taxonomy":"product_tag","embeddable":true,"href":"https:\/\/sunglassrevivers.com\/es\/wp-json\/wp\/v2\/product_tag?post=30016"}],"curies":[{"name":"wp","href":"https:\/\/api.w.org\/{rel}","templated":true}]}}