{"id":30032,"date":"2025-09-03T17:38:26","date_gmt":"2025-09-03T16:38:26","guid":{"rendered":"https:\/\/sunglassrevivers.com\/es\/?post_type=product&#038;p=30032"},"modified":"2025-11-13T13:29:43","modified_gmt":"2025-11-13T12:29:43","slug":"lentes-de-repuesto-para-oakley-8152-apparition","status":"publish","type":"product","link":"https:\/\/sunglassrevivers.com\/es\/product\/lentes-de-repuesto-para-oakley-8152-apparition\/","title":{"rendered":"Lentes de repuesto para Oakley 8152 APPARITION"},"content":{"rendered":"<p>Los <strong>lentes de repuesto para Oakley 8152 APPARITION<\/strong> est\u00e1n dise\u00f1ados para quienes buscan mantener su estilo y funci\u00f3n sin compromisos. Con un <strong>dise\u00f1o rectangular<\/strong> que se adapta a la perfecci\u00f3n, estos lentes garantizan una cobertura ideal gracias a sus dimensiones: una <em>altura de 45<\/em> y un <em>di\u00e1metro de 60<\/em>. Equipados con una curvatura base 4, ofrecen la comodidad que necesitas para todo el d\u00eda.<\/p>\n<p>El material de los lentes, fabricado en TAC y policarbonato, asegura una alta resistencia a los golpes, convirti\u00e9ndolos en la elecci\u00f3n perfecta para cualquier actividad al aire libre. Adem\u00e1s, estos <strong>lentes de repuesto para Oakley 8152 APPARITION<\/strong> brindan una protecci\u00f3n excepcional contra los da\u00f1inos rayos UV, cuidando tus ojos mientras disfrutas de tu entorno.<\/p>\n<ul>\n<li>Dise\u00f1o estilizado y moderno que realza tu presencia.<\/li>\n<li>Compromiso con la durabilidad y calidad gracias a sus materiales.<\/li>\n<li>Protecci\u00f3n completa contra rayos ultravioleta.<\/li>\n<\/ul>\n<p>Una opci\u00f3n esencial para aquellos que valoran el estilo sin renunciar a la seguridad visual. Los <strong>lentes de repuesto para Oakley 8152 APPARITION<\/strong> redefinen el est\u00e1ndar en confort y eficacia.El producto Lentes de repuesto para Oakley 8152 APPARITION no es un producto original fabricado ni respaldado por Oakley\u00ae, salvo que se especifique lo contrario en la ficha. Sunglass Revivers no est\u00e1 afiliada, asociada ni patrocinada por Oakley\u00ae ni por Luxottica Group.<\/p>\n","protected":false},"excerpt":{"rendered":"<p>Los lentes de repuesto para Oakley 8152 APPARITION est\u00e1n dise\u00f1ados para quienes buscan mantener su estilo y funci\u00f3n sin compromisos. Con un dise\u00f1o rectangular que se adapta a la perfecci\u00f3n, estos lentes garantizan una cobertura ideal gracias a sus dimensiones: una altura de 45 y un di\u00e1metro de 60. Equipados con una curvatura base 4, &#8230; <a title=\"Lentes de repuesto para Oakley 8152 APPARITION\" class=\"read-more\" href=\"https:\/\/sunglassrevivers.com\/es\/product\/lentes-de-repuesto-para-oakley-8152-apparition\/\" aria-label=\"Leer m\u00e1s sobre Lentes de repuesto para Oakley 8152 APPARITION\">Leer m\u00e1s<\/a><\/p>\n","protected":false},"featured_media":30074,"comment_status":"open","ping_status":"closed","template":"","meta":{"_acf_changed":false},"product_brand":[],"product_cat":[1724,1726],"product_tag":[],"class_list":{"0":"post-30032","1":"product","2":"type-product","3":"status-publish","4":"has-post-thumbnail","6":"product_cat-lentes-de-repuesto","7":"product_cat-lentes-de-repuesto-oakley","8":"sales-flash-overlay","9":"woocommerce-text-align-center","10":"woocommerce-image-align-center","11":"do-quantity-buttons","13":"first","14":"instock","15":"taxable","16":"shipping-taxable","17":"purchasable","18":"product-type-variable","19":"has-default-attributes"},"acf":[],"_links":{"self":[{"href":"https:\/\/sunglassrevivers.com\/es\/wp-json\/wp\/v2\/product\/30032","targetHints":{"allow":["GET"]}}],"collection":[{"href":"https:\/\/sunglassrevivers.com\/es\/wp-json\/wp\/v2\/product"}],"about":[{"href":"https:\/\/sunglassrevivers.com\/es\/wp-json\/wp\/v2\/types\/product"}],"replies":[{"embeddable":true,"href":"https:\/\/sunglassrevivers.com\/es\/wp-json\/wp\/v2\/comments?post=30032"}],"version-history":[{"count":2,"href":"https:\/\/sunglassrevivers.com\/es\/wp-json\/wp\/v2\/product\/30032\/revisions"}],"predecessor-version":[{"id":30484,"href":"https:\/\/sunglassrevivers.com\/es\/wp-json\/wp\/v2\/product\/30032\/revisions\/30484"}],"wp:featuredmedia":[{"embeddable":true,"href":"https:\/\/sunglassrevivers.com\/es\/wp-json\/wp\/v2\/media\/30074"}],"wp:attachment":[{"href":"https:\/\/sunglassrevivers.com\/es\/wp-json\/wp\/v2\/media?parent=30032"}],"wp:term":[{"taxonomy":"product_brand","embeddable":true,"href":"https:\/\/sunglassrevivers.com\/es\/wp-json\/wp\/v2\/product_brand?post=30032"},{"taxonomy":"product_cat","embeddable":true,"href":"https:\/\/sunglassrevivers.com\/es\/wp-json\/wp\/v2\/product_cat?post=30032"},{"taxonomy":"product_tag","embeddable":true,"href":"https:\/\/sunglassrevivers.com\/es\/wp-json\/wp\/v2\/product_tag?post=30032"}],"curies":[{"name":"wp","href":"https:\/\/api.w.org\/{rel}","templated":true}]}}