{"id":30042,"date":"2025-09-03T17:43:44","date_gmt":"2025-09-03T16:43:44","guid":{"rendered":"https:\/\/sunglassrevivers.com\/es\/?post_type=product&#038;p=30042"},"modified":"2025-11-13T13:29:43","modified_gmt":"2025-11-13T12:29:43","slug":"lentes-de-repuesto-para-oakley-8183-bat-flip","status":"publish","type":"product","link":"https:\/\/sunglassrevivers.com\/es\/product\/lentes-de-repuesto-para-oakley-8183-bat-flip\/","title":{"rendered":"Lentes de repuesto para Oakley 8183 BAT FLIP"},"content":{"rendered":"<p>Los <strong>Lentes de repuesto para Oakley 8183 BAT FLIP<\/strong> son el complemento ideal para quienes buscan renovar sus gafas deportivas sin comprometer el rendimiento ni el estilo. Dise\u00f1ados con precisi\u00f3n, estos lentes rectangulares son perfectos para aquellos que desean una visi\u00f3n clara y n\u00edtida en cualquier situaci\u00f3n.<\/p>\n<p>Con una altura de 39,41 mm y un di\u00e1metro de 59,62 mm, estos <strong>lentes de repuesto para Oakley 8183 BAT FLIP<\/strong> garantizan un ajuste perfecto para tus gafas actuales. La curvatura base 4 del dise\u00f1o proporciona un ajuste c\u00f3modo, manteniendo tus ojos protegidos del sol y otros elementos externos.<\/p>\n<p>Fabricados con materiales de alta calidad, como el TAC y el policarbonato, los <strong>lentes de repuesto para Oakley 8183 BAT FLIP<\/strong> ofrecen durabilidad, resistencia al impacto y una claridad \u00f3ptica superior. Estos materiales tambi\u00e9n aseguran que los lentes sean ligeros y c\u00f3modos para usar durante todo el d\u00eda. Estos lentes son la elecci\u00f3n ideal para los amantes de las actividades al aire libre que buscan una combinaci\u00f3n de protecci\u00f3n y estilo.<\/p>\n<ul>\n<li><strong>Dise\u00f1o rectangular:<\/strong> Proporciona una cobertura completa y un ajuste moderno.<\/li>\n<li><strong>Duraderos:<\/strong> Construidos con policarbonato resistente al impacto.<\/li>\n<li><strong>Alta calidad \u00f3ptica:<\/strong> Material TAC para una visi\u00f3n sin distorsiones.<\/li>\n<li><strong>Curvatura base 4:<\/strong> Ajuste c\u00f3modo y seguro.<\/li>\n<\/ul>\n<p>Con los <strong>lentes de repuesto para Oakley 8183 BAT FLIP<\/strong>, tus gafas no solo recuperan su funcionalidad, sino que tambi\u00e9n potencian tu estilo personal.El producto Lentes de repuesto para Oakley 8183 BAT FLIP no es un producto original fabricado ni respaldado por Oakley\u00ae, salvo que se especifique lo contrario en la ficha. Sunglass Revivers no est\u00e1 afiliada, asociada ni patrocinada por Oakley\u00ae ni por Luxottica Group.<\/p>\n","protected":false},"excerpt":{"rendered":"<p>Los Lentes de repuesto para Oakley 8183 BAT FLIP son el complemento ideal para quienes buscan renovar sus gafas deportivas sin comprometer el rendimiento ni el estilo. Dise\u00f1ados con precisi\u00f3n, estos lentes rectangulares son perfectos para aquellos que desean una visi\u00f3n clara y n\u00edtida en cualquier situaci\u00f3n. Con una altura de 39,41 mm y un &#8230; <a title=\"Lentes de repuesto para Oakley 8183 BAT FLIP\" class=\"read-more\" href=\"https:\/\/sunglassrevivers.com\/es\/product\/lentes-de-repuesto-para-oakley-8183-bat-flip\/\" aria-label=\"Leer m\u00e1s sobre Lentes de repuesto para Oakley 8183 BAT FLIP\">Leer m\u00e1s<\/a><\/p>\n","protected":false},"featured_media":30079,"comment_status":"open","ping_status":"closed","template":"","meta":{"_acf_changed":false},"product_brand":[],"product_cat":[1724,1726],"product_tag":[],"class_list":{"0":"post-30042","1":"product","2":"type-product","3":"status-publish","4":"has-post-thumbnail","6":"product_cat-lentes-de-repuesto","7":"product_cat-lentes-de-repuesto-oakley","8":"sales-flash-overlay","9":"woocommerce-text-align-center","10":"woocommerce-image-align-center","11":"do-quantity-buttons","13":"first","14":"instock","15":"taxable","16":"shipping-taxable","17":"purchasable","18":"product-type-variable"},"acf":[],"_links":{"self":[{"href":"https:\/\/sunglassrevivers.com\/es\/wp-json\/wp\/v2\/product\/30042","targetHints":{"allow":["GET"]}}],"collection":[{"href":"https:\/\/sunglassrevivers.com\/es\/wp-json\/wp\/v2\/product"}],"about":[{"href":"https:\/\/sunglassrevivers.com\/es\/wp-json\/wp\/v2\/types\/product"}],"replies":[{"embeddable":true,"href":"https:\/\/sunglassrevivers.com\/es\/wp-json\/wp\/v2\/comments?post=30042"}],"version-history":[{"count":2,"href":"https:\/\/sunglassrevivers.com\/es\/wp-json\/wp\/v2\/product\/30042\/revisions"}],"predecessor-version":[{"id":30489,"href":"https:\/\/sunglassrevivers.com\/es\/wp-json\/wp\/v2\/product\/30042\/revisions\/30489"}],"wp:featuredmedia":[{"embeddable":true,"href":"https:\/\/sunglassrevivers.com\/es\/wp-json\/wp\/v2\/media\/30079"}],"wp:attachment":[{"href":"https:\/\/sunglassrevivers.com\/es\/wp-json\/wp\/v2\/media?parent=30042"}],"wp:term":[{"taxonomy":"product_brand","embeddable":true,"href":"https:\/\/sunglassrevivers.com\/es\/wp-json\/wp\/v2\/product_brand?post=30042"},{"taxonomy":"product_cat","embeddable":true,"href":"https:\/\/sunglassrevivers.com\/es\/wp-json\/wp\/v2\/product_cat?post=30042"},{"taxonomy":"product_tag","embeddable":true,"href":"https:\/\/sunglassrevivers.com\/es\/wp-json\/wp\/v2\/product_tag?post=30042"}],"curies":[{"name":"wp","href":"https:\/\/api.w.org\/{rel}","templated":true}]}}