{"id":30048,"date":"2025-09-03T18:24:40","date_gmt":"2025-09-03T17:24:40","guid":{"rendered":"https:\/\/sunglassrevivers.com\/es\/?post_type=product&#038;p=30048"},"modified":"2025-11-13T13:29:44","modified_gmt":"2025-11-13T12:29:44","slug":"lentes-de-repuesto-para-oakley-9173-big-taco","status":"publish","type":"product","link":"https:\/\/sunglassrevivers.com\/es\/product\/lentes-de-repuesto-para-oakley-9173-big-taco\/","title":{"rendered":"Lentes de repuesto para Oakley 9173 BIG TACO"},"content":{"rendered":"<p>Descubre las <strong>Lentes de repuesto para Oakley 9173 BIG TACO<\/strong> y renueva tus gafas con estilo y rendimiento inigualables. Estas lentes est\u00e1n dise\u00f1adas espec\u00edficamente para el modelo 9173 BIG TACO, ofreciendo una integraci\u00f3n perfecta y asegurando que tu visi\u00f3n sea siempre clara y n\u00edtida.<\/p>\n<p>Hechas de materiales de alta calidad como <em>TAC<\/em> y policarbonato, las lentes de repuesto proporcionan resistencia y durabilidad. Su forma cuadrada y diagrama de base 6 aseguran un ajuste c\u00f3modo y estable en cualquier situaci\u00f3n. Con un di\u00e1metro de 63 mm y una altura de 44 mm, estas lentes son la combinaci\u00f3n ideal entre funcionalidad y moda.<\/p>\n<ul>\n<li><strong>Protecci\u00f3n:<\/strong> Ofrecen protecci\u00f3n UV al 100% para mantener tus ojos seguros de los da\u00f1inos rayos solares.<\/li>\n<li><strong>Calidad \u00f3ptica superior:<\/strong> La claridad \u00f3ptica garantiza que veas todos los detalles con la m\u00e1xima precisi\u00f3n.<\/li>\n<li><strong>Estilo:<\/strong> Disponibles en varias opciones de color para combinar con tu estilo personal.<\/li>\n<\/ul>\n<p>Las <strong>lentes de repuesto para Oakley 9173 BIG TACO<\/strong> no solo mejoran tu visi\u00f3n, sino que tambi\u00e9n revitalizan tu look.El producto Lentes de repuesto para Oakley 9173 BIG TACO no es un producto original fabricado ni respaldado por Oakley\u00ae, salvo que se especifique lo contrario en la ficha. Sunglass Revivers no est\u00e1 afiliada, asociada ni patrocinada por Oakley\u00ae ni por Luxottica Group.<\/p>\n","protected":false},"excerpt":{"rendered":"<p>Descubre las Lentes de repuesto para Oakley 9173 BIG TACO y renueva tus gafas con estilo y rendimiento inigualables. Estas lentes est\u00e1n dise\u00f1adas espec\u00edficamente para el modelo 9173 BIG TACO, ofreciendo una integraci\u00f3n perfecta y asegurando que tu visi\u00f3n sea siempre clara y n\u00edtida. Hechas de materiales de alta calidad como TAC y policarbonato, las &#8230; <a title=\"Lentes de repuesto para Oakley 9173 BIG TACO\" class=\"read-more\" href=\"https:\/\/sunglassrevivers.com\/es\/product\/lentes-de-repuesto-para-oakley-9173-big-taco\/\" aria-label=\"Leer m\u00e1s sobre Lentes de repuesto para Oakley 9173 BIG TACO\">Leer m\u00e1s<\/a><\/p>\n","protected":false},"featured_media":30071,"comment_status":"open","ping_status":"closed","template":"","meta":{"_acf_changed":false},"product_brand":[],"product_cat":[1724,1726],"product_tag":[],"class_list":{"0":"post-30048","1":"product","2":"type-product","3":"status-publish","4":"has-post-thumbnail","6":"product_cat-lentes-de-repuesto","7":"product_cat-lentes-de-repuesto-oakley","8":"sales-flash-overlay","9":"woocommerce-text-align-center","10":"woocommerce-image-align-center","11":"do-quantity-buttons","13":"first","14":"instock","15":"taxable","16":"shipping-taxable","17":"purchasable","18":"product-type-variable","19":"has-default-attributes"},"acf":[],"_links":{"self":[{"href":"https:\/\/sunglassrevivers.com\/es\/wp-json\/wp\/v2\/product\/30048","targetHints":{"allow":["GET"]}}],"collection":[{"href":"https:\/\/sunglassrevivers.com\/es\/wp-json\/wp\/v2\/product"}],"about":[{"href":"https:\/\/sunglassrevivers.com\/es\/wp-json\/wp\/v2\/types\/product"}],"replies":[{"embeddable":true,"href":"https:\/\/sunglassrevivers.com\/es\/wp-json\/wp\/v2\/comments?post=30048"}],"version-history":[{"count":2,"href":"https:\/\/sunglassrevivers.com\/es\/wp-json\/wp\/v2\/product\/30048\/revisions"}],"predecessor-version":[{"id":30492,"href":"https:\/\/sunglassrevivers.com\/es\/wp-json\/wp\/v2\/product\/30048\/revisions\/30492"}],"wp:featuredmedia":[{"embeddable":true,"href":"https:\/\/sunglassrevivers.com\/es\/wp-json\/wp\/v2\/media\/30071"}],"wp:attachment":[{"href":"https:\/\/sunglassrevivers.com\/es\/wp-json\/wp\/v2\/media?parent=30048"}],"wp:term":[{"taxonomy":"product_brand","embeddable":true,"href":"https:\/\/sunglassrevivers.com\/es\/wp-json\/wp\/v2\/product_brand?post=30048"},{"taxonomy":"product_cat","embeddable":true,"href":"https:\/\/sunglassrevivers.com\/es\/wp-json\/wp\/v2\/product_cat?post=30048"},{"taxonomy":"product_tag","embeddable":true,"href":"https:\/\/sunglassrevivers.com\/es\/wp-json\/wp\/v2\/product_tag?post=30048"}],"curies":[{"name":"wp","href":"https:\/\/api.w.org\/{rel}","templated":true}]}}