{"id":30120,"date":"2025-09-08T08:35:23","date_gmt":"2025-09-08T07:35:23","guid":{"rendered":"https:\/\/sunglassrevivers.com\/es\/?post_type=product&#038;p=30120"},"modified":"2025-12-12T13:09:11","modified_gmt":"2025-12-12T12:09:11","slug":"lentes-de-repuesto-para-oakley-9429-siphon","status":"publish","type":"product","link":"https:\/\/sunglassrevivers.com\/es\/product\/lentes-de-repuesto-para-oakley-9429-siphon\/","title":{"rendered":"Lentes de repuesto para Oakley 9429 SIPHON"},"content":{"rendered":"<p>Renueva la vida de tus gafas favoritas con los <strong>lentes de repuesto para Oakley 9429 SIPHON<\/strong>. Dise\u00f1ados para mantener la est\u00e9tica y funcionalidad original de tus monturas, estos lentes son la soluci\u00f3n perfecta para recuperar una visi\u00f3n clara y n\u00edtida. Con un dise\u00f1o rectangular que se adapta perfectamente, su calidad superior est\u00e1 garantizada por el uso de materiales como TAC y policarbonato.<\/p>\n<ul>\n<li><strong>Dimensiones \u00f3ptimas:<\/strong> Con una altura de 42 mm y un di\u00e1metro de 68 mm, proporcionan un ajuste impecable.<\/li>\n<li><strong>Curvatura avanzada:<\/strong> La lente toric ofrece una visi\u00f3n amplia y sin distorsiones.<\/li>\n<li><strong>Resistencia y durabilidad:<\/strong> Elaborados en policarbonato, estos lentes son altamente resistentes a los impactos.<\/li>\n<\/ul>\n<p>Es momento de revitalizar tus gafas con los <strong>lentes de repuesto para Oakley 9429 SIPHON<\/strong> y disfrutar de una experiencia visual mejorada.<\/p>\n<p>El producto Lentes de repuesto para Oakley 9429 SIPHON no es un producto original fabricado ni respaldado por Oakley\u00ae, salvo que se especifique lo contrario en la ficha. Sunglass Revivers no est\u00e1 afiliada, asociada ni patrocinada por Oakley\u00ae ni por Luxottica Group.<\/p>\n","protected":false},"excerpt":{"rendered":"<p>Renueva la vida de tus gafas favoritas con los lentes de repuesto para Oakley 9429 SIPHON. Dise\u00f1ados para mantener la est\u00e9tica y funcionalidad original de tus monturas, estos lentes son la soluci\u00f3n perfecta para recuperar una visi\u00f3n clara y n\u00edtida. Con un dise\u00f1o rectangular que se adapta perfectamente, su calidad superior est\u00e1 garantizada por el &#8230; <a title=\"Lentes de repuesto para Oakley 9429 SIPHON\" class=\"read-more\" href=\"https:\/\/sunglassrevivers.com\/es\/product\/lentes-de-repuesto-para-oakley-9429-siphon\/\" aria-label=\"Leer m\u00e1s sobre Lentes de repuesto para Oakley 9429 SIPHON\">Leer m\u00e1s<\/a><\/p>\n","protected":false},"featured_media":30536,"comment_status":"open","ping_status":"closed","template":"","meta":{"_acf_changed":false},"product_brand":[],"product_cat":[1724,1726],"product_tag":[],"class_list":{"0":"post-30120","1":"product","2":"type-product","3":"status-publish","4":"has-post-thumbnail","6":"product_cat-lentes-de-repuesto","7":"product_cat-lentes-de-repuesto-oakley","8":"sales-flash-overlay","9":"woocommerce-text-align-center","10":"woocommerce-image-align-center","11":"do-quantity-buttons","13":"first","14":"instock","15":"taxable","16":"shipping-taxable","17":"purchasable","18":"product-type-variable","19":"has-default-attributes"},"acf":[],"_links":{"self":[{"href":"https:\/\/sunglassrevivers.com\/es\/wp-json\/wp\/v2\/product\/30120","targetHints":{"allow":["GET"]}}],"collection":[{"href":"https:\/\/sunglassrevivers.com\/es\/wp-json\/wp\/v2\/product"}],"about":[{"href":"https:\/\/sunglassrevivers.com\/es\/wp-json\/wp\/v2\/types\/product"}],"replies":[{"embeddable":true,"href":"https:\/\/sunglassrevivers.com\/es\/wp-json\/wp\/v2\/comments?post=30120"}],"version-history":[{"count":2,"href":"https:\/\/sunglassrevivers.com\/es\/wp-json\/wp\/v2\/product\/30120\/revisions"}],"predecessor-version":[{"id":30537,"href":"https:\/\/sunglassrevivers.com\/es\/wp-json\/wp\/v2\/product\/30120\/revisions\/30537"}],"wp:featuredmedia":[{"embeddable":true,"href":"https:\/\/sunglassrevivers.com\/es\/wp-json\/wp\/v2\/media\/30536"}],"wp:attachment":[{"href":"https:\/\/sunglassrevivers.com\/es\/wp-json\/wp\/v2\/media?parent=30120"}],"wp:term":[{"taxonomy":"product_brand","embeddable":true,"href":"https:\/\/sunglassrevivers.com\/es\/wp-json\/wp\/v2\/product_brand?post=30120"},{"taxonomy":"product_cat","embeddable":true,"href":"https:\/\/sunglassrevivers.com\/es\/wp-json\/wp\/v2\/product_cat?post=30120"},{"taxonomy":"product_tag","embeddable":true,"href":"https:\/\/sunglassrevivers.com\/es\/wp-json\/wp\/v2\/product_tag?post=30120"}],"curies":[{"name":"wp","href":"https:\/\/api.w.org\/{rel}","templated":true}]}}