{"id":30126,"date":"2025-09-08T08:38:50","date_gmt":"2025-09-08T07:38:50","guid":{"rendered":"https:\/\/sunglassrevivers.com\/es\/?post_type=product&#038;p=30126"},"modified":"2025-12-12T13:06:37","modified_gmt":"2025-12-12T12:06:37","slug":"lentes-de-repuesto-para-oakley-9301-cohort","status":"publish","type":"product","link":"https:\/\/sunglassrevivers.com\/es\/product\/lentes-de-repuesto-para-oakley-9301-cohort\/","title":{"rendered":"Lentes de repuesto para Oakley 9301 COHORT"},"content":{"rendered":"<p>Las <strong>lentes de repuesto para Oakley 9301 COHORT<\/strong> est\u00e1n dise\u00f1adas para quienes buscan calidad y estilo en un mismo producto. Estas lentes, con una forma rectangular y una curvatura de base 8.75, no solo se destacan por su dise\u00f1o moderno y funcional, sino tambi\u00e9n por su durabilidad y resistencia. Fabricadas con materiales de alta calidad como TAC y policarbonato, ofrecen una excelente protecci\u00f3n contra impactos y rayones.<\/p>\n<p>Con un di\u00e1metro de 65 mm y una altura de 44 mm, las lentes de repuesto para Oakley 9301 COHORT proporcionan una cobertura \u00f3ptima para proteger tus ojos de los da\u00f1inos rayos UV. Adem\u00e1s, su dise\u00f1o permite una gran claridad visual y una experiencia sin distorsiones.<\/p>\n<p>Elige las <strong>lentes de repuesto para Oakley 9301 COHORT<\/strong> para renovar tus gafas favoritas y sigue disfrutando de la comodidad y el rendimiento que solo Oakley puede ofrecer. Actualiza tu estilo y protege tus ojos con este indispensable accesorio de Oakley.El producto Lentes de repuesto para Oakley 9301 COHORT no es un producto original fabricado ni respaldado por Oakley\u00ae, salvo que se especifique lo contrario en la ficha. Sunglass Revivers no est\u00e1 afiliada, asociada ni patrocinada por Oakley\u00ae ni por Luxottica Group.<\/p>\n","protected":false},"excerpt":{"rendered":"<p>Las lentes de repuesto para Oakley 9301 COHORT est\u00e1n dise\u00f1adas para quienes buscan calidad y estilo en un mismo producto. Estas lentes, con una forma rectangular y una curvatura de base 8.75, no solo se destacan por su dise\u00f1o moderno y funcional, sino tambi\u00e9n por su durabilidad y resistencia. Fabricadas con materiales de alta calidad &#8230; <a title=\"Lentes de repuesto para Oakley 9301 COHORT\" class=\"read-more\" href=\"https:\/\/sunglassrevivers.com\/es\/product\/lentes-de-repuesto-para-oakley-9301-cohort\/\" aria-label=\"Leer m\u00e1s sobre Lentes de repuesto para Oakley 9301 COHORT\">Leer m\u00e1s<\/a><\/p>\n","protected":false},"featured_media":30140,"comment_status":"open","ping_status":"closed","template":"","meta":{"_acf_changed":false},"product_brand":[],"product_cat":[1724,1726],"product_tag":[],"class_list":{"0":"post-30126","1":"product","2":"type-product","3":"status-publish","4":"has-post-thumbnail","6":"product_cat-lentes-de-repuesto","7":"product_cat-lentes-de-repuesto-oakley","8":"sales-flash-overlay","9":"woocommerce-text-align-center","10":"woocommerce-image-align-center","11":"do-quantity-buttons","13":"first","14":"instock","15":"taxable","16":"shipping-taxable","17":"purchasable","18":"product-type-variable","19":"has-default-attributes"},"acf":[],"_links":{"self":[{"href":"https:\/\/sunglassrevivers.com\/es\/wp-json\/wp\/v2\/product\/30126","targetHints":{"allow":["GET"]}}],"collection":[{"href":"https:\/\/sunglassrevivers.com\/es\/wp-json\/wp\/v2\/product"}],"about":[{"href":"https:\/\/sunglassrevivers.com\/es\/wp-json\/wp\/v2\/types\/product"}],"replies":[{"embeddable":true,"href":"https:\/\/sunglassrevivers.com\/es\/wp-json\/wp\/v2\/comments?post=30126"}],"version-history":[{"count":2,"href":"https:\/\/sunglassrevivers.com\/es\/wp-json\/wp\/v2\/product\/30126\/revisions"}],"predecessor-version":[{"id":30503,"href":"https:\/\/sunglassrevivers.com\/es\/wp-json\/wp\/v2\/product\/30126\/revisions\/30503"}],"wp:featuredmedia":[{"embeddable":true,"href":"https:\/\/sunglassrevivers.com\/es\/wp-json\/wp\/v2\/media\/30140"}],"wp:attachment":[{"href":"https:\/\/sunglassrevivers.com\/es\/wp-json\/wp\/v2\/media?parent=30126"}],"wp:term":[{"taxonomy":"product_brand","embeddable":true,"href":"https:\/\/sunglassrevivers.com\/es\/wp-json\/wp\/v2\/product_brand?post=30126"},{"taxonomy":"product_cat","embeddable":true,"href":"https:\/\/sunglassrevivers.com\/es\/wp-json\/wp\/v2\/product_cat?post=30126"},{"taxonomy":"product_tag","embeddable":true,"href":"https:\/\/sunglassrevivers.com\/es\/wp-json\/wp\/v2\/product_tag?post=30126"}],"curies":[{"name":"wp","href":"https:\/\/api.w.org\/{rel}","templated":true}]}}