{"id":27677,"date":"2025-01-23T18:08:33","date_gmt":"2025-01-23T17:08:33","guid":{"rendered":"https:\/\/sunglassrevivers.com\/fr\/?post_type=product&#038;p=27677"},"modified":"2025-11-13T13:34:09","modified_gmt":"2025-11-13T12:34:09","slug":"verres-de-replacement-for-oakley-4079","status":"publish","type":"product","link":"https:\/\/sunglassrevivers.com\/fr\/produit\/verres-de-replacement-for-oakley-4079\/","title":{"rendered":"Verres pour Oakley 4079 FEEDBACK"},"content":{"rendered":"<h2>Ajoutez du style \u00e0 vos lunettes Oakley 4079 FEEDBACK<\/h2>\n<p>R\u00e9novez vos lunettes Oakley 4079 FEEDBACK avec nos Verres de remplacement de qualit\u00e9 sup\u00e9rieure. Con\u00e7us sp\u00e9cifiquement pour des montures en plastique de 59 mm, ces verres offrent une durabilit\u00e9, une clart\u00e9 et une protection exceptionnelles.<\/p>\n<h2>Un ajustement parfait pour Oakley 4079 FEEDBACK<\/h2>\n<p>Ces Verres de remplacement sont con\u00e7us avec pr\u00e9cision pour les lunettes <strong>Oakley 4079 FEEDBACK<\/strong> avec une taille de lentille de <strong>59 mm<\/strong>. Profitez d&rsquo;un ajustement parfait et d&rsquo;une installation sans effort.<\/p>\n<h2>Mat\u00e9riaux de lentilles de haute qualit\u00e9<\/h2>\n<p>Choisissez parmi deux mat\u00e9riaux avanc\u00e9s :<\/p>\n<ul>\n<li><strong>TAC (Tri-Ac\u00e9tyl Cellulose) :<\/strong> Verres polaris\u00e9s con\u00e7us pour r\u00e9duire les reflets, offrant une clart\u00e9 visuelle et un confort exceptionnels.<\/li>\n<li><strong>PC (Polycarbonate) :<\/strong> Verres l\u00e9gers et r\u00e9sistants aux chocs, connus pour leur durabilit\u00e9 exceptionnelle.<\/li>\n<\/ul>\n<p>Les deux mat\u00e9riaux sont anti-rayures et offrent une <strong>protection UV \u00e0 100%<\/strong> pour une s\u00e9curit\u00e9 oculaire renforc\u00e9e.<\/p>\n<h2>Caract\u00e9ristiques cl\u00e9s<\/h2>\n<ul>\n<li>Personnalis\u00e9 pour les lunettes <strong>Oakley 4079 FEEDBACK<\/strong> avec une taille de lentille de <strong>59 mm<\/strong><\/li>\n<li>Disponible en mat\u00e9riaux <strong>TAC<\/strong> et <strong>PC<\/strong><\/li>\n<li>Verres polaris\u00e9s pour minimiser les reflets et am\u00e9liorer le confort visuel<\/li>\n<li>Construction l\u00e9g\u00e8re, r\u00e9sistante aux rayures et durable<\/li>\n<li><strong>Protection UV \u00e0 100%<\/strong> pour un soin oculaire fiable<\/li>\n<li>Facile \u00e0 installer, permettant de restaurer vos lunettes sans effort<\/li>\n<\/ul>\n<h2>Pourquoi choisir nos Verres de remplacement ?<\/h2>\n<p>Redonnez vie \u00e0 vos lunettes Oakley 4079 FEEDBACK avec nos Verres de remplacement de haute qualit\u00e9. Con\u00e7us pour la performance, le style et le confort durable, ces lentilles sont le choix ultime pour des lunettes avec des verres us\u00e9s ou endommag\u00e9s.<\/p>\n<p>Commandez d\u00e8s maintenant vos Verres de remplacement et redonnez vie \u00e0 vos lunettes !Le produit Verres pour Oakley 4079 FEEDBACK n\u2019est pas un article original fabriqu\u00e9 ou approuv\u00e9 par Oakley\u00ae, sauf indication contraire dans la fiche produit. Sunglass Revivers n\u2019est ni affili\u00e9, ni associ\u00e9, ni sponsoris\u00e9 par Oakley\u00ae ou par Luxottica Group.<\/p>\n","protected":false},"excerpt":{"rendered":"<p>Ajoutez du style \u00e0 vos lunettes Oakley 4079 FEEDBACK R\u00e9novez vos lunettes Oakley 4079 FEEDBACK avec nos Verres de remplacement de qualit\u00e9 sup\u00e9rieure. Con\u00e7us sp\u00e9cifiquement pour des montures en plastique de 59 mm, ces verres offrent une durabilit\u00e9, une clart\u00e9 et une protection exceptionnelles. Un ajustement parfait pour Oakley 4079 FEEDBACK Ces Verres de remplacement &#8230; <a title=\"Verres pour Oakley 4079 FEEDBACK\" class=\"read-more\" href=\"https:\/\/sunglassrevivers.com\/fr\/produit\/verres-de-replacement-for-oakley-4079\/\" aria-label=\"En savoir plus sur Verres pour Oakley 4079 FEEDBACK\">Lire plus<\/a><\/p>\n","protected":false},"featured_media":30349,"comment_status":"open","ping_status":"closed","template":"","meta":{"_acf_changed":false},"product_brand":[],"product_cat":[1724,1742],"product_tag":[],"class_list":{"0":"post-27677","1":"product","2":"type-product","3":"status-publish","4":"has-post-thumbnail","6":"product_cat-verres-de-rechange","7":"product_cat-verres-oakley","8":"pa_size-1589","9":"sales-flash-overlay","10":"woocommerce-text-align-center","11":"woocommerce-image-align-center","12":"do-quantity-buttons","14":"first","15":"instock","16":"taxable","17":"shipping-taxable","18":"purchasable","19":"product-type-variable","20":"has-default-attributes"},"acf":[],"_links":{"self":[{"href":"https:\/\/sunglassrevivers.com\/fr\/wp-json\/wp\/v2\/product\/27677","targetHints":{"allow":["GET"]}}],"collection":[{"href":"https:\/\/sunglassrevivers.com\/fr\/wp-json\/wp\/v2\/product"}],"about":[{"href":"https:\/\/sunglassrevivers.com\/fr\/wp-json\/wp\/v2\/types\/product"}],"replies":[{"embeddable":true,"href":"https:\/\/sunglassrevivers.com\/fr\/wp-json\/wp\/v2\/comments?post=27677"}],"version-history":[{"count":6,"href":"https:\/\/sunglassrevivers.com\/fr\/wp-json\/wp\/v2\/product\/27677\/revisions"}],"predecessor-version":[{"id":30756,"href":"https:\/\/sunglassrevivers.com\/fr\/wp-json\/wp\/v2\/product\/27677\/revisions\/30756"}],"wp:featuredmedia":[{"embeddable":true,"href":"https:\/\/sunglassrevivers.com\/fr\/wp-json\/wp\/v2\/media\/30349"}],"wp:attachment":[{"href":"https:\/\/sunglassrevivers.com\/fr\/wp-json\/wp\/v2\/media?parent=27677"}],"wp:term":[{"taxonomy":"product_brand","embeddable":true,"href":"https:\/\/sunglassrevivers.com\/fr\/wp-json\/wp\/v2\/product_brand?post=27677"},{"taxonomy":"product_cat","embeddable":true,"href":"https:\/\/sunglassrevivers.com\/fr\/wp-json\/wp\/v2\/product_cat?post=27677"},{"taxonomy":"product_tag","embeddable":true,"href":"https:\/\/sunglassrevivers.com\/fr\/wp-json\/wp\/v2\/product_tag?post=27677"}],"curies":[{"name":"wp","href":"https:\/\/api.w.org\/{rel}","templated":true}]}}