{"id":27681,"date":"2025-01-23T18:08:33","date_gmt":"2025-01-23T17:08:33","guid":{"rendered":"https:\/\/sunglassrevivers.com\/fr\/?post_type=product&#038;p=27681"},"modified":"2025-11-13T13:34:09","modified_gmt":"2025-11-13T12:34:09","slug":"verres-de-replacement-for-oakley-9100","status":"publish","type":"product","link":"https:\/\/sunglassrevivers.com\/fr\/produit\/verres-de-replacement-for-oakley-9100\/","title":{"rendered":"Verres pour Oakley 9100 LEFFINGWELL"},"content":{"rendered":"<div>\n<h2>Un ajustement parfait pour Oakley 9100 LEFFINGWELL<\/h2>\n<p>Nos verres de remplacement sont sp\u00e9cialement con\u00e7us pour s\u2019adapter parfaitement aux lunettes de soleil <strong>Oakley 9100 Leffingwell<\/strong> avec une taille de lentille de <strong>57mm<\/strong>. Avec un ajustement s\u00e9curis\u00e9 et pr\u00e9cis, vous b\u00e9n\u00e9ficierez d\u2019une installation sans effort qui vous permettra de retrouver rapidement l\u2019optimisation visuelle que vous attendez de vos lunettes.<\/p>\n<h2>Des mat\u00e9riaux de lentille avanc\u00e9s<\/h2>\n<p>Choisissez parmi deux mat\u00e9riaux sup\u00e9rieurs pour vos verres :<\/p>\n<ul>\n<li><strong>TAC (Tri-Ac\u00e9tate Cellulose):<\/strong> Verres polaris\u00e9s qui r\u00e9duisent les reflets et am\u00e9liorent la clart\u00e9 visuelle.<\/li>\n<li><strong>PC (Polycarbonate):<\/strong> Verres l\u00e9gers et r\u00e9sistants aux chocs pour une durabilit\u00e9 in\u00e9gal\u00e9e.<\/li>\n<\/ul>\n<p>Ces deux mat\u00e9riaux offrent une <strong>r\u00e9sistance aux rayures<\/strong> et une <strong>protection UVA\/UVB \u00e0 100%<\/strong>, garantissant une performance et une s\u00e9curit\u00e9 optimales.<\/p>\n<h2>Caract\u00e9ristiques cl\u00e9s<\/h2>\n<ul>\n<li>Con\u00e7us pour les lunettes <strong>Oakley 9100 Leffingwell<\/strong> avec une taille de lentille de <strong>57mm<\/strong><\/li>\n<li>Disponibles en mat\u00e9riaux <strong>TAC<\/strong> et <strong>PC<\/strong><\/li>\n<li>Polaire pour r\u00e9duire les reflets et am\u00e9liorer le confort visuel<\/li>\n<li>Durs, l\u00e9gers et r\u00e9sistants aux rayures<\/li>\n<li><strong>Protection UV \u00e0 100%<\/strong> pour une s\u00e9curit\u00e9 oculaire sup\u00e9rieure<\/li>\n<li>Installation rapide et facile pour un remplacement sans tracas<\/li>\n<\/ul>\n<h2>Pourquoi choisir nos verres de remplacement ?<\/h2>\n<p>Nos verres de remplacement sont soigneusement con\u00e7us pour restaurer la fonctionnalit\u00e9 et l\u2019apparence de vos lunettes de soleil Oakley 9100 Leffingwell, offrant une vision am\u00e9lior\u00e9e et une protection durable. Gr\u00e2ce \u00e0 nos mat\u00e9riaux de haute qualit\u00e9 et \u00e0 des caract\u00e9ristiques optimis\u00e9es, vous pouvez \u00eatre s\u00fbr que vos yeux seront prot\u00e9g\u00e9s tout en conservant un style impeccable.<\/p>\n<p>N&rsquo;attendez plus pour redonner vie \u00e0 vos lunettes ! Commandez vos verres de remplacement d\u00e8s aujourd&rsquo;hui et offrez \u00e0 vos lunettes un relooking rafra\u00eechissant !<\/p>\n<\/div>\n<p>Le produit Verres pour Oakley 9100 LEFFINGWELL n\u2019est pas un article original fabriqu\u00e9 ou approuv\u00e9 par Oakley\u00ae, sauf indication contraire dans la fiche produit. Sunglass Revivers n\u2019est ni affili\u00e9, ni associ\u00e9, ni sponsoris\u00e9 par Oakley\u00ae ou par Luxottica Group.<\/p>\n","protected":false},"excerpt":{"rendered":"<p>Un ajustement parfait pour Oakley 9100 LEFFINGWELL Nos verres de remplacement sont sp\u00e9cialement con\u00e7us pour s\u2019adapter parfaitement aux lunettes de soleil Oakley 9100 Leffingwell avec une taille de lentille de 57mm. Avec un ajustement s\u00e9curis\u00e9 et pr\u00e9cis, vous b\u00e9n\u00e9ficierez d\u2019une installation sans effort qui vous permettra de retrouver rapidement l\u2019optimisation visuelle que vous attendez de &#8230; <a title=\"Verres pour Oakley 9100 LEFFINGWELL\" class=\"read-more\" href=\"https:\/\/sunglassrevivers.com\/fr\/produit\/verres-de-replacement-for-oakley-9100\/\" aria-label=\"En savoir plus sur Verres pour Oakley 9100 LEFFINGWELL\">Lire plus<\/a><\/p>\n","protected":false},"featured_media":30356,"comment_status":"open","ping_status":"closed","template":"","meta":{"_acf_changed":false},"product_brand":[],"product_cat":[1724,1742],"product_tag":[],"class_list":{"0":"post-27681","1":"product","2":"type-product","3":"status-publish","4":"has-post-thumbnail","6":"product_cat-verres-de-rechange","7":"product_cat-verres-oakley","8":"pa_size-1755","9":"sales-flash-overlay","10":"woocommerce-text-align-center","11":"woocommerce-image-align-center","12":"do-quantity-buttons","14":"first","15":"instock","16":"taxable","17":"shipping-taxable","18":"purchasable","19":"product-type-variable","20":"has-default-attributes"},"acf":[],"_links":{"self":[{"href":"https:\/\/sunglassrevivers.com\/fr\/wp-json\/wp\/v2\/product\/27681","targetHints":{"allow":["GET"]}}],"collection":[{"href":"https:\/\/sunglassrevivers.com\/fr\/wp-json\/wp\/v2\/product"}],"about":[{"href":"https:\/\/sunglassrevivers.com\/fr\/wp-json\/wp\/v2\/types\/product"}],"replies":[{"embeddable":true,"href":"https:\/\/sunglassrevivers.com\/fr\/wp-json\/wp\/v2\/comments?post=27681"}],"version-history":[{"count":6,"href":"https:\/\/sunglassrevivers.com\/fr\/wp-json\/wp\/v2\/product\/27681\/revisions"}],"predecessor-version":[{"id":30760,"href":"https:\/\/sunglassrevivers.com\/fr\/wp-json\/wp\/v2\/product\/27681\/revisions\/30760"}],"wp:featuredmedia":[{"embeddable":true,"href":"https:\/\/sunglassrevivers.com\/fr\/wp-json\/wp\/v2\/media\/30356"}],"wp:attachment":[{"href":"https:\/\/sunglassrevivers.com\/fr\/wp-json\/wp\/v2\/media?parent=27681"}],"wp:term":[{"taxonomy":"product_brand","embeddable":true,"href":"https:\/\/sunglassrevivers.com\/fr\/wp-json\/wp\/v2\/product_brand?post=27681"},{"taxonomy":"product_cat","embeddable":true,"href":"https:\/\/sunglassrevivers.com\/fr\/wp-json\/wp\/v2\/product_cat?post=27681"},{"taxonomy":"product_tag","embeddable":true,"href":"https:\/\/sunglassrevivers.com\/fr\/wp-json\/wp\/v2\/product_tag?post=27681"}],"curies":[{"name":"wp","href":"https:\/\/api.w.org\/{rel}","templated":true}]}}