{"id":29848,"date":"2025-08-18T17:26:21","date_gmt":"2025-08-18T16:26:21","guid":{"rendered":"https:\/\/sunglassrevivers.com\/fr\/?post_type=product&#038;p=29848"},"modified":"2025-11-13T13:34:12","modified_gmt":"2025-11-13T12:34:12","slug":"verres-pour-oakley-9286-thurso","status":"publish","type":"product","link":"https:\/\/sunglassrevivers.com\/fr\/produit\/verres-pour-oakley-9286-thurso\/","title":{"rendered":"Verres pour Oakley 9286 THURSO"},"content":{"rendered":"<p>D\u00e9couvrez la solution parfaite avec les <strong>Verres pour Oakley 9286 THURSO<\/strong>, con\u00e7us pour maintenir votre style et votre protection au sommet. Ces verres, adapt\u00e9s au mod\u00e8le 9286 THURSO, pr\u00e9sentent une <strong>forme rectangulaire<\/strong> offrant une couverture visuelle maximale. Avec une hauteur de 45mm et un diam\u00e8tre de 60mm, ils offrent un large champ de vision sans sacrifier le confort.<\/p>\n<p>Fabriqu\u00e9s \u00e0 partir de mat\u00e9riaux de haute qualit\u00e9 comme le <strong>TAC et le polycarbonate<\/strong>, ces verres sont r\u00e9sistants aux chocs et offrent une clart\u00e9 optique sup\u00e9rieure. Gr\u00e2ce \u00e0 leur <strong>courbure de base 4<\/strong>, les Verres pour Oakley 9286 THURSO assurent une exp\u00e9rience visuelle immersive en r\u00e9duisant la distorsion p\u00e9riph\u00e9rique.<\/p>\n<ul>\n<li><strong>Durabilit\u00e9 :<\/strong> R\u00e9sistants \u00e0 l&rsquo;usure quotidienne.<\/li>\n<li><strong>Protection UV :<\/strong> Bloque les rayons UV nocifs du soleil.<\/li>\n<li><strong>Confort :<\/strong> L\u00e9g\u00e8ret\u00e9 pour un port prolong\u00e9.<\/li>\n<\/ul>\n<p>Choisissez les <strong>Verres pour Oakley 9286 THURSO<\/strong> et b\u00e9n\u00e9ficiez d&rsquo;une performance optimale et d&rsquo;un style in\u00e9gal\u00e9. Ne manquez pas l&rsquo;occasion de revitaliser vos lunettes avec une qualit\u00e9 et un design in\u00e9gal\u00e9s.Le produit Verres pour Oakley 9286 THURSO n\u2019est pas un article original fabriqu\u00e9 ou approuv\u00e9 par Oakley\u00ae, sauf indication contraire dans la fiche produit. Sunglass Revivers n\u2019est ni affili\u00e9, ni associ\u00e9, ni sponsoris\u00e9 par Oakley\u00ae ou par Luxottica Group.<\/p>\n","protected":false},"excerpt":{"rendered":"<p>D\u00e9couvrez la solution parfaite avec les Verres pour Oakley 9286 THURSO, con\u00e7us pour maintenir votre style et votre protection au sommet. Ces verres, adapt\u00e9s au mod\u00e8le 9286 THURSO, pr\u00e9sentent une forme rectangulaire offrant une couverture visuelle maximale. Avec une hauteur de 45mm et un diam\u00e8tre de 60mm, ils offrent un large champ de vision sans &#8230; <a title=\"Verres pour Oakley 9286 THURSO\" class=\"read-more\" href=\"https:\/\/sunglassrevivers.com\/fr\/produit\/verres-pour-oakley-9286-thurso\/\" aria-label=\"En savoir plus sur Verres pour Oakley 9286 THURSO\">Lire plus<\/a><\/p>\n","protected":false},"featured_media":29980,"comment_status":"open","ping_status":"closed","template":"","meta":{"_acf_changed":false},"product_brand":[],"product_cat":[1724,1742],"product_tag":[],"class_list":{"0":"post-29848","1":"product","2":"type-product","3":"status-publish","4":"has-post-thumbnail","6":"product_cat-verres-de-rechange","7":"product_cat-verres-oakley","8":"sales-flash-overlay","9":"woocommerce-text-align-center","10":"woocommerce-image-align-center","11":"do-quantity-buttons","13":"first","14":"instock","15":"taxable","16":"shipping-taxable","17":"purchasable","18":"product-type-variable","19":"has-default-attributes"},"acf":[],"_links":{"self":[{"href":"https:\/\/sunglassrevivers.com\/fr\/wp-json\/wp\/v2\/product\/29848","targetHints":{"allow":["GET"]}}],"collection":[{"href":"https:\/\/sunglassrevivers.com\/fr\/wp-json\/wp\/v2\/product"}],"about":[{"href":"https:\/\/sunglassrevivers.com\/fr\/wp-json\/wp\/v2\/types\/product"}],"replies":[{"embeddable":true,"href":"https:\/\/sunglassrevivers.com\/fr\/wp-json\/wp\/v2\/comments?post=29848"}],"version-history":[{"count":2,"href":"https:\/\/sunglassrevivers.com\/fr\/wp-json\/wp\/v2\/product\/29848\/revisions"}],"predecessor-version":[{"id":30781,"href":"https:\/\/sunglassrevivers.com\/fr\/wp-json\/wp\/v2\/product\/29848\/revisions\/30781"}],"wp:featuredmedia":[{"embeddable":true,"href":"https:\/\/sunglassrevivers.com\/fr\/wp-json\/wp\/v2\/media\/29980"}],"wp:attachment":[{"href":"https:\/\/sunglassrevivers.com\/fr\/wp-json\/wp\/v2\/media?parent=29848"}],"wp:term":[{"taxonomy":"product_brand","embeddable":true,"href":"https:\/\/sunglassrevivers.com\/fr\/wp-json\/wp\/v2\/product_brand?post=29848"},{"taxonomy":"product_cat","embeddable":true,"href":"https:\/\/sunglassrevivers.com\/fr\/wp-json\/wp\/v2\/product_cat?post=29848"},{"taxonomy":"product_tag","embeddable":true,"href":"https:\/\/sunglassrevivers.com\/fr\/wp-json\/wp\/v2\/product_tag?post=29848"}],"curies":[{"name":"wp","href":"https:\/\/api.w.org\/{rel}","templated":true}]}}