{"id":29852,"date":"2025-08-18T17:28:30","date_gmt":"2025-08-18T16:28:30","guid":{"rendered":"https:\/\/sunglassrevivers.com\/fr\/?post_type=product&#038;p=29852"},"modified":"2025-11-13T13:34:12","modified_gmt":"2025-11-13T12:34:12","slug":"verres-pour-oakley-9289-frogskins-hybrid","status":"publish","type":"product","link":"https:\/\/sunglassrevivers.com\/fr\/produit\/verres-pour-oakley-9289-frogskins-hybrid\/","title":{"rendered":"Verres pour Oakley 9289 FROGSKINS HYBRID"},"content":{"rendered":"<p>Les <strong>verres pour Oakley 9289 FROGSKINS HYBRID<\/strong> sont le compl\u00e9ment id\u00e9al pour ceux qui cherchent \u00e0 rajeunir leurs lunettes pr\u00e9f\u00e9r\u00e9es tout en conservant style et fonctionnalit\u00e9. Con\u00e7us avec pr\u00e9cision, ces verres arborent une forme ronde qui s\u2019adapte parfaitement au mod\u00e8le FROGSKINS HYBRID. Avec une hauteur de 44 mm et un diam\u00e8tre de 61 mm, ces verres garantissent un ajustement pr\u00e9cis et une vision claire.<\/p>\n<ul>\n<li>Mat\u00e9riaux de haute qualit\u00e9 : Fabriqu\u00e9s en TAC et en polycarbonate, les <strong>verres pour Oakley 9289 FROGSKINS HYBRID<\/strong> offrent durabilit\u00e9 et r\u00e9sistance.<\/li>\n<li>Courbure optimis\u00e9e : Avec une base de courbure de 4, ces verres offrent un ajustement confortable et une vue large.<\/li>\n<li>Protection efficace : Con\u00e7us pour prot\u00e9ger vos yeux des rayons UV, ces verres sont id\u00e9aux par tous les temps.<\/li>\n<\/ul>\n<p>Am\u00e9liorez vos lunettes avec les <strong>verres pour Oakley 9289 FROGSKINS HYBRID<\/strong> et profitez d\u2019un parfait m\u00e9lange de style et de technologie. Que ce soit pour un usage quotidien ou des activit\u00e9s en plein air, ces verres garantissent une qualit\u00e9 optique exceptionnelle.Le produit Verres pour Oakley 9289 FROGSKINS HYBRID n\u2019est pas un article original fabriqu\u00e9 ou approuv\u00e9 par Oakley\u00ae, sauf indication contraire dans la fiche produit. Sunglass Revivers n\u2019est ni affili\u00e9, ni associ\u00e9, ni sponsoris\u00e9 par Oakley\u00ae ou par Luxottica Group.<\/p>\n","protected":false},"excerpt":{"rendered":"<p>Les verres pour Oakley 9289 FROGSKINS HYBRID sont le compl\u00e9ment id\u00e9al pour ceux qui cherchent \u00e0 rajeunir leurs lunettes pr\u00e9f\u00e9r\u00e9es tout en conservant style et fonctionnalit\u00e9. Con\u00e7us avec pr\u00e9cision, ces verres arborent une forme ronde qui s\u2019adapte parfaitement au mod\u00e8le FROGSKINS HYBRID. Avec une hauteur de 44 mm et un diam\u00e8tre de 61 mm, ces &#8230; <a title=\"Verres pour Oakley 9289 FROGSKINS HYBRID\" class=\"read-more\" href=\"https:\/\/sunglassrevivers.com\/fr\/produit\/verres-pour-oakley-9289-frogskins-hybrid\/\" aria-label=\"En savoir plus sur Verres pour Oakley 9289 FROGSKINS HYBRID\">Lire plus<\/a><\/p>\n","protected":false},"featured_media":29997,"comment_status":"open","ping_status":"closed","template":"","meta":{"_acf_changed":false},"product_brand":[],"product_cat":[1724,1742],"product_tag":[],"class_list":{"0":"post-29852","1":"product","2":"type-product","3":"status-publish","4":"has-post-thumbnail","6":"product_cat-verres-de-rechange","7":"product_cat-verres-oakley","8":"sales-flash-overlay","9":"woocommerce-text-align-center","10":"woocommerce-image-align-center","11":"do-quantity-buttons","13":"first","14":"instock","15":"taxable","16":"shipping-taxable","17":"purchasable","18":"product-type-variable","19":"has-default-attributes"},"acf":[],"_links":{"self":[{"href":"https:\/\/sunglassrevivers.com\/fr\/wp-json\/wp\/v2\/product\/29852","targetHints":{"allow":["GET"]}}],"collection":[{"href":"https:\/\/sunglassrevivers.com\/fr\/wp-json\/wp\/v2\/product"}],"about":[{"href":"https:\/\/sunglassrevivers.com\/fr\/wp-json\/wp\/v2\/types\/product"}],"replies":[{"embeddable":true,"href":"https:\/\/sunglassrevivers.com\/fr\/wp-json\/wp\/v2\/comments?post=29852"}],"version-history":[{"count":2,"href":"https:\/\/sunglassrevivers.com\/fr\/wp-json\/wp\/v2\/product\/29852\/revisions"}],"predecessor-version":[{"id":30783,"href":"https:\/\/sunglassrevivers.com\/fr\/wp-json\/wp\/v2\/product\/29852\/revisions\/30783"}],"wp:featuredmedia":[{"embeddable":true,"href":"https:\/\/sunglassrevivers.com\/fr\/wp-json\/wp\/v2\/media\/29997"}],"wp:attachment":[{"href":"https:\/\/sunglassrevivers.com\/fr\/wp-json\/wp\/v2\/media?parent=29852"}],"wp:term":[{"taxonomy":"product_brand","embeddable":true,"href":"https:\/\/sunglassrevivers.com\/fr\/wp-json\/wp\/v2\/product_brand?post=29852"},{"taxonomy":"product_cat","embeddable":true,"href":"https:\/\/sunglassrevivers.com\/fr\/wp-json\/wp\/v2\/product_cat?post=29852"},{"taxonomy":"product_tag","embeddable":true,"href":"https:\/\/sunglassrevivers.com\/fr\/wp-json\/wp\/v2\/product_tag?post=29852"}],"curies":[{"name":"wp","href":"https:\/\/api.w.org\/{rel}","templated":true}]}}