{"id":29860,"date":"2025-08-18T17:32:18","date_gmt":"2025-08-18T16:32:18","guid":{"rendered":"https:\/\/sunglassrevivers.com\/fr\/?post_type=product&#038;p=29860"},"modified":"2025-11-13T13:34:12","modified_gmt":"2025-11-13T12:34:12","slug":"verres-pour-oakley-9449-gibston","status":"publish","type":"product","link":"https:\/\/sunglassrevivers.com\/fr\/produit\/verres-pour-oakley-9449-gibston\/","title":{"rendered":"Verres pour Oakley 9449 GIBSTON"},"content":{"rendered":"<p>D\u00e9couvrez les <strong>verres pour Oakley 9449 GIBSTON<\/strong>, l&rsquo;accessoire id\u00e9al pour maintenir votre style et une clart\u00e9 impeccable. Con\u00e7us pour le mod\u00e8le 9449 GIBSTON, ces verres de remplacement offrent une solution unique pour ceux qui souhaitent rajeunir leurs lunettes pr\u00e9f\u00e9r\u00e9es sans compromettre la qualit\u00e9.<\/p>\n<ul>\n<li><strong>Forme rectangulaire:<\/strong> Compl\u00e8te parfaitement le design classique du mod\u00e8le GIBSTON, assurant une esth\u00e9tique moderne et polyvalente.<\/li>\n<li><strong>Hauteur de 38 mm et diam\u00e8tre de 65 mm:<\/strong> Assure un ajustement confortable et s\u00e9curis\u00e9 pour une utilisation quotidienne.<\/li>\n<li><strong>Courbure Base 8:<\/strong> Offre une couverture enveloppante, maximisant la protection contre les rayons UV et le vent.<\/li>\n<li><strong>Mat\u00e9riaux premium:<\/strong> Fabriqu\u00e9s en TAC et polycarbonate, garantissant durabilit\u00e9 et r\u00e9sistance aux impacts, id\u00e9aux pour les activit\u00e9s de plein air.<\/li>\n<\/ul>\n<p>Optez pour ces verres pour Oakley 9449 GIBSTON et profitez d&rsquo;une vision claire comme du cristal, sans distorsion, avec l&rsquo;assurance d&rsquo;une protection dans n&rsquo;importe quel environnement. Parfaits pour ceux qui appr\u00e9cient l&rsquo;innovation et le design de haute qualit\u00e9, ces verres am\u00e9liorent non seulement vos lunettes, mais renforcent \u00e9galement votre exp\u00e9rience visuelle.Le produit Verres pour Oakley 9449 GIBSTON n\u2019est pas un article original fabriqu\u00e9 ou approuv\u00e9 par Oakley\u00ae, sauf indication contraire dans la fiche produit. Sunglass Revivers n\u2019est ni affili\u00e9, ni associ\u00e9, ni sponsoris\u00e9 par Oakley\u00ae ou par Luxottica Group.<\/p>\n","protected":false},"excerpt":{"rendered":"<p>D\u00e9couvrez les verres pour Oakley 9449 GIBSTON, l&rsquo;accessoire id\u00e9al pour maintenir votre style et une clart\u00e9 impeccable. Con\u00e7us pour le mod\u00e8le 9449 GIBSTON, ces verres de remplacement offrent une solution unique pour ceux qui souhaitent rajeunir leurs lunettes pr\u00e9f\u00e9r\u00e9es sans compromettre la qualit\u00e9. Forme rectangulaire: Compl\u00e8te parfaitement le design classique du mod\u00e8le GIBSTON, assurant une &#8230; <a title=\"Verres pour Oakley 9449 GIBSTON\" class=\"read-more\" href=\"https:\/\/sunglassrevivers.com\/fr\/produit\/verres-pour-oakley-9449-gibston\/\" aria-label=\"En savoir plus sur Verres pour Oakley 9449 GIBSTON\">Lire plus<\/a><\/p>\n","protected":false},"featured_media":30050,"comment_status":"open","ping_status":"closed","template":"","meta":{"_acf_changed":false},"product_brand":[],"product_cat":[1724,1742],"product_tag":[],"class_list":{"0":"post-29860","1":"product","2":"type-product","3":"status-publish","4":"has-post-thumbnail","6":"product_cat-verres-de-rechange","7":"product_cat-verres-oakley","8":"sales-flash-overlay","9":"woocommerce-text-align-center","10":"woocommerce-image-align-center","11":"do-quantity-buttons","13":"first","14":"instock","15":"taxable","16":"shipping-taxable","17":"purchasable","18":"product-type-variable","19":"has-default-attributes"},"acf":[],"_links":{"self":[{"href":"https:\/\/sunglassrevivers.com\/fr\/wp-json\/wp\/v2\/product\/29860","targetHints":{"allow":["GET"]}}],"collection":[{"href":"https:\/\/sunglassrevivers.com\/fr\/wp-json\/wp\/v2\/product"}],"about":[{"href":"https:\/\/sunglassrevivers.com\/fr\/wp-json\/wp\/v2\/types\/product"}],"replies":[{"embeddable":true,"href":"https:\/\/sunglassrevivers.com\/fr\/wp-json\/wp\/v2\/comments?post=29860"}],"version-history":[{"count":2,"href":"https:\/\/sunglassrevivers.com\/fr\/wp-json\/wp\/v2\/product\/29860\/revisions"}],"predecessor-version":[{"id":30787,"href":"https:\/\/sunglassrevivers.com\/fr\/wp-json\/wp\/v2\/product\/29860\/revisions\/30787"}],"wp:featuredmedia":[{"embeddable":true,"href":"https:\/\/sunglassrevivers.com\/fr\/wp-json\/wp\/v2\/media\/30050"}],"wp:attachment":[{"href":"https:\/\/sunglassrevivers.com\/fr\/wp-json\/wp\/v2\/media?parent=29860"}],"wp:term":[{"taxonomy":"product_brand","embeddable":true,"href":"https:\/\/sunglassrevivers.com\/fr\/wp-json\/wp\/v2\/product_brand?post=29860"},{"taxonomy":"product_cat","embeddable":true,"href":"https:\/\/sunglassrevivers.com\/fr\/wp-json\/wp\/v2\/product_cat?post=29860"},{"taxonomy":"product_tag","embeddable":true,"href":"https:\/\/sunglassrevivers.com\/fr\/wp-json\/wp\/v2\/product_tag?post=29860"}],"curies":[{"name":"wp","href":"https:\/\/api.w.org\/{rel}","templated":true}]}}