{"id":29862,"date":"2025-08-18T17:33:15","date_gmt":"2025-08-18T16:33:15","guid":{"rendered":"https:\/\/sunglassrevivers.com\/fr\/?post_type=product&#038;p=29862"},"modified":"2025-11-13T13:34:12","modified_gmt":"2025-11-13T12:34:12","slug":"verres-pour-oakley-9430-actuator-sq","status":"publish","type":"product","link":"https:\/\/sunglassrevivers.com\/fr\/produit\/verres-pour-oakley-9430-actuator-sq\/","title":{"rendered":"Verres pour Oakley 9430 ACTUATOR SQ"},"content":{"rendered":"<p>Les <strong>verres pour Oakley 9430 ACTUATOR SQ<\/strong> redonnent vie \u00e0 vos lunettes pr\u00e9f\u00e9r\u00e9es. Avec leur design rectangulaire, ces verres offrent une couverture sup\u00e9rieure et un ajustement confortable. Fabriqu\u00e9s avec des mat\u00e9riaux de haute qualit\u00e9 tels que le TAC et le polycarbonate, ils garantissent durabilit\u00e9 et r\u00e9sistance aux impacts, id\u00e9aux pour le sport ou un usage quotidien.<\/p>\n<ul>\n<li><strong>Forme:<\/strong> Rectangulaire<\/li>\n<li><strong>Hauteur:<\/strong> 46<\/li>\n<li><strong>Diam\u00e8tre:<\/strong> 64<\/li>\n<li><strong>Courbure:<\/strong> Base 4<\/li>\n<\/ul>\n<p>En choisissant les verres pour Oakley 9430 ACTUATOR SQ, am\u00e9liorez non seulement l&rsquo;apparence de vos lunettes, mais aussi la clart\u00e9 visuelle et la protection UV. Id\u00e9al pour garder une vision claire m\u00eame sous un soleil \u00e9clatant. Rafra\u00eechissez vos lunettes avec style et fonctionnalit\u00e9 gr\u00e2ce aux verres pour Oakley 9430 ACTUATOR SQ.Le produit Verres pour Oakley 9430 ACTUATOR SQ n\u2019est pas un article original fabriqu\u00e9 ou approuv\u00e9 par Oakley\u00ae, sauf indication contraire dans la fiche produit. Sunglass Revivers n\u2019est ni affili\u00e9, ni associ\u00e9, ni sponsoris\u00e9 par Oakley\u00ae ou par Luxottica Group.<\/p>\n","protected":false},"excerpt":{"rendered":"<p>Les verres pour Oakley 9430 ACTUATOR SQ redonnent vie \u00e0 vos lunettes pr\u00e9f\u00e9r\u00e9es. Avec leur design rectangulaire, ces verres offrent une couverture sup\u00e9rieure et un ajustement confortable. Fabriqu\u00e9s avec des mat\u00e9riaux de haute qualit\u00e9 tels que le TAC et le polycarbonate, ils garantissent durabilit\u00e9 et r\u00e9sistance aux impacts, id\u00e9aux pour le sport ou un usage &#8230; <a title=\"Verres pour Oakley 9430 ACTUATOR SQ\" class=\"read-more\" href=\"https:\/\/sunglassrevivers.com\/fr\/produit\/verres-pour-oakley-9430-actuator-sq\/\" aria-label=\"En savoir plus sur Verres pour Oakley 9430 ACTUATOR SQ\">Lire plus<\/a><\/p>\n","protected":false},"featured_media":30003,"comment_status":"open","ping_status":"closed","template":"","meta":{"_acf_changed":false},"product_brand":[],"product_cat":[1724,1742],"product_tag":[],"class_list":{"0":"post-29862","1":"product","2":"type-product","3":"status-publish","4":"has-post-thumbnail","6":"product_cat-verres-de-rechange","7":"product_cat-verres-oakley","8":"sales-flash-overlay","9":"woocommerce-text-align-center","10":"woocommerce-image-align-center","11":"do-quantity-buttons","13":"first","14":"instock","15":"taxable","16":"shipping-taxable","17":"purchasable","18":"product-type-variable","19":"has-default-attributes"},"acf":[],"_links":{"self":[{"href":"https:\/\/sunglassrevivers.com\/fr\/wp-json\/wp\/v2\/product\/29862","targetHints":{"allow":["GET"]}}],"collection":[{"href":"https:\/\/sunglassrevivers.com\/fr\/wp-json\/wp\/v2\/product"}],"about":[{"href":"https:\/\/sunglassrevivers.com\/fr\/wp-json\/wp\/v2\/types\/product"}],"replies":[{"embeddable":true,"href":"https:\/\/sunglassrevivers.com\/fr\/wp-json\/wp\/v2\/comments?post=29862"}],"version-history":[{"count":2,"href":"https:\/\/sunglassrevivers.com\/fr\/wp-json\/wp\/v2\/product\/29862\/revisions"}],"predecessor-version":[{"id":30788,"href":"https:\/\/sunglassrevivers.com\/fr\/wp-json\/wp\/v2\/product\/29862\/revisions\/30788"}],"wp:featuredmedia":[{"embeddable":true,"href":"https:\/\/sunglassrevivers.com\/fr\/wp-json\/wp\/v2\/media\/30003"}],"wp:attachment":[{"href":"https:\/\/sunglassrevivers.com\/fr\/wp-json\/wp\/v2\/media?parent=29862"}],"wp:term":[{"taxonomy":"product_brand","embeddable":true,"href":"https:\/\/sunglassrevivers.com\/fr\/wp-json\/wp\/v2\/product_brand?post=29862"},{"taxonomy":"product_cat","embeddable":true,"href":"https:\/\/sunglassrevivers.com\/fr\/wp-json\/wp\/v2\/product_cat?post=29862"},{"taxonomy":"product_tag","embeddable":true,"href":"https:\/\/sunglassrevivers.com\/fr\/wp-json\/wp\/v2\/product_tag?post=29862"}],"curies":[{"name":"wp","href":"https:\/\/api.w.org\/{rel}","templated":true}]}}