{"id":29870,"date":"2025-08-18T17:37:35","date_gmt":"2025-08-18T16:37:35","guid":{"rendered":"https:\/\/sunglassrevivers.com\/fr\/?post_type=product&#038;p=29870"},"modified":"2025-11-13T13:34:12","modified_gmt":"2025-11-13T12:34:12","slug":"verres-pour-oakley-9491-belleville","status":"publish","type":"product","link":"https:\/\/sunglassrevivers.com\/fr\/produit\/verres-pour-oakley-9491-belleville\/","title":{"rendered":"Verres pour Oakley 9491 BELLEVILLE"},"content":{"rendered":"<p>Les <strong>verres pour Oakley 9491 BELLEVILLE<\/strong> sont le choix id\u00e9al pour ceux qui souhaitent am\u00e9liorer leur exp\u00e9rience visuelle sans compromettre le style. Ces verres se caract\u00e9risent par leur forme rectangulaire, con\u00e7ue pour offrir un large champ de vision. Avec une hauteur de 40 mm et un diam\u00e8tre de 64 mm, ils offrent une couverture optimale, garantissant une perception claire de chaque image.<\/p>\n<p>Fabriqu\u00e9s avec des mat\u00e9riaux de haute qualit\u00e9 tels que <strong>TAC et Polycarbonate<\/strong>, ces verres garantissent une durabilit\u00e9 et une r\u00e9sistance aux impacts exceptionnelles. Leur courbure de base 8 permet une meilleure adaptation au visage, offrant confort \u00e0 tout moment. Les <em>verres pour Oakley 9491 BELLEVILLE<\/em> ne sont pas seulement fonctionnels mais offrent \u00e9galement une esth\u00e9tique moderne et sophistiqu\u00e9e.<\/p>\n<ul>\n<li><strong>Protection<\/strong>: Maximisez la protection contre les rayons UV nocifs, prenant soin de vos yeux m\u00eame dans les conditions les plus extr\u00eames.<\/li>\n<li><strong>Confort<\/strong>: Gr\u00e2ce \u00e0 leur design ergonomique, ils s&rsquo;adaptent parfaitement \u00e0 votre visage, id\u00e9aux pour les longues journ\u00e9es d&rsquo;utilisation.<\/li>\n<li><strong>Style<\/strong>: Leur design \u00e9l\u00e9gant compl\u00e8te tout style, en faisant un accessoire indispensable.<\/li>\n<\/ul>\n<p>Choisissez les <strong>verres pour Oakley 9491 BELLEVILLE<\/strong> et d\u00e9couvrez la fusion parfaite entre qualit\u00e9, confort et style.Le produit Verres pour Oakley 9491 BELLEVILLE n\u2019est pas un article original fabriqu\u00e9 ou approuv\u00e9 par Oakley\u00ae, sauf indication contraire dans la fiche produit. Sunglass Revivers n\u2019est ni affili\u00e9, ni associ\u00e9, ni sponsoris\u00e9 par Oakley\u00ae ou par Luxottica Group.<\/p>\n","protected":false},"excerpt":{"rendered":"<p>Les verres pour Oakley 9491 BELLEVILLE sont le choix id\u00e9al pour ceux qui souhaitent am\u00e9liorer leur exp\u00e9rience visuelle sans compromettre le style. Ces verres se caract\u00e9risent par leur forme rectangulaire, con\u00e7ue pour offrir un large champ de vision. Avec une hauteur de 40 mm et un diam\u00e8tre de 64 mm, ils offrent une couverture optimale, &#8230; <a title=\"Verres pour Oakley 9491 BELLEVILLE\" class=\"read-more\" href=\"https:\/\/sunglassrevivers.com\/fr\/produit\/verres-pour-oakley-9491-belleville\/\" aria-label=\"En savoir plus sur Verres pour Oakley 9491 BELLEVILLE\">Lire plus<\/a><\/p>\n","protected":false},"featured_media":30006,"comment_status":"open","ping_status":"closed","template":"","meta":{"_acf_changed":false},"product_brand":[],"product_cat":[1724,1742],"product_tag":[],"class_list":{"0":"post-29870","1":"product","2":"type-product","3":"status-publish","4":"has-post-thumbnail","6":"product_cat-verres-de-rechange","7":"product_cat-verres-oakley","8":"sales-flash-overlay","9":"woocommerce-text-align-center","10":"woocommerce-image-align-center","11":"do-quantity-buttons","13":"first","14":"instock","15":"taxable","16":"shipping-taxable","17":"purchasable","18":"product-type-variable","19":"has-default-attributes"},"acf":[],"_links":{"self":[{"href":"https:\/\/sunglassrevivers.com\/fr\/wp-json\/wp\/v2\/product\/29870","targetHints":{"allow":["GET"]}}],"collection":[{"href":"https:\/\/sunglassrevivers.com\/fr\/wp-json\/wp\/v2\/product"}],"about":[{"href":"https:\/\/sunglassrevivers.com\/fr\/wp-json\/wp\/v2\/types\/product"}],"replies":[{"embeddable":true,"href":"https:\/\/sunglassrevivers.com\/fr\/wp-json\/wp\/v2\/comments?post=29870"}],"version-history":[{"count":2,"href":"https:\/\/sunglassrevivers.com\/fr\/wp-json\/wp\/v2\/product\/29870\/revisions"}],"predecessor-version":[{"id":30792,"href":"https:\/\/sunglassrevivers.com\/fr\/wp-json\/wp\/v2\/product\/29870\/revisions\/30792"}],"wp:featuredmedia":[{"embeddable":true,"href":"https:\/\/sunglassrevivers.com\/fr\/wp-json\/wp\/v2\/media\/30006"}],"wp:attachment":[{"href":"https:\/\/sunglassrevivers.com\/fr\/wp-json\/wp\/v2\/media?parent=29870"}],"wp:term":[{"taxonomy":"product_brand","embeddable":true,"href":"https:\/\/sunglassrevivers.com\/fr\/wp-json\/wp\/v2\/product_brand?post=29870"},{"taxonomy":"product_cat","embeddable":true,"href":"https:\/\/sunglassrevivers.com\/fr\/wp-json\/wp\/v2\/product_cat?post=29870"},{"taxonomy":"product_tag","embeddable":true,"href":"https:\/\/sunglassrevivers.com\/fr\/wp-json\/wp\/v2\/product_tag?post=29870"}],"curies":[{"name":"wp","href":"https:\/\/api.w.org\/{rel}","templated":true}]}}