{"id":29880,"date":"2025-08-18T17:43:01","date_gmt":"2025-08-18T16:43:01","guid":{"rendered":"https:\/\/sunglassrevivers.com\/fr\/?post_type=product&#038;p=29880"},"modified":"2025-11-13T13:34:13","modified_gmt":"2025-11-13T12:34:13","slug":"verres-pour-oakley-4124-gauge-8","status":"publish","type":"product","link":"https:\/\/sunglassrevivers.com\/fr\/produit\/verres-pour-oakley-4124-gauge-8\/","title":{"rendered":"Verres pour Oakley 4124 GAUGE 8"},"content":{"rendered":"<p>D\u00e9couvrez la meilleure fa\u00e7on de revitaliser vos lunettes avec les <strong>Verres pour Oakley 4124 GAUGE 8<\/strong>. Con\u00e7us pour offrir une vision claire et une protection exceptionnelle, ces verres sont le choix id\u00e9al pour ceux qui recherchent une combinaison parfaite de style et de fonctionnalit\u00e9.<\/p>\n<p>Les caract\u00e9ristiques cl\u00e9s de ces verres comprennent :<\/p>\n<ul>\n<li><strong>Mod\u00e8le 4124- GAUGE 8<\/strong> : Con\u00e7u sp\u00e9cifiquement pour ce mod\u00e8le, garantissant un ajustement parfait.<\/li>\n<li><strong>Forme rectangulaire<\/strong> : Offre une couverture compl\u00e8te, id\u00e9ale pour un look moderne et \u00e9l\u00e9gant.<\/li>\n<li><strong>Hauteur de 42 mm et diam\u00e8tre de 63 mm<\/strong> : Dimensions pr\u00e9cises pour une exp\u00e9rience visuelle am\u00e9lior\u00e9e.<\/li>\n<li><strong>Courbure de base 8<\/strong> : Offre une vision panoramique et enveloppante.<\/li>\n<li><strong>Mat\u00e9riaux de haute qualit\u00e9<\/strong> : Disponibles en TAC et polycarbonate, assurant durabilit\u00e9 et r\u00e9sistance aux impacts.<\/li>\n<\/ul>\n<p>Avec les <strong>Verres pour Oakley 4124 GAUGE 8<\/strong>, vous ne restaurerez pas seulement la fonctionnalit\u00e9 de vos lunettes, mais vous am\u00e9liorerez \u00e9galement leurs performances optiques. Parfaits pour le sport ou l&rsquo;utilisation quotidienne, ces verres sont l&rsquo;allier id\u00e9al pour vous prot\u00e9ger du soleil et profiter de la clart\u00e9 visuelle \u00e0 tout moment.Le produit Verres pour Oakley 4124 GAUGE 8 n\u2019est pas un article original fabriqu\u00e9 ou approuv\u00e9 par Oakley\u00ae, sauf indication contraire dans la fiche produit. Sunglass Revivers n\u2019est ni affili\u00e9, ni associ\u00e9, ni sponsoris\u00e9 par Oakley\u00ae ou par Luxottica Group.<\/p>\n","protected":false},"excerpt":{"rendered":"<p>D\u00e9couvrez la meilleure fa\u00e7on de revitaliser vos lunettes avec les Verres pour Oakley 4124 GAUGE 8. Con\u00e7us pour offrir une vision claire et une protection exceptionnelle, ces verres sont le choix id\u00e9al pour ceux qui recherchent une combinaison parfaite de style et de fonctionnalit\u00e9. Les caract\u00e9ristiques cl\u00e9s de ces verres comprennent : Mod\u00e8le 4124- GAUGE &#8230; <a title=\"Verres pour Oakley 4124 GAUGE 8\" class=\"read-more\" href=\"https:\/\/sunglassrevivers.com\/fr\/produit\/verres-pour-oakley-4124-gauge-8\/\" aria-label=\"En savoir plus sur Verres pour Oakley 4124 GAUGE 8\">Lire plus<\/a><\/p>\n","protected":false},"featured_media":30029,"comment_status":"open","ping_status":"closed","template":"","meta":{"_acf_changed":false},"product_brand":[],"product_cat":[1724,1742],"product_tag":[],"class_list":{"0":"post-29880","1":"product","2":"type-product","3":"status-publish","4":"has-post-thumbnail","6":"product_cat-verres-de-rechange","7":"product_cat-verres-oakley","8":"sales-flash-overlay","9":"woocommerce-text-align-center","10":"woocommerce-image-align-center","11":"do-quantity-buttons","13":"first","14":"instock","15":"taxable","16":"shipping-taxable","17":"purchasable","18":"product-type-variable"},"acf":[],"_links":{"self":[{"href":"https:\/\/sunglassrevivers.com\/fr\/wp-json\/wp\/v2\/product\/29880","targetHints":{"allow":["GET"]}}],"collection":[{"href":"https:\/\/sunglassrevivers.com\/fr\/wp-json\/wp\/v2\/product"}],"about":[{"href":"https:\/\/sunglassrevivers.com\/fr\/wp-json\/wp\/v2\/types\/product"}],"replies":[{"embeddable":true,"href":"https:\/\/sunglassrevivers.com\/fr\/wp-json\/wp\/v2\/comments?post=29880"}],"version-history":[{"count":2,"href":"https:\/\/sunglassrevivers.com\/fr\/wp-json\/wp\/v2\/product\/29880\/revisions"}],"predecessor-version":[{"id":30797,"href":"https:\/\/sunglassrevivers.com\/fr\/wp-json\/wp\/v2\/product\/29880\/revisions\/30797"}],"wp:featuredmedia":[{"embeddable":true,"href":"https:\/\/sunglassrevivers.com\/fr\/wp-json\/wp\/v2\/media\/30029"}],"wp:attachment":[{"href":"https:\/\/sunglassrevivers.com\/fr\/wp-json\/wp\/v2\/media?parent=29880"}],"wp:term":[{"taxonomy":"product_brand","embeddable":true,"href":"https:\/\/sunglassrevivers.com\/fr\/wp-json\/wp\/v2\/product_brand?post=29880"},{"taxonomy":"product_cat","embeddable":true,"href":"https:\/\/sunglassrevivers.com\/fr\/wp-json\/wp\/v2\/product_cat?post=29880"},{"taxonomy":"product_tag","embeddable":true,"href":"https:\/\/sunglassrevivers.com\/fr\/wp-json\/wp\/v2\/product_tag?post=29880"}],"curies":[{"name":"wp","href":"https:\/\/api.w.org\/{rel}","templated":true}]}}