{"id":29884,"date":"2025-08-18T17:46:19","date_gmt":"2025-08-18T16:46:19","guid":{"rendered":"https:\/\/sunglassrevivers.com\/fr\/?post_type=product&#038;p=29884"},"modified":"2025-11-13T13:34:13","modified_gmt":"2025-11-13T12:34:13","slug":"verres-pour-oakley-9039-straight-jacket","status":"publish","type":"product","link":"https:\/\/sunglassrevivers.com\/fr\/produit\/verres-pour-oakley-9039-straight-jacket\/","title":{"rendered":"Verres pour Oakley 9039 STRAIGHT JACKET"},"content":{"rendered":"<p>Les <strong>verres pour Oakley 9039 STRAIGHT JACKET<\/strong> offrent la solution id\u00e9ale pour redonner vie \u00e0 vos lunettes pr\u00e9f\u00e9r\u00e9es. Con\u00e7us sp\u00e9cifiquement pour le mod\u00e8le 9039, ces verres garantissent un ajustement parfait et des performances optimales.<\/p>\n<p>Ces verres rectangulaires ont une <strong>courbure de base 8<\/strong>, offrant un large champ de vision et une protection solaire compl\u00e8te. Avec un diam\u00e8tre de 62 mm et une hauteur de 35 mm, ils sont fabriqu\u00e9s en <strong>TAC et polycarbonate<\/strong>, des mat\u00e9riaux reconnus pour leur haute r\u00e9sistance aux impacts et leur clart\u00e9 visuelle optimale.<\/p>\n<ul>\n<li><strong>Mat\u00e9riau de qualit\u00e9 :<\/strong> Le TAC et le polycarbonate sont des mat\u00e9riaux solides et durables, id\u00e9aux pour les activit\u00e9s ext\u00e9rieures.<\/li>\n<li><strong>Protection UV :<\/strong> Les verres pour Oakley 9039 STRAIGHT JACKET offrent une excellente protection UV, pr\u00e9servant ainsi vos yeux tout au long de la journ\u00e9e.<\/li>\n<li><strong>Installation facile :<\/strong> Renouvelez facilement vos lunettes avec un simple remplacement de verres qui apporte un nouveau look.<\/li>\n<\/ul>\n<p>Red\u00e9couvrez le monde avec clart\u00e9 et style avec les verres pour Oakley 9039 STRAIGHT JACKET. Que ce soit pour le sport ou un usage quotidien, ces verres sont con\u00e7us pour r\u00e9pondre aux attentes les plus \u00e9lev\u00e9es en termes de qualit\u00e9 et de performance.Le produit Verres pour Oakley 9039 STRAIGHT JACKET n\u2019est pas un article original fabriqu\u00e9 ou approuv\u00e9 par Oakley\u00ae, sauf indication contraire dans la fiche produit. Sunglass Revivers n\u2019est ni affili\u00e9, ni associ\u00e9, ni sponsoris\u00e9 par Oakley\u00ae ou par Luxottica Group.<\/p>\n","protected":false},"excerpt":{"rendered":"<p>Les verres pour Oakley 9039 STRAIGHT JACKET offrent la solution id\u00e9ale pour redonner vie \u00e0 vos lunettes pr\u00e9f\u00e9r\u00e9es. Con\u00e7us sp\u00e9cifiquement pour le mod\u00e8le 9039, ces verres garantissent un ajustement parfait et des performances optimales. Ces verres rectangulaires ont une courbure de base 8, offrant un large champ de vision et une protection solaire compl\u00e8te. Avec &#8230; <a title=\"Verres pour Oakley 9039 STRAIGHT JACKET\" class=\"read-more\" href=\"https:\/\/sunglassrevivers.com\/fr\/produit\/verres-pour-oakley-9039-straight-jacket\/\" aria-label=\"En savoir plus sur Verres pour Oakley 9039 STRAIGHT JACKET\">Lire plus<\/a><\/p>\n","protected":false},"featured_media":30031,"comment_status":"open","ping_status":"closed","template":"","meta":{"_acf_changed":false},"product_brand":[],"product_cat":[1724,1742],"product_tag":[],"class_list":{"0":"post-29884","1":"product","2":"type-product","3":"status-publish","4":"has-post-thumbnail","6":"product_cat-verres-de-rechange","7":"product_cat-verres-oakley","8":"sales-flash-overlay","9":"woocommerce-text-align-center","10":"woocommerce-image-align-center","11":"do-quantity-buttons","13":"first","14":"instock","15":"taxable","16":"shipping-taxable","17":"purchasable","18":"product-type-variable","19":"has-default-attributes"},"acf":[],"_links":{"self":[{"href":"https:\/\/sunglassrevivers.com\/fr\/wp-json\/wp\/v2\/product\/29884","targetHints":{"allow":["GET"]}}],"collection":[{"href":"https:\/\/sunglassrevivers.com\/fr\/wp-json\/wp\/v2\/product"}],"about":[{"href":"https:\/\/sunglassrevivers.com\/fr\/wp-json\/wp\/v2\/types\/product"}],"replies":[{"embeddable":true,"href":"https:\/\/sunglassrevivers.com\/fr\/wp-json\/wp\/v2\/comments?post=29884"}],"version-history":[{"count":2,"href":"https:\/\/sunglassrevivers.com\/fr\/wp-json\/wp\/v2\/product\/29884\/revisions"}],"predecessor-version":[{"id":30799,"href":"https:\/\/sunglassrevivers.com\/fr\/wp-json\/wp\/v2\/product\/29884\/revisions\/30799"}],"wp:featuredmedia":[{"embeddable":true,"href":"https:\/\/sunglassrevivers.com\/fr\/wp-json\/wp\/v2\/media\/30031"}],"wp:attachment":[{"href":"https:\/\/sunglassrevivers.com\/fr\/wp-json\/wp\/v2\/media?parent=29884"}],"wp:term":[{"taxonomy":"product_brand","embeddable":true,"href":"https:\/\/sunglassrevivers.com\/fr\/wp-json\/wp\/v2\/product_brand?post=29884"},{"taxonomy":"product_cat","embeddable":true,"href":"https:\/\/sunglassrevivers.com\/fr\/wp-json\/wp\/v2\/product_cat?post=29884"},{"taxonomy":"product_tag","embeddable":true,"href":"https:\/\/sunglassrevivers.com\/fr\/wp-json\/wp\/v2\/product_tag?post=29884"}],"curies":[{"name":"wp","href":"https:\/\/api.w.org\/{rel}","templated":true}]}}