{"id":29886,"date":"2025-08-18T17:47:34","date_gmt":"2025-08-18T16:47:34","guid":{"rendered":"https:\/\/sunglassrevivers.com\/fr\/?post_type=product&#038;p=29886"},"modified":"2025-11-13T13:34:13","modified_gmt":"2025-11-13T12:34:13","slug":"verres-pour-oakley-9129-cables","status":"publish","type":"product","link":"https:\/\/sunglassrevivers.com\/fr\/produit\/verres-pour-oakley-9129-cables\/","title":{"rendered":"Verres pour Oakley 9129 CABLES"},"content":{"rendered":"<p>D\u00e9couvrez la solution id\u00e9ale pour redonner vie \u00e0 vos lunettes avec les <strong>verres pour Oakley 9129 CABLES<\/strong>. Con\u00e7us sp\u00e9cifiquement pour le mod\u00e8le 9129, ces verres se distinguent par leur forme rectangulaire qui compl\u00e8te parfaitement le design \u00e9l\u00e9gant de vos Cables.<\/p>\n<p>Avec une hauteur de 39 mm et un diam\u00e8tre de 68 mm, ces verres assurent un ajustement parfait et garantissent une couverture totale, prot\u00e9geant vos yeux des rayons UV nocifs tout en profitant du style et du confort exceptionnels d&rsquo;Oakley.<\/p>\n<ul>\n<li><strong>R\u00e9sistance et clart\u00e9 :<\/strong> Fabriqu\u00e9s en TAC et en polycarbonate, ces verres offrent une clart\u00e9 optique sup\u00e9rieure, essentielle pour une exp\u00e9rience visuelle pr\u00e9cise.<\/li>\n<li><strong>Courbure de base 8 :<\/strong> La courbure de base 8 offre une protection compl\u00e8te enveloppante, maximisant la couverture lat\u00e9rale.<\/li>\n<li><strong>Durabilit\u00e9 :<\/strong> Le mat\u00e9riau r\u00e9sistant aux impacts assure que vos verres pour Oakley 9129 CABLES r\u00e9sistent \u00e0 l&rsquo;usure quotidienne.<\/li>\n<\/ul>\n<p>Ne compromettez pas la qualit\u00e9 ni le style de vos lunettes. Renouvelez votre exp\u00e9rience visuelle avec les verres pour Oakley 9129 CABLES et ressentez la diff\u00e9rence qu&rsquo;une nouvelle paire de verres peut faire.Le produit Verres pour Oakley 9129 CABLES n\u2019est pas un article original fabriqu\u00e9 ou approuv\u00e9 par Oakley\u00ae, sauf indication contraire dans la fiche produit. Sunglass Revivers n\u2019est ni affili\u00e9, ni associ\u00e9, ni sponsoris\u00e9 par Oakley\u00ae ou par Luxottica Group.<\/p>\n","protected":false},"excerpt":{"rendered":"<p>D\u00e9couvrez la solution id\u00e9ale pour redonner vie \u00e0 vos lunettes avec les verres pour Oakley 9129 CABLES. Con\u00e7us sp\u00e9cifiquement pour le mod\u00e8le 9129, ces verres se distinguent par leur forme rectangulaire qui compl\u00e8te parfaitement le design \u00e9l\u00e9gant de vos Cables. Avec une hauteur de 39 mm et un diam\u00e8tre de 68 mm, ces verres assurent &#8230; <a title=\"Verres pour Oakley 9129 CABLES\" class=\"read-more\" href=\"https:\/\/sunglassrevivers.com\/fr\/produit\/verres-pour-oakley-9129-cables\/\" aria-label=\"En savoir plus sur Verres pour Oakley 9129 CABLES\">Lire plus<\/a><\/p>\n","protected":false},"featured_media":30032,"comment_status":"open","ping_status":"closed","template":"","meta":{"_acf_changed":false},"product_brand":[],"product_cat":[1724,1742],"product_tag":[],"class_list":{"0":"post-29886","1":"product","2":"type-product","3":"status-publish","4":"has-post-thumbnail","6":"product_cat-verres-de-rechange","7":"product_cat-verres-oakley","8":"sales-flash-overlay","9":"woocommerce-text-align-center","10":"woocommerce-image-align-center","11":"do-quantity-buttons","13":"first","14":"instock","15":"taxable","16":"shipping-taxable","17":"purchasable","18":"product-type-variable","19":"has-default-attributes"},"acf":[],"_links":{"self":[{"href":"https:\/\/sunglassrevivers.com\/fr\/wp-json\/wp\/v2\/product\/29886","targetHints":{"allow":["GET"]}}],"collection":[{"href":"https:\/\/sunglassrevivers.com\/fr\/wp-json\/wp\/v2\/product"}],"about":[{"href":"https:\/\/sunglassrevivers.com\/fr\/wp-json\/wp\/v2\/types\/product"}],"replies":[{"embeddable":true,"href":"https:\/\/sunglassrevivers.com\/fr\/wp-json\/wp\/v2\/comments?post=29886"}],"version-history":[{"count":2,"href":"https:\/\/sunglassrevivers.com\/fr\/wp-json\/wp\/v2\/product\/29886\/revisions"}],"predecessor-version":[{"id":30800,"href":"https:\/\/sunglassrevivers.com\/fr\/wp-json\/wp\/v2\/product\/29886\/revisions\/30800"}],"wp:featuredmedia":[{"embeddable":true,"href":"https:\/\/sunglassrevivers.com\/fr\/wp-json\/wp\/v2\/media\/30032"}],"wp:attachment":[{"href":"https:\/\/sunglassrevivers.com\/fr\/wp-json\/wp\/v2\/media?parent=29886"}],"wp:term":[{"taxonomy":"product_brand","embeddable":true,"href":"https:\/\/sunglassrevivers.com\/fr\/wp-json\/wp\/v2\/product_brand?post=29886"},{"taxonomy":"product_cat","embeddable":true,"href":"https:\/\/sunglassrevivers.com\/fr\/wp-json\/wp\/v2\/product_cat?post=29886"},{"taxonomy":"product_tag","embeddable":true,"href":"https:\/\/sunglassrevivers.com\/fr\/wp-json\/wp\/v2\/product_tag?post=29886"}],"curies":[{"name":"wp","href":"https:\/\/api.w.org\/{rel}","templated":true}]}}