{"id":29890,"date":"2025-08-18T17:49:47","date_gmt":"2025-08-18T16:49:47","guid":{"rendered":"https:\/\/sunglassrevivers.com\/fr\/?post_type=product&#038;p=29890"},"modified":"2025-11-13T13:34:13","modified_gmt":"2025-11-13T12:34:13","slug":"verres-pour-oakley-9249-nxtlvl","status":"publish","type":"product","link":"https:\/\/sunglassrevivers.com\/fr\/produit\/verres-pour-oakley-9249-nxtlvl\/","title":{"rendered":"Verres pour Oakley 9249 NXTLVL"},"content":{"rendered":"<p>Les <strong>verres pour Oakley 9249 NXTLVL<\/strong> sont le choix parfait pour ceux qui souhaitent maintenir leurs lunettes Oakley en parfait \u00e9tat sans compromettre le style ni la fonctionnalit\u00e9. Con\u00e7us pour le mod\u00e8le 9249-NXTLVL, ces verres offrent une forme rectangulaire qui s&rsquo;adapte parfaitement, garantissant une vision claire gr\u00e2ce \u00e0 leurs composants de haute qualit\u00e9. Fabriqu\u00e9s \u00e0 partir de mat\u00e9riaux robustes tels que le <strong>TAC<\/strong> et le <strong>Polycarbonate<\/strong>, ils garantissent une r\u00e9sistance et une durabilit\u00e9 exceptionnelles dans n&rsquo;importe quel environnement.<\/p>\n<p>Avec une hauteur de 44 mm et un diam\u00e8tre de 64 mm, ces verres sont id\u00e9aux pour les activit\u00e9s de plein air ou pour une utilisation quotidienne, assurant que vos yeux soient toujours prot\u00e9g\u00e9s. Leur courbure de base 6 offre un ajustement confortable au visage, tandis que leur technologie innovante bloque efficacement les rayons UV, prot\u00e9geant vos yeux de tout dommage potentiel.<\/p>\n<ul>\n<li><strong>Ajustement parfait<\/strong> pour le mod\u00e8le Oakley 9249<\/li>\n<li><strong>Protection UV<\/strong> avec des mat\u00e9riaux de qualit\u00e9<\/li>\n<li><strong>Durabilit\u00e9 garantie<\/strong> avec TAC et Polycarbonate<\/li>\n<\/ul>\n<p>Les <strong>verres pour Oakley 9249 NXTLVL<\/strong> offrent non seulement de la fonctionnalit\u00e9, mais maintiennent \u00e9galement le style et l&rsquo;esth\u00e9tique que vous attendez de vos lunettes Oakley. Ne manquez pas l&rsquo;occasion d&rsquo;am\u00e9liorer vos Oakley et de prot\u00e9ger votre vision avec ces verres de remplacement haut de gamme.Le produit Verres pour Oakley 9249 NXTLVL n\u2019est pas un article original fabriqu\u00e9 ou approuv\u00e9 par Oakley\u00ae, sauf indication contraire dans la fiche produit. Sunglass Revivers n\u2019est ni affili\u00e9, ni associ\u00e9, ni sponsoris\u00e9 par Oakley\u00ae ou par Luxottica Group.<\/p>\n","protected":false},"excerpt":{"rendered":"<p>Les verres pour Oakley 9249 NXTLVL sont le choix parfait pour ceux qui souhaitent maintenir leurs lunettes Oakley en parfait \u00e9tat sans compromettre le style ni la fonctionnalit\u00e9. Con\u00e7us pour le mod\u00e8le 9249-NXTLVL, ces verres offrent une forme rectangulaire qui s&rsquo;adapte parfaitement, garantissant une vision claire gr\u00e2ce \u00e0 leurs composants de haute qualit\u00e9. Fabriqu\u00e9s \u00e0 &#8230; <a title=\"Verres pour Oakley 9249 NXTLVL\" class=\"read-more\" href=\"https:\/\/sunglassrevivers.com\/fr\/produit\/verres-pour-oakley-9249-nxtlvl\/\" aria-label=\"En savoir plus sur Verres pour Oakley 9249 NXTLVL\">Lire plus<\/a><\/p>\n","protected":false},"featured_media":30035,"comment_status":"open","ping_status":"closed","template":"","meta":{"_acf_changed":false},"product_brand":[],"product_cat":[1724,1742],"product_tag":[],"class_list":{"0":"post-29890","1":"product","2":"type-product","3":"status-publish","4":"has-post-thumbnail","6":"product_cat-verres-de-rechange","7":"product_cat-verres-oakley","8":"sales-flash-overlay","9":"woocommerce-text-align-center","10":"woocommerce-image-align-center","11":"do-quantity-buttons","13":"first","14":"instock","15":"taxable","16":"shipping-taxable","17":"purchasable","18":"product-type-variable","19":"has-default-attributes"},"acf":[],"_links":{"self":[{"href":"https:\/\/sunglassrevivers.com\/fr\/wp-json\/wp\/v2\/product\/29890","targetHints":{"allow":["GET"]}}],"collection":[{"href":"https:\/\/sunglassrevivers.com\/fr\/wp-json\/wp\/v2\/product"}],"about":[{"href":"https:\/\/sunglassrevivers.com\/fr\/wp-json\/wp\/v2\/types\/product"}],"replies":[{"embeddable":true,"href":"https:\/\/sunglassrevivers.com\/fr\/wp-json\/wp\/v2\/comments?post=29890"}],"version-history":[{"count":2,"href":"https:\/\/sunglassrevivers.com\/fr\/wp-json\/wp\/v2\/product\/29890\/revisions"}],"predecessor-version":[{"id":30802,"href":"https:\/\/sunglassrevivers.com\/fr\/wp-json\/wp\/v2\/product\/29890\/revisions\/30802"}],"wp:featuredmedia":[{"embeddable":true,"href":"https:\/\/sunglassrevivers.com\/fr\/wp-json\/wp\/v2\/media\/30035"}],"wp:attachment":[{"href":"https:\/\/sunglassrevivers.com\/fr\/wp-json\/wp\/v2\/media?parent=29890"}],"wp:term":[{"taxonomy":"product_brand","embeddable":true,"href":"https:\/\/sunglassrevivers.com\/fr\/wp-json\/wp\/v2\/product_brand?post=29890"},{"taxonomy":"product_cat","embeddable":true,"href":"https:\/\/sunglassrevivers.com\/fr\/wp-json\/wp\/v2\/product_cat?post=29890"},{"taxonomy":"product_tag","embeddable":true,"href":"https:\/\/sunglassrevivers.com\/fr\/wp-json\/wp\/v2\/product_tag?post=29890"}],"curies":[{"name":"wp","href":"https:\/\/api.w.org\/{rel}","templated":true}]}}