{"id":29892,"date":"2025-08-18T17:51:02","date_gmt":"2025-08-18T16:51:02","guid":{"rendered":"https:\/\/sunglassrevivers.com\/fr\/?post_type=product&#038;p=29892"},"modified":"2025-11-13T13:34:13","modified_gmt":"2025-11-13T12:34:13","slug":"verres-pour-oakley-9264-mainlink","status":"publish","type":"product","link":"https:\/\/sunglassrevivers.com\/fr\/produit\/verres-pour-oakley-9264-mainlink\/","title":{"rendered":"Verres pour Oakley 9264 MAINLINK"},"content":{"rendered":"<p>Rajeunissez vos lunettes avec les <strong>Verres pour Oakley 9264 MAINLINK<\/strong> et profitez d&rsquo;une clart\u00e9 visuelle exceptionnelle. Con\u00e7us avec pr\u00e9cision pour le mod\u00e8le MAINLINK, ces verres sont la solution parfaite pour garder vos lunettes en parfait \u00e9tat.<\/p>\n<ul>\n<li><strong>Forme<\/strong> : Les verres rectangulaires s&rsquo;adaptent parfaitement \u00e0 votre visage, offrant un ajustement confortable et s\u00e9curis\u00e9.<\/li>\n<li><strong>Sp\u00e9cifications techniques<\/strong> : Avec une hauteur de 42 mm et un diam\u00e8tre de 63 mm, ils sont con\u00e7us pour un large champ de vision.<\/li>\n<li><strong>Courbure<\/strong> : La base 6 offre une clart\u00e9 visuelle sup\u00e9rieure, r\u00e9duisant la distorsion et am\u00e9liorant la perception des couleurs.<\/li>\n<li><strong>Mat\u00e9riau des verres<\/strong> : Fabriqu\u00e9s en TAC et polycarbonate, ces verres assurent une r\u00e9sistance exceptionnelle aux impacts et une durabilit\u00e9 prolong\u00e9e.<\/li>\n<\/ul>\n<p>Les <em>Verres pour Oakley 9264 MAINLINK<\/em> renouvelleront non seulement votre style, mais am\u00e9lioreront \u00e9galement votre exp\u00e9rience visuelle. Retrouvez la qualit\u00e9 de vision que le temps et l&rsquo;usure ont pu diminuer, tout en profitant de la technologie de pointe d&rsquo;Oakley.Le produit Verres pour Oakley 9264 MAINLINK n\u2019est pas un article original fabriqu\u00e9 ou approuv\u00e9 par Oakley\u00ae, sauf indication contraire dans la fiche produit. Sunglass Revivers n\u2019est ni affili\u00e9, ni associ\u00e9, ni sponsoris\u00e9 par Oakley\u00ae ou par Luxottica Group.<\/p>\n","protected":false},"excerpt":{"rendered":"<p>Rajeunissez vos lunettes avec les Verres pour Oakley 9264 MAINLINK et profitez d&rsquo;une clart\u00e9 visuelle exceptionnelle. Con\u00e7us avec pr\u00e9cision pour le mod\u00e8le MAINLINK, ces verres sont la solution parfaite pour garder vos lunettes en parfait \u00e9tat. Forme : Les verres rectangulaires s&rsquo;adaptent parfaitement \u00e0 votre visage, offrant un ajustement confortable et s\u00e9curis\u00e9. Sp\u00e9cifications techniques : &#8230; <a title=\"Verres pour Oakley 9264 MAINLINK\" class=\"read-more\" href=\"https:\/\/sunglassrevivers.com\/fr\/produit\/verres-pour-oakley-9264-mainlink\/\" aria-label=\"En savoir plus sur Verres pour Oakley 9264 MAINLINK\">Lire plus<\/a><\/p>\n","protected":false},"featured_media":30036,"comment_status":"open","ping_status":"closed","template":"","meta":{"_acf_changed":false},"product_brand":[],"product_cat":[1724,1742],"product_tag":[],"class_list":{"0":"post-29892","1":"product","2":"type-product","3":"status-publish","4":"has-post-thumbnail","6":"product_cat-verres-de-rechange","7":"product_cat-verres-oakley","8":"sales-flash-overlay","9":"woocommerce-text-align-center","10":"woocommerce-image-align-center","11":"do-quantity-buttons","13":"first","14":"instock","15":"taxable","16":"shipping-taxable","17":"purchasable","18":"product-type-variable","19":"has-default-attributes"},"acf":[],"_links":{"self":[{"href":"https:\/\/sunglassrevivers.com\/fr\/wp-json\/wp\/v2\/product\/29892","targetHints":{"allow":["GET"]}}],"collection":[{"href":"https:\/\/sunglassrevivers.com\/fr\/wp-json\/wp\/v2\/product"}],"about":[{"href":"https:\/\/sunglassrevivers.com\/fr\/wp-json\/wp\/v2\/types\/product"}],"replies":[{"embeddable":true,"href":"https:\/\/sunglassrevivers.com\/fr\/wp-json\/wp\/v2\/comments?post=29892"}],"version-history":[{"count":2,"href":"https:\/\/sunglassrevivers.com\/fr\/wp-json\/wp\/v2\/product\/29892\/revisions"}],"predecessor-version":[{"id":30803,"href":"https:\/\/sunglassrevivers.com\/fr\/wp-json\/wp\/v2\/product\/29892\/revisions\/30803"}],"wp:featuredmedia":[{"embeddable":true,"href":"https:\/\/sunglassrevivers.com\/fr\/wp-json\/wp\/v2\/media\/30036"}],"wp:attachment":[{"href":"https:\/\/sunglassrevivers.com\/fr\/wp-json\/wp\/v2\/media?parent=29892"}],"wp:term":[{"taxonomy":"product_brand","embeddable":true,"href":"https:\/\/sunglassrevivers.com\/fr\/wp-json\/wp\/v2\/product_brand?post=29892"},{"taxonomy":"product_cat","embeddable":true,"href":"https:\/\/sunglassrevivers.com\/fr\/wp-json\/wp\/v2\/product_cat?post=29892"},{"taxonomy":"product_tag","embeddable":true,"href":"https:\/\/sunglassrevivers.com\/fr\/wp-json\/wp\/v2\/product_tag?post=29892"}],"curies":[{"name":"wp","href":"https:\/\/api.w.org\/{rel}","templated":true}]}}