{"id":29894,"date":"2025-08-18T17:52:09","date_gmt":"2025-08-18T16:52:09","guid":{"rendered":"https:\/\/sunglassrevivers.com\/fr\/?post_type=product&#038;p=29894"},"modified":"2025-11-13T13:34:13","modified_gmt":"2025-11-13T12:34:13","slug":"verres-pour-oakley-9380-double-edge","status":"publish","type":"product","link":"https:\/\/sunglassrevivers.com\/fr\/produit\/verres-pour-oakley-9380-double-edge\/","title":{"rendered":"Verres pour Oakley 9380 DOUBLE EDGE"},"content":{"rendered":"<p>Les <strong>verres pour Oakley 9380 DOUBLE EDGE<\/strong> sont le choix id\u00e9al pour ceux qui recherchent performance et style sans compromettre la qualit\u00e9. Con\u00e7ues pour s&rsquo;adapter au mod\u00e8le embl\u00e9matique, ces lentilles rectangulaires sont fabriqu\u00e9es avec des mat\u00e9riaux de premi\u00e8re qualit\u00e9 comme le TAC et le polycarbonate, offrant une durabilit\u00e9 et une protection contre les impacts in\u00e9gal\u00e9es.<\/p>\n<ul>\n<li><strong>Clart\u00e9 optimale :<\/strong> La technologie avanc\u00e9e garantit une vision nette et claire \u00e0 tout moment.<\/li>\n<li><strong>Protection compl\u00e8te :<\/strong> Les lentilles offrent une protection UV totale, parfaites pour les activit\u00e9s en ext\u00e9rieur.<\/li>\n<li><strong>Design adaptatif :<\/strong> La courbure de base 6 offre un ajustement confortable pour diff\u00e9rents types de visages.<\/li>\n<li><strong>Dimensions sp\u00e9cifiques :<\/strong> Avec une hauteur de 44mm et un diam\u00e8tre de 71mm, elles s&rsquo;adaptent parfaitement \u00e0 la monture d&rsquo;origine.<\/li>\n<\/ul>\n<p>Avec les <strong>verres pour Oakley 9380 DOUBLE EDGE<\/strong>, red\u00e9couvrez le monde avec une nouvelle perspective visuelle. Parfaites pour ceux qui appr\u00e9cient la qualit\u00e9 et le design innovant, ces lentilles am\u00e9liorent non seulement l&rsquo;apparence de vos lunettes, mais aussi votre exp\u00e9rience visuelle quotidienne.Le produit Verres pour Oakley 9380 DOUBLE EDGE n\u2019est pas un article original fabriqu\u00e9 ou approuv\u00e9 par Oakley\u00ae, sauf indication contraire dans la fiche produit. Sunglass Revivers n\u2019est ni affili\u00e9, ni associ\u00e9, ni sponsoris\u00e9 par Oakley\u00ae ou par Luxottica Group.<\/p>\n","protected":false},"excerpt":{"rendered":"<p>Les verres pour Oakley 9380 DOUBLE EDGE sont le choix id\u00e9al pour ceux qui recherchent performance et style sans compromettre la qualit\u00e9. Con\u00e7ues pour s&rsquo;adapter au mod\u00e8le embl\u00e9matique, ces lentilles rectangulaires sont fabriqu\u00e9es avec des mat\u00e9riaux de premi\u00e8re qualit\u00e9 comme le TAC et le polycarbonate, offrant une durabilit\u00e9 et une protection contre les impacts in\u00e9gal\u00e9es. &#8230; <a title=\"Verres pour Oakley 9380 DOUBLE EDGE\" class=\"read-more\" href=\"https:\/\/sunglassrevivers.com\/fr\/produit\/verres-pour-oakley-9380-double-edge\/\" aria-label=\"En savoir plus sur Verres pour Oakley 9380 DOUBLE EDGE\">Lire plus<\/a><\/p>\n","protected":false},"featured_media":30042,"comment_status":"open","ping_status":"closed","template":"","meta":{"_acf_changed":false},"product_brand":[],"product_cat":[1724,1742],"product_tag":[],"class_list":{"0":"post-29894","1":"product","2":"type-product","3":"status-publish","4":"has-post-thumbnail","6":"product_cat-verres-de-rechange","7":"product_cat-verres-oakley","8":"sales-flash-overlay","9":"woocommerce-text-align-center","10":"woocommerce-image-align-center","11":"do-quantity-buttons","13":"first","14":"instock","15":"taxable","16":"shipping-taxable","17":"purchasable","18":"product-type-variable","19":"has-default-attributes"},"acf":[],"_links":{"self":[{"href":"https:\/\/sunglassrevivers.com\/fr\/wp-json\/wp\/v2\/product\/29894","targetHints":{"allow":["GET"]}}],"collection":[{"href":"https:\/\/sunglassrevivers.com\/fr\/wp-json\/wp\/v2\/product"}],"about":[{"href":"https:\/\/sunglassrevivers.com\/fr\/wp-json\/wp\/v2\/types\/product"}],"replies":[{"embeddable":true,"href":"https:\/\/sunglassrevivers.com\/fr\/wp-json\/wp\/v2\/comments?post=29894"}],"version-history":[{"count":2,"href":"https:\/\/sunglassrevivers.com\/fr\/wp-json\/wp\/v2\/product\/29894\/revisions"}],"predecessor-version":[{"id":30804,"href":"https:\/\/sunglassrevivers.com\/fr\/wp-json\/wp\/v2\/product\/29894\/revisions\/30804"}],"wp:featuredmedia":[{"embeddable":true,"href":"https:\/\/sunglassrevivers.com\/fr\/wp-json\/wp\/v2\/media\/30042"}],"wp:attachment":[{"href":"https:\/\/sunglassrevivers.com\/fr\/wp-json\/wp\/v2\/media?parent=29894"}],"wp:term":[{"taxonomy":"product_brand","embeddable":true,"href":"https:\/\/sunglassrevivers.com\/fr\/wp-json\/wp\/v2\/product_brand?post=29894"},{"taxonomy":"product_cat","embeddable":true,"href":"https:\/\/sunglassrevivers.com\/fr\/wp-json\/wp\/v2\/product_cat?post=29894"},{"taxonomy":"product_tag","embeddable":true,"href":"https:\/\/sunglassrevivers.com\/fr\/wp-json\/wp\/v2\/product_tag?post=29894"}],"curies":[{"name":"wp","href":"https:\/\/api.w.org\/{rel}","templated":true}]}}