{"id":29900,"date":"2025-08-18T17:55:00","date_gmt":"2025-08-18T16:55:00","guid":{"rendered":"https:\/\/sunglassrevivers.com\/fr\/?post_type=product&#038;p=29900"},"modified":"2025-11-13T13:34:14","modified_gmt":"2025-11-13T12:34:14","slug":"verres-pour-oakley-9444-frogskins-35th","status":"publish","type":"product","link":"https:\/\/sunglassrevivers.com\/fr\/produit\/verres-pour-oakley-9444-frogskins-35th\/","title":{"rendered":"Verres pour Oakley 9444 FROGSKINS 35TH"},"content":{"rendered":"<p>D\u00e9couvrez l&rsquo;excellence optique avec nos <strong>Verres pour Oakley 9444 FROGSKINS 35TH<\/strong>. Con\u00e7us pour am\u00e9liorer votre exp\u00e9rience visuelle, ces verres en polycarbonate et TAC offrent une vision claire et pr\u00e9cise, id\u00e9aux pour les amateurs de plein air.<\/p>\n<ul>\n<li><strong>Mod\u00e8le:<\/strong> 9444- FROGSKINS 35TH<\/li>\n<li><strong>Forme:<\/strong> Rectangulaire<\/li>\n<li><strong>Hauteur:<\/strong> 45mm<\/li>\n<li><strong>Diam\u00e8tre:<\/strong> 63mm<\/li>\n<li><strong>Courbure:<\/strong> Base 4<\/li>\n<li><strong>Mat\u00e9riau des verres:<\/strong> TAC, Polycarbonate<\/li>\n<\/ul>\n<p>Les <strong>verres pour Oakley 9444 FROGSKINS 35TH<\/strong> sont parfaits pour ceux qui privil\u00e9gient la protection et le style. Avec une forme rectangulaire moderne, ils garantissent un ajustement parfait et un confort toute la journ\u00e9e. Ces verres, en plus de fournir une protection UV sup\u00e9rieure, assurent une r\u00e9sistance aux impacts incomparable gr\u00e2ce \u00e0 la robustesse de leur fabrication.<\/p>\n<p>\u00c9quipez vos lunettes Oakley des <strong>verres pour Oakley 9444 FROGSKINS 35TH<\/strong> et ressentez la diff\u00e9rence \u00e0 chaque utilisation. Am\u00e9liorez non seulement votre vision, mais aussi votre apparence, alliant fonctionnalit\u00e9 et design iconique.Le produit Verres pour Oakley 9444 FROGSKINS 35TH n\u2019est pas un article original fabriqu\u00e9 ou approuv\u00e9 par Oakley\u00ae, sauf indication contraire dans la fiche produit. Sunglass Revivers n\u2019est ni affili\u00e9, ni associ\u00e9, ni sponsoris\u00e9 par Oakley\u00ae ou par Luxottica Group.<\/p>\n","protected":false},"excerpt":{"rendered":"<p>D\u00e9couvrez l&rsquo;excellence optique avec nos Verres pour Oakley 9444 FROGSKINS 35TH. Con\u00e7us pour am\u00e9liorer votre exp\u00e9rience visuelle, ces verres en polycarbonate et TAC offrent une vision claire et pr\u00e9cise, id\u00e9aux pour les amateurs de plein air. Mod\u00e8le: 9444- FROGSKINS 35TH Forme: Rectangulaire Hauteur: 45mm Diam\u00e8tre: 63mm Courbure: Base 4 Mat\u00e9riau des verres: TAC, Polycarbonate Les &#8230; <a title=\"Verres pour Oakley 9444 FROGSKINS 35TH\" class=\"read-more\" href=\"https:\/\/sunglassrevivers.com\/fr\/produit\/verres-pour-oakley-9444-frogskins-35th\/\" aria-label=\"En savoir plus sur Verres pour Oakley 9444 FROGSKINS 35TH\">Lire plus<\/a><\/p>\n","protected":false},"featured_media":30048,"comment_status":"open","ping_status":"closed","template":"","meta":{"_acf_changed":false},"product_brand":[],"product_cat":[1724,1742],"product_tag":[],"class_list":{"0":"post-29900","1":"product","2":"type-product","3":"status-publish","4":"has-post-thumbnail","6":"product_cat-verres-de-rechange","7":"product_cat-verres-oakley","8":"sales-flash-overlay","9":"woocommerce-text-align-center","10":"woocommerce-image-align-center","11":"do-quantity-buttons","13":"first","14":"instock","15":"taxable","16":"shipping-taxable","17":"purchasable","18":"product-type-variable","19":"has-default-attributes"},"acf":[],"_links":{"self":[{"href":"https:\/\/sunglassrevivers.com\/fr\/wp-json\/wp\/v2\/product\/29900","targetHints":{"allow":["GET"]}}],"collection":[{"href":"https:\/\/sunglassrevivers.com\/fr\/wp-json\/wp\/v2\/product"}],"about":[{"href":"https:\/\/sunglassrevivers.com\/fr\/wp-json\/wp\/v2\/types\/product"}],"replies":[{"embeddable":true,"href":"https:\/\/sunglassrevivers.com\/fr\/wp-json\/wp\/v2\/comments?post=29900"}],"version-history":[{"count":2,"href":"https:\/\/sunglassrevivers.com\/fr\/wp-json\/wp\/v2\/product\/29900\/revisions"}],"predecessor-version":[{"id":30807,"href":"https:\/\/sunglassrevivers.com\/fr\/wp-json\/wp\/v2\/product\/29900\/revisions\/30807"}],"wp:featuredmedia":[{"embeddable":true,"href":"https:\/\/sunglassrevivers.com\/fr\/wp-json\/wp\/v2\/media\/30048"}],"wp:attachment":[{"href":"https:\/\/sunglassrevivers.com\/fr\/wp-json\/wp\/v2\/media?parent=29900"}],"wp:term":[{"taxonomy":"product_brand","embeddable":true,"href":"https:\/\/sunglassrevivers.com\/fr\/wp-json\/wp\/v2\/product_brand?post=29900"},{"taxonomy":"product_cat","embeddable":true,"href":"https:\/\/sunglassrevivers.com\/fr\/wp-json\/wp\/v2\/product_cat?post=29900"},{"taxonomy":"product_tag","embeddable":true,"href":"https:\/\/sunglassrevivers.com\/fr\/wp-json\/wp\/v2\/product_tag?post=29900"}],"curies":[{"name":"wp","href":"https:\/\/api.w.org\/{rel}","templated":true}]}}