{"id":29904,"date":"2025-08-18T17:57:05","date_gmt":"2025-08-18T16:57:05","guid":{"rendered":"https:\/\/sunglassrevivers.com\/fr\/?post_type=product&#038;p=29904"},"modified":"2025-11-13T13:34:15","modified_gmt":"2025-11-13T12:34:15","slug":"verres-pour-oakley-9482-futurity-sun","status":"publish","type":"product","link":"https:\/\/sunglassrevivers.com\/fr\/produit\/verres-pour-oakley-9482-futurity-sun\/","title":{"rendered":"Verres pour Oakley 9482 FUTURITY SUN"},"content":{"rendered":"<p><strong>Verres pour Oakley 9482 FUTURITY SUN<\/strong> sont la solution id\u00e9ale pour ceux qui recherchent personnalisation et performance dans leurs lunettes de soleil. Con\u00e7us avec soin pour s&rsquo;adapter au mod\u00e8le 9482 FUTURITY SUN, ces verres offrent un m\u00e9lange parfait de technologie sup\u00e9rieure et de design innovant.<\/p>\n<p>Avec une forme carr\u00e9e contemporaine, ces verres de rechange \u00e9tablissent la norme en mati\u00e8re de mode pour les lunettes de soleil. Ils ont une hauteur de 43 mm et un diam\u00e8tre de 64 mm, offrant une couverture optimale contre les rayons UV. Leur courbure de base 6 fournit un ajustement anatomique, s&rsquo;adaptant naturellement \u00e0 la forme de votre visage, garantissant un confort tout au long de la journ\u00e9e.<\/p>\n<p>Fabriqu\u00e9s avec du TAC et du polycarbonate, les <strong>verres pour Oakley 9482 FUTURITY SUN<\/strong> garantissent durabilit\u00e9 et r\u00e9sistance aux chocs, id\u00e9aux pour un style de vie actif. De plus, leur technologie de verres polaris\u00e9s aide \u00e0 r\u00e9duire l&rsquo;\u00e9blouissement, offrant une vision claire et nette dans n&rsquo;importe quel environnement.<\/p>\n<ul>\n<li>Compatible uniquement avec le mod\u00e8le 9482 FUTURITY SUN<\/li>\n<li>Protection 100% UV<\/li>\n<li>Design l\u00e9ger et r\u00e9sistant<\/li>\n<li>Excellente qualit\u00e9 optique pour une vision sans distorsion<\/li>\n<\/ul>\n<p>Choisissez les <strong>verres pour Oakley 9482 FUTURITY SUN<\/strong> et profitez d&rsquo;un nouveau niveau de clart\u00e9, de style et de protection.Le produit Verres pour Oakley 9482 FUTURITY SUN n\u2019est pas un article original fabriqu\u00e9 ou approuv\u00e9 par Oakley\u00ae, sauf indication contraire dans la fiche produit. Sunglass Revivers n\u2019est ni affili\u00e9, ni associ\u00e9, ni sponsoris\u00e9 par Oakley\u00ae ou par Luxottica Group.<\/p>\n","protected":false},"excerpt":{"rendered":"<p>Verres pour Oakley 9482 FUTURITY SUN sont la solution id\u00e9ale pour ceux qui recherchent personnalisation et performance dans leurs lunettes de soleil. Con\u00e7us avec soin pour s&rsquo;adapter au mod\u00e8le 9482 FUTURITY SUN, ces verres offrent un m\u00e9lange parfait de technologie sup\u00e9rieure et de design innovant. Avec une forme carr\u00e9e contemporaine, ces verres de rechange \u00e9tablissent &#8230; <a title=\"Verres pour Oakley 9482 FUTURITY SUN\" class=\"read-more\" href=\"https:\/\/sunglassrevivers.com\/fr\/produit\/verres-pour-oakley-9482-futurity-sun\/\" aria-label=\"En savoir plus sur Verres pour Oakley 9482 FUTURITY SUN\">Lire plus<\/a><\/p>\n","protected":false},"featured_media":30024,"comment_status":"open","ping_status":"closed","template":"","meta":{"_acf_changed":false},"product_brand":[],"product_cat":[1724,1742],"product_tag":[],"class_list":{"0":"post-29904","1":"product","2":"type-product","3":"status-publish","4":"has-post-thumbnail","6":"product_cat-verres-de-rechange","7":"product_cat-verres-oakley","8":"sales-flash-overlay","9":"woocommerce-text-align-center","10":"woocommerce-image-align-center","11":"do-quantity-buttons","13":"first","14":"instock","15":"taxable","16":"shipping-taxable","17":"purchasable","18":"product-type-variable","19":"has-default-attributes"},"acf":[],"_links":{"self":[{"href":"https:\/\/sunglassrevivers.com\/fr\/wp-json\/wp\/v2\/product\/29904","targetHints":{"allow":["GET"]}}],"collection":[{"href":"https:\/\/sunglassrevivers.com\/fr\/wp-json\/wp\/v2\/product"}],"about":[{"href":"https:\/\/sunglassrevivers.com\/fr\/wp-json\/wp\/v2\/types\/product"}],"replies":[{"embeddable":true,"href":"https:\/\/sunglassrevivers.com\/fr\/wp-json\/wp\/v2\/comments?post=29904"}],"version-history":[{"count":2,"href":"https:\/\/sunglassrevivers.com\/fr\/wp-json\/wp\/v2\/product\/29904\/revisions"}],"predecessor-version":[{"id":30809,"href":"https:\/\/sunglassrevivers.com\/fr\/wp-json\/wp\/v2\/product\/29904\/revisions\/30809"}],"wp:featuredmedia":[{"embeddable":true,"href":"https:\/\/sunglassrevivers.com\/fr\/wp-json\/wp\/v2\/media\/30024"}],"wp:attachment":[{"href":"https:\/\/sunglassrevivers.com\/fr\/wp-json\/wp\/v2\/media?parent=29904"}],"wp:term":[{"taxonomy":"product_brand","embeddable":true,"href":"https:\/\/sunglassrevivers.com\/fr\/wp-json\/wp\/v2\/product_brand?post=29904"},{"taxonomy":"product_cat","embeddable":true,"href":"https:\/\/sunglassrevivers.com\/fr\/wp-json\/wp\/v2\/product_cat?post=29904"},{"taxonomy":"product_tag","embeddable":true,"href":"https:\/\/sunglassrevivers.com\/fr\/wp-json\/wp\/v2\/product_tag?post=29904"}],"curies":[{"name":"wp","href":"https:\/\/api.w.org\/{rel}","templated":true}]}}