{"id":29940,"date":"2025-08-19T09:05:25","date_gmt":"2025-08-19T08:05:25","guid":{"rendered":"https:\/\/sunglassrevivers.com\/fr\/?post_type=product&#038;p=29940"},"modified":"2025-11-13T13:34:16","modified_gmt":"2025-11-13T12:34:16","slug":"verres-pour-oakley-9451-apparition","status":"publish","type":"product","link":"https:\/\/sunglassrevivers.com\/fr\/produit\/verres-pour-oakley-9451-apparition\/","title":{"rendered":"Verres pour Oakley 9451 APPARITION"},"content":{"rendered":"<p>Les <strong>verres pour Oakley 9451 APPARITION<\/strong> sont indispensables pour ceux qui souhaitent maintenir la fonctionnalit\u00e9 et le style de leurs lunettes Oakley pr\u00e9f\u00e9r\u00e9es. Ces verres, avec une forme carr\u00e9e moderne, am\u00e9liorent non seulement votre vision, mais offrent \u00e9galement une protection exceptionnelle. Avec une hauteur de 45 mm et un diam\u00e8tre de 60 mm, ils s&rsquo;adaptent parfaitement, offrant une couverture compl\u00e8te de vos yeux.<\/p>\n<p>Fabriqu\u00e9s \u00e0 partir de mat\u00e9riaux de haute qualit\u00e9 tels que le TAC et le polycarbonate, les <strong>verres pour Oakley 9451 APPARITION<\/strong> sont extr\u00eamement durables et r\u00e9sistants aux impacts, garantissant une longue dur\u00e9e de vie. Leur courbure base 4 offre un ajustement confortable et un champ de vision optimis\u00e9, id\u00e9al pour les activit\u00e9s quotidiennes et les sports de plein air.<\/p>\n<ul>\n<li><strong>Durabilit\u00e9 :<\/strong> Con\u00e7us pour durer, ces verres sont le choix parfait pour les aventuriers.<\/li>\n<li><strong>Clart\u00e9 optique :<\/strong> Profitez d&rsquo;une vision claire et nette \u00e0 tout moment.<\/li>\n<li><strong>Protection UV :<\/strong> Protection totale contre les rayons solaires nocifs.<\/li>\n<\/ul>\n<p>N&rsquo;attendez plus pour changer vos <strong>verres pour Oakley 9451 APPARITION<\/strong> et red\u00e9couvrez la meilleure exp\u00e9rience visuelle avec vos lunettes Oakley.Le produit Verres pour Oakley 9451 APPARITION n\u2019est pas un article original fabriqu\u00e9 ou approuv\u00e9 par Oakley\u00ae, sauf indication contraire dans la fiche produit. Sunglass Revivers n\u2019est ni affili\u00e9, ni associ\u00e9, ni sponsoris\u00e9 par Oakley\u00ae ou par Luxottica Group.<\/p>\n","protected":false},"excerpt":{"rendered":"<p>Les verres pour Oakley 9451 APPARITION sont indispensables pour ceux qui souhaitent maintenir la fonctionnalit\u00e9 et le style de leurs lunettes Oakley pr\u00e9f\u00e9r\u00e9es. Ces verres, avec une forme carr\u00e9e moderne, am\u00e9liorent non seulement votre vision, mais offrent \u00e9galement une protection exceptionnelle. Avec une hauteur de 45 mm et un diam\u00e8tre de 60 mm, ils s&rsquo;adaptent &#8230; <a title=\"Verres pour Oakley 9451 APPARITION\" class=\"read-more\" href=\"https:\/\/sunglassrevivers.com\/fr\/produit\/verres-pour-oakley-9451-apparition\/\" aria-label=\"En savoir plus sur Verres pour Oakley 9451 APPARITION\">Lire plus<\/a><\/p>\n","protected":false},"featured_media":30022,"comment_status":"open","ping_status":"closed","template":"","meta":{"_acf_changed":false},"product_brand":[],"product_cat":[1724,1742],"product_tag":[],"class_list":{"0":"post-29940","1":"product","2":"type-product","3":"status-publish","4":"has-post-thumbnail","6":"product_cat-verres-de-rechange","7":"product_cat-verres-oakley","8":"sales-flash-overlay","9":"woocommerce-text-align-center","10":"woocommerce-image-align-center","11":"do-quantity-buttons","13":"first","14":"instock","15":"taxable","16":"shipping-taxable","17":"purchasable","18":"product-type-variable","19":"has-default-attributes"},"acf":[],"_links":{"self":[{"href":"https:\/\/sunglassrevivers.com\/fr\/wp-json\/wp\/v2\/product\/29940","targetHints":{"allow":["GET"]}}],"collection":[{"href":"https:\/\/sunglassrevivers.com\/fr\/wp-json\/wp\/v2\/product"}],"about":[{"href":"https:\/\/sunglassrevivers.com\/fr\/wp-json\/wp\/v2\/types\/product"}],"replies":[{"embeddable":true,"href":"https:\/\/sunglassrevivers.com\/fr\/wp-json\/wp\/v2\/comments?post=29940"}],"version-history":[{"count":2,"href":"https:\/\/sunglassrevivers.com\/fr\/wp-json\/wp\/v2\/product\/29940\/revisions"}],"predecessor-version":[{"id":30827,"href":"https:\/\/sunglassrevivers.com\/fr\/wp-json\/wp\/v2\/product\/29940\/revisions\/30827"}],"wp:featuredmedia":[{"embeddable":true,"href":"https:\/\/sunglassrevivers.com\/fr\/wp-json\/wp\/v2\/media\/30022"}],"wp:attachment":[{"href":"https:\/\/sunglassrevivers.com\/fr\/wp-json\/wp\/v2\/media?parent=29940"}],"wp:term":[{"taxonomy":"product_brand","embeddable":true,"href":"https:\/\/sunglassrevivers.com\/fr\/wp-json\/wp\/v2\/product_brand?post=29940"},{"taxonomy":"product_cat","embeddable":true,"href":"https:\/\/sunglassrevivers.com\/fr\/wp-json\/wp\/v2\/product_cat?post=29940"},{"taxonomy":"product_tag","embeddable":true,"href":"https:\/\/sunglassrevivers.com\/fr\/wp-json\/wp\/v2\/product_tag?post=29940"}],"curies":[{"name":"wp","href":"https:\/\/api.w.org\/{rel}","templated":true}]}}