{"id":29946,"date":"2025-08-19T09:08:51","date_gmt":"2025-08-19T08:08:51","guid":{"rendered":"https:\/\/sunglassrevivers.com\/fr\/?post_type=product&#038;p=29946"},"modified":"2025-11-13T13:34:16","modified_gmt":"2025-11-13T12:34:16","slug":"verres-pour-oakley-9420-anorak","status":"publish","type":"product","link":"https:\/\/sunglassrevivers.com\/fr\/produit\/verres-pour-oakley-9420-anorak\/","title":{"rendered":"Verres pour Oakley 9420 ANORAK"},"content":{"rendered":"<p>D\u00e9couvrez la qualit\u00e9 supr\u00eame avec les <strong>Verres pour Oakley 9420 ANORAK<\/strong>. Con\u00e7us pour offrir une vision claire et nette, ces verres sont le compl\u00e9ment parfait pour ceux qui recherchent le meilleur de la technologie oculaire. Fabriqu\u00e9s avec des mat\u00e9riaux haut de gamme tels que le TAC et le polycarbonate, ces verres garantissent non seulement une r\u00e9sistance aux chocs, mais aussi une l\u00e9g\u00e8ret\u00e9 exceptionnelle pour une utilisation prolong\u00e9e sans inconfort.<\/p>\n<p>Les <strong>Verres pour Oakley 9420 ANORAK<\/strong> pr\u00e9sentent une forme carr\u00e9e, avec une hauteur de 47mm et un diam\u00e8tre de 63mm, offrant une excellente couverture oculaire qui prot\u00e8ge efficacement contre les rayons UV. Gr\u00e2ce \u00e0 leur courbure torique, vous profiterez d&rsquo;une exp\u00e9rience visuelle panoramique sans distorsion, id\u00e9ale pour les athl\u00e8tes et les aventuriers n\u00e9cessitant une clart\u00e9 incomparable quel que soit l&rsquo;environnement.<\/p>\n<ul>\n<li><strong>R\u00e9sistance et durabilit\u00e9 :<\/strong> La composition en polycarbonate offre une r\u00e9sistance aux dommages tr\u00e8s sup\u00e9rieure.<\/li>\n<li><strong>Protection UV :<\/strong> Bloque efficacement les rayons UV, prot\u00e9geant vos yeux en toutes circonstances.<\/li>\n<li><strong>Confort et adaptabilit\u00e9 :<\/strong> Design ergonomique s&rsquo;adapte parfaitement \u00e0 vos montures Oakley.<\/li>\n<\/ul>\n<p>Mettez \u00e0 niveau vos verres aujourd&rsquo;hui avec les <strong>Verres pour Oakley 9420 ANORAK<\/strong> pour garantir une protection oculaire optimale avec le style inimitable d&rsquo;Oakley.Le produit Verres pour Oakley 9420 ANORAK n\u2019est pas un article original fabriqu\u00e9 ou approuv\u00e9 par Oakley\u00ae, sauf indication contraire dans la fiche produit. Sunglass Revivers n\u2019est ni affili\u00e9, ni associ\u00e9, ni sponsoris\u00e9 par Oakley\u00ae ou par Luxottica Group.<\/p>\n","protected":false},"excerpt":{"rendered":"<p>D\u00e9couvrez la qualit\u00e9 supr\u00eame avec les Verres pour Oakley 9420 ANORAK. Con\u00e7us pour offrir une vision claire et nette, ces verres sont le compl\u00e9ment parfait pour ceux qui recherchent le meilleur de la technologie oculaire. Fabriqu\u00e9s avec des mat\u00e9riaux haut de gamme tels que le TAC et le polycarbonate, ces verres garantissent non seulement une &#8230; <a title=\"Verres pour Oakley 9420 ANORAK\" class=\"read-more\" href=\"https:\/\/sunglassrevivers.com\/fr\/produit\/verres-pour-oakley-9420-anorak\/\" aria-label=\"En savoir plus sur Verres pour Oakley 9420 ANORAK\">Lire plus<\/a><\/p>\n","protected":false},"featured_media":30083,"comment_status":"open","ping_status":"closed","template":"","meta":{"_acf_changed":false},"product_brand":[],"product_cat":[1724,1742],"product_tag":[],"class_list":{"0":"post-29946","1":"product","2":"type-product","3":"status-publish","4":"has-post-thumbnail","6":"product_cat-verres-de-rechange","7":"product_cat-verres-oakley","8":"sales-flash-overlay","9":"woocommerce-text-align-center","10":"woocommerce-image-align-center","11":"do-quantity-buttons","13":"first","14":"instock","15":"taxable","16":"shipping-taxable","17":"purchasable","18":"product-type-variable","19":"has-default-attributes"},"acf":[],"_links":{"self":[{"href":"https:\/\/sunglassrevivers.com\/fr\/wp-json\/wp\/v2\/product\/29946","targetHints":{"allow":["GET"]}}],"collection":[{"href":"https:\/\/sunglassrevivers.com\/fr\/wp-json\/wp\/v2\/product"}],"about":[{"href":"https:\/\/sunglassrevivers.com\/fr\/wp-json\/wp\/v2\/types\/product"}],"replies":[{"embeddable":true,"href":"https:\/\/sunglassrevivers.com\/fr\/wp-json\/wp\/v2\/comments?post=29946"}],"version-history":[{"count":2,"href":"https:\/\/sunglassrevivers.com\/fr\/wp-json\/wp\/v2\/product\/29946\/revisions"}],"predecessor-version":[{"id":30830,"href":"https:\/\/sunglassrevivers.com\/fr\/wp-json\/wp\/v2\/product\/29946\/revisions\/30830"}],"wp:featuredmedia":[{"embeddable":true,"href":"https:\/\/sunglassrevivers.com\/fr\/wp-json\/wp\/v2\/media\/30083"}],"wp:attachment":[{"href":"https:\/\/sunglassrevivers.com\/fr\/wp-json\/wp\/v2\/media?parent=29946"}],"wp:term":[{"taxonomy":"product_brand","embeddable":true,"href":"https:\/\/sunglassrevivers.com\/fr\/wp-json\/wp\/v2\/product_brand?post=29946"},{"taxonomy":"product_cat","embeddable":true,"href":"https:\/\/sunglassrevivers.com\/fr\/wp-json\/wp\/v2\/product_cat?post=29946"},{"taxonomy":"product_tag","embeddable":true,"href":"https:\/\/sunglassrevivers.com\/fr\/wp-json\/wp\/v2\/product_tag?post=29946"}],"curies":[{"name":"wp","href":"https:\/\/api.w.org\/{rel}","templated":true}]}}