{"id":30373,"date":"2025-09-03T17:18:10","date_gmt":"2025-09-03T16:18:10","guid":{"rendered":"https:\/\/sunglassrevivers.com\/fr\/?post_type=product&#038;p=30373"},"modified":"2025-11-13T13:34:17","modified_gmt":"2025-11-13T12:34:17","slug":"verres-pour-oakley-9165-crank-case","status":"publish","type":"product","link":"https:\/\/sunglassrevivers.com\/fr\/produit\/verres-pour-oakley-9165-crank-case\/","title":{"rendered":"Verres pour Oakley 9165 CRANK CASE"},"content":{"rendered":"<p>D\u00e9couvrez la fa\u00e7on id\u00e9ale de maintenir vos <strong>lunettes Oakley 9165 CRANK CASE<\/strong> en parfait \u00e9tat avec nos <strong>verres pour Oakley 9165 CRANK CASE<\/strong>. Con\u00e7us avec pr\u00e9cision pour s&rsquo;adapter \u00e0 votre style de vie actif, ces verres restaurent non seulement la clart\u00e9 de vision que vous appr\u00e9ciez, mais offrent \u00e9galement une protection et une durabilit\u00e9 exceptionnelles.<\/p>\n<ul>\n<li><strong>Adaptation parfaite<\/strong> : Chaque paire de <strong>verres pour Oakley 9165 CRANK CASE<\/strong> est con\u00e7ue pour s&rsquo;adapter parfaitement, offrant une mise \u00e0 niveau instantan\u00e9e \u00e0 vos lunettes pr\u00e9f\u00e9r\u00e9es.<\/li>\n<li><strong>Qualit\u00e9 sup\u00e9rieure<\/strong> : Fabriqu\u00e9s \u00e0 partir de mat\u00e9riaux avanc\u00e9s comme le TAC et le polycarbonate, ils offrent une r\u00e9sistance sup\u00e9rieure aux impacts et aux rayures.<\/li>\n<li><strong>Protection UV<\/strong> : Avec une courbure toro\u00efdale sp\u00e9cifiquement con\u00e7ue pour maximiser la protection contre les dommages UV, vos yeux seront toujours prot\u00e9g\u00e9s sous le soleil.<\/li>\n<\/ul>\n<p>Avec nos options de <strong>verres pour Oakley 9165 CRANK CASE<\/strong>, assurez-vous une exp\u00e9rience visuelle nette \u00e0 tout moment. Redonnez vie \u00e0 vos lunettes et profitez de chaque journ\u00e9e avec la s\u00e9curit\u00e9 et le style qu&rsquo;offre Oakley!Le produit Verres pour Oakley 9165 CRANK CASE n\u2019est pas un article original fabriqu\u00e9 ou approuv\u00e9 par Oakley\u00ae, sauf indication contraire dans la fiche produit. Sunglass Revivers n\u2019est ni affili\u00e9, ni associ\u00e9, ni sponsoris\u00e9 par Oakley\u00ae ou par Luxottica Group.<\/p>\n","protected":false},"excerpt":{"rendered":"<p>D\u00e9couvrez la fa\u00e7on id\u00e9ale de maintenir vos lunettes Oakley 9165 CRANK CASE en parfait \u00e9tat avec nos verres pour Oakley 9165 CRANK CASE. Con\u00e7us avec pr\u00e9cision pour s&rsquo;adapter \u00e0 votre style de vie actif, ces verres restaurent non seulement la clart\u00e9 de vision que vous appr\u00e9ciez, mais offrent \u00e9galement une protection et une durabilit\u00e9 exceptionnelles. &#8230; <a title=\"Verres pour Oakley 9165 CRANK CASE\" class=\"read-more\" href=\"https:\/\/sunglassrevivers.com\/fr\/produit\/verres-pour-oakley-9165-crank-case\/\" aria-label=\"En savoir plus sur Verres pour Oakley 9165 CRANK CASE\">Lire plus<\/a><\/p>\n","protected":false},"featured_media":30427,"comment_status":"open","ping_status":"closed","template":"","meta":{"_acf_changed":false},"product_brand":[],"product_cat":[1724,1742],"product_tag":[],"class_list":{"0":"post-30373","1":"product","2":"type-product","3":"status-publish","4":"has-post-thumbnail","6":"product_cat-verres-de-rechange","7":"product_cat-verres-oakley","8":"sales-flash-overlay","9":"woocommerce-text-align-center","10":"woocommerce-image-align-center","11":"do-quantity-buttons","13":"first","14":"instock","15":"taxable","16":"shipping-taxable","17":"purchasable","18":"product-type-variable","19":"has-default-attributes"},"acf":[],"_links":{"self":[{"href":"https:\/\/sunglassrevivers.com\/fr\/wp-json\/wp\/v2\/product\/30373","targetHints":{"allow":["GET"]}}],"collection":[{"href":"https:\/\/sunglassrevivers.com\/fr\/wp-json\/wp\/v2\/product"}],"about":[{"href":"https:\/\/sunglassrevivers.com\/fr\/wp-json\/wp\/v2\/types\/product"}],"replies":[{"embeddable":true,"href":"https:\/\/sunglassrevivers.com\/fr\/wp-json\/wp\/v2\/comments?post=30373"}],"version-history":[{"count":2,"href":"https:\/\/sunglassrevivers.com\/fr\/wp-json\/wp\/v2\/product\/30373\/revisions"}],"predecessor-version":[{"id":30837,"href":"https:\/\/sunglassrevivers.com\/fr\/wp-json\/wp\/v2\/product\/30373\/revisions\/30837"}],"wp:featuredmedia":[{"embeddable":true,"href":"https:\/\/sunglassrevivers.com\/fr\/wp-json\/wp\/v2\/media\/30427"}],"wp:attachment":[{"href":"https:\/\/sunglassrevivers.com\/fr\/wp-json\/wp\/v2\/media?parent=30373"}],"wp:term":[{"taxonomy":"product_brand","embeddable":true,"href":"https:\/\/sunglassrevivers.com\/fr\/wp-json\/wp\/v2\/product_brand?post=30373"},{"taxonomy":"product_cat","embeddable":true,"href":"https:\/\/sunglassrevivers.com\/fr\/wp-json\/wp\/v2\/product_cat?post=30373"},{"taxonomy":"product_tag","embeddable":true,"href":"https:\/\/sunglassrevivers.com\/fr\/wp-json\/wp\/v2\/product_tag?post=30373"}],"curies":[{"name":"wp","href":"https:\/\/api.w.org\/{rel}","templated":true}]}}