{"id":30375,"date":"2025-09-03T17:19:13","date_gmt":"2025-09-03T16:19:13","guid":{"rendered":"https:\/\/sunglassrevivers.com\/fr\/?post_type=product&#038;p=30375"},"modified":"2025-12-12T13:11:01","modified_gmt":"2025-12-12T12:11:01","slug":"verres-pour-oakley-9247-chainlink-2","status":"publish","type":"product","link":"https:\/\/sunglassrevivers.com\/fr\/produit\/verres-pour-oakley-9247-chainlink-2\/","title":{"rendered":"Verres pour Oakley 9247 CHAINLINK"},"content":{"rendered":"<p>D\u00e9couvrez le pouvoir du renouveau avec nos <strong>verres pour Oakley 9247 CHAINLINK<\/strong>. Con\u00e7us pour s&rsquo;adapter parfaitement \u00e0 votre mod\u00e8le CHAINLINK, ces verres se distinguent par leur <strong>forme rectangulaire<\/strong>, offrant un style moderne et avant-gardiste. Avec une hauteur de 38 et un diam\u00e8tre de 60, chaque verre est fabriqu\u00e9 \u00e0 partir de mat\u00e9riaux de haute qualit\u00e9 tels que <strong>TAC et polycarbonate<\/strong>, garantissant une durabilit\u00e9 et une clart\u00e9 visuelle exceptionnelles.<\/p>\n<p>La <strong>courbure base 6<\/strong> procure une vision panoramique et un confort incomparable, id\u00e9al pour toute activit\u00e9 en plein air. Vous ne faites pas que mettre \u00e0 jour vos lunettes, vous am\u00e9liorez votre exp\u00e9rience visuelle. Imaginez la clart\u00e9 et la protection que ces verres peuvent vous offrir sous le soleil. Con\u00e7us avec soin, chaque paire de verres pour Oakley 9247 CHAINLINK vise \u00e0 mettre en valeur le meilleur de votre style tout en prenant soin de vos yeux.<\/p>\n<ul>\n<li><strong>Protection UV<\/strong> : Bloque efficacement les rayons ultraviolets nocifs.<\/li>\n<li><strong>R\u00e9sistance aux impacts<\/strong> : Parfait pour un mode de vie actif et dynamique.<\/li>\n<li><strong>Remplacement facile<\/strong> : Facile \u00e0 changer et \u00e0 nettoyer.<\/li>\n<\/ul>\n<p>Osez voir le monde avec une vision am\u00e9lior\u00e9e et fiable gr\u00e2ce \u00e0 nos verres pour Oakley 9247 CHAINLINK.Le produit Verres pour Oakley 9247 CHAINLINK n\u2019est pas un article original fabriqu\u00e9 ou approuv\u00e9 par Oakley\u00ae, sauf indication contraire dans la fiche produit. Sunglass Revivers n\u2019est ni affili\u00e9, ni associ\u00e9, ni sponsoris\u00e9 par Oakley\u00ae ou par Luxottica Group.<\/p>\n","protected":false},"excerpt":{"rendered":"<p>D\u00e9couvrez le pouvoir du renouveau avec nos verres pour Oakley 9247 CHAINLINK. Con\u00e7us pour s&rsquo;adapter parfaitement \u00e0 votre mod\u00e8le CHAINLINK, ces verres se distinguent par leur forme rectangulaire, offrant un style moderne et avant-gardiste. Avec une hauteur de 38 et un diam\u00e8tre de 60, chaque verre est fabriqu\u00e9 \u00e0 partir de mat\u00e9riaux de haute qualit\u00e9 &#8230; <a title=\"Verres pour Oakley 9247 CHAINLINK\" class=\"read-more\" href=\"https:\/\/sunglassrevivers.com\/fr\/produit\/verres-pour-oakley-9247-chainlink-2\/\" aria-label=\"En savoir plus sur Verres pour Oakley 9247 CHAINLINK\">Lire plus<\/a><\/p>\n","protected":false},"featured_media":30428,"comment_status":"open","ping_status":"closed","template":"","meta":{"_acf_changed":false},"product_brand":[],"product_cat":[1724,1742],"product_tag":[],"class_list":{"0":"post-30375","1":"product","2":"type-product","3":"status-publish","4":"has-post-thumbnail","6":"product_cat-verres-de-rechange","7":"product_cat-verres-oakley","8":"sales-flash-overlay","9":"woocommerce-text-align-center","10":"woocommerce-image-align-center","11":"do-quantity-buttons","13":"first","14":"instock","15":"taxable","16":"shipping-taxable","17":"purchasable","18":"product-type-variable","19":"has-default-attributes"},"acf":[],"_links":{"self":[{"href":"https:\/\/sunglassrevivers.com\/fr\/wp-json\/wp\/v2\/product\/30375","targetHints":{"allow":["GET"]}}],"collection":[{"href":"https:\/\/sunglassrevivers.com\/fr\/wp-json\/wp\/v2\/product"}],"about":[{"href":"https:\/\/sunglassrevivers.com\/fr\/wp-json\/wp\/v2\/types\/product"}],"replies":[{"embeddable":true,"href":"https:\/\/sunglassrevivers.com\/fr\/wp-json\/wp\/v2\/comments?post=30375"}],"version-history":[{"count":2,"href":"https:\/\/sunglassrevivers.com\/fr\/wp-json\/wp\/v2\/product\/30375\/revisions"}],"predecessor-version":[{"id":30838,"href":"https:\/\/sunglassrevivers.com\/fr\/wp-json\/wp\/v2\/product\/30375\/revisions\/30838"}],"wp:featuredmedia":[{"embeddable":true,"href":"https:\/\/sunglassrevivers.com\/fr\/wp-json\/wp\/v2\/media\/30428"}],"wp:attachment":[{"href":"https:\/\/sunglassrevivers.com\/fr\/wp-json\/wp\/v2\/media?parent=30375"}],"wp:term":[{"taxonomy":"product_brand","embeddable":true,"href":"https:\/\/sunglassrevivers.com\/fr\/wp-json\/wp\/v2\/product_brand?post=30375"},{"taxonomy":"product_cat","embeddable":true,"href":"https:\/\/sunglassrevivers.com\/fr\/wp-json\/wp\/v2\/product_cat?post=30375"},{"taxonomy":"product_tag","embeddable":true,"href":"https:\/\/sunglassrevivers.com\/fr\/wp-json\/wp\/v2\/product_tag?post=30375"}],"curies":[{"name":"wp","href":"https:\/\/api.w.org\/{rel}","templated":true}]}}