{"id":30383,"date":"2025-09-03T17:33:54","date_gmt":"2025-09-03T16:33:54","guid":{"rendered":"https:\/\/sunglassrevivers.com\/fr\/?post_type=product&#038;p=30383"},"modified":"2025-11-13T13:34:17","modified_gmt":"2025-11-13T12:34:17","slug":"verres-pour-oakley-3012-addams","status":"publish","type":"product","link":"https:\/\/sunglassrevivers.com\/fr\/produit\/verres-pour-oakley-3012-addams\/","title":{"rendered":"Verres pour Oakley 3012 ADDAMS"},"content":{"rendered":"<p>D\u00e9couvrez l&rsquo;excellence visuelle avec nos <strong>Verres pour Oakley 3012 ADDAMS<\/strong>. Sp\u00e9cialement con\u00e7us pour s&rsquo;adapter au mod\u00e8le iconique ADDAMS, ces verres offrent une combinaison parfaite de design et de fonctionnalit\u00e9.<\/p>\n<p>Avec une forme rectangulaire, les verres ont un diam\u00e8tre de 58,61 mm et une hauteur de 36,37 mm, offrant une couverture optimale pour prot\u00e9ger vos yeux des \u00e9l\u00e9ments ext\u00e9rieurs.<\/p>\n<p>Fabriqu\u00e9s avec des mat\u00e9riaux de haute qualit\u00e9 tels que le TAC et le polycarbonate, les <strong>Verres pour Oakley 3012 ADDAMS<\/strong> garantissent non seulement durabilit\u00e9, mais \u00e9galement l\u00e9g\u00e8ret\u00e9 pour un confort prolong\u00e9 sans d\u00e9sagr\u00e9ment.<\/p>\n<ul>\n<li><strong>Qualit\u00e9 visuelle supr\u00eame :<\/strong> Profitez d&rsquo;une clart\u00e9 in\u00e9gal\u00e9e dans toutes les conditions.<\/li>\n<li><strong>Protection UV :<\/strong> Con\u00e7us pour bloquer les rayons UV nocifs, pr\u00e9servant ainsi la sant\u00e9 de vos yeux.<\/li>\n<li><strong>Performance infaillible :<\/strong> Avec une courbure de base 4, ils offrent un ajustement confortable et s\u00fbr.<\/li>\n<\/ul>\n<p>Ne manquez pas l&rsquo;occasion d\u2019\u00e9lever votre vision. Avec les <strong>Verres pour Oakley 3012 ADDAMS<\/strong>, red\u00e9couvrez le monde avec une clart\u00e9 et un style in\u00e9gal\u00e9s.Le produit Verres pour Oakley 3012 ADDAMS n\u2019est pas un article original fabriqu\u00e9 ou approuv\u00e9 par Oakley\u00ae, sauf indication contraire dans la fiche produit. Sunglass Revivers n\u2019est ni affili\u00e9, ni associ\u00e9, ni sponsoris\u00e9 par Oakley\u00ae ou par Luxottica Group.<\/p>\n","protected":false},"excerpt":{"rendered":"<p>D\u00e9couvrez l&rsquo;excellence visuelle avec nos Verres pour Oakley 3012 ADDAMS. Sp\u00e9cialement con\u00e7us pour s&rsquo;adapter au mod\u00e8le iconique ADDAMS, ces verres offrent une combinaison parfaite de design et de fonctionnalit\u00e9. Avec une forme rectangulaire, les verres ont un diam\u00e8tre de 58,61 mm et une hauteur de 36,37 mm, offrant une couverture optimale pour prot\u00e9ger vos yeux &#8230; <a title=\"Verres pour Oakley 3012 ADDAMS\" class=\"read-more\" href=\"https:\/\/sunglassrevivers.com\/fr\/produit\/verres-pour-oakley-3012-addams\/\" aria-label=\"En savoir plus sur Verres pour Oakley 3012 ADDAMS\">Lire plus<\/a><\/p>\n","protected":false},"featured_media":30422,"comment_status":"open","ping_status":"closed","template":"","meta":{"_acf_changed":false},"product_brand":[],"product_cat":[1724,1742],"product_tag":[],"class_list":{"0":"post-30383","1":"product","2":"type-product","3":"status-publish","4":"has-post-thumbnail","6":"product_cat-verres-de-rechange","7":"product_cat-verres-oakley","8":"sales-flash-overlay","9":"woocommerce-text-align-center","10":"woocommerce-image-align-center","11":"do-quantity-buttons","13":"first","14":"instock","15":"taxable","16":"shipping-taxable","17":"purchasable","18":"product-type-variable"},"acf":[],"_links":{"self":[{"href":"https:\/\/sunglassrevivers.com\/fr\/wp-json\/wp\/v2\/product\/30383","targetHints":{"allow":["GET"]}}],"collection":[{"href":"https:\/\/sunglassrevivers.com\/fr\/wp-json\/wp\/v2\/product"}],"about":[{"href":"https:\/\/sunglassrevivers.com\/fr\/wp-json\/wp\/v2\/types\/product"}],"replies":[{"embeddable":true,"href":"https:\/\/sunglassrevivers.com\/fr\/wp-json\/wp\/v2\/comments?post=30383"}],"version-history":[{"count":2,"href":"https:\/\/sunglassrevivers.com\/fr\/wp-json\/wp\/v2\/product\/30383\/revisions"}],"predecessor-version":[{"id":30842,"href":"https:\/\/sunglassrevivers.com\/fr\/wp-json\/wp\/v2\/product\/30383\/revisions\/30842"}],"wp:featuredmedia":[{"embeddable":true,"href":"https:\/\/sunglassrevivers.com\/fr\/wp-json\/wp\/v2\/media\/30422"}],"wp:attachment":[{"href":"https:\/\/sunglassrevivers.com\/fr\/wp-json\/wp\/v2\/media?parent=30383"}],"wp:term":[{"taxonomy":"product_brand","embeddable":true,"href":"https:\/\/sunglassrevivers.com\/fr\/wp-json\/wp\/v2\/product_brand?post=30383"},{"taxonomy":"product_cat","embeddable":true,"href":"https:\/\/sunglassrevivers.com\/fr\/wp-json\/wp\/v2\/product_cat?post=30383"},{"taxonomy":"product_tag","embeddable":true,"href":"https:\/\/sunglassrevivers.com\/fr\/wp-json\/wp\/v2\/product_tag?post=30383"}],"curies":[{"name":"wp","href":"https:\/\/api.w.org\/{rel}","templated":true}]}}