{"id":30385,"date":"2025-09-03T17:34:47","date_gmt":"2025-09-03T16:34:47","guid":{"rendered":"https:\/\/sunglassrevivers.com\/fr\/?post_type=product&#038;p=30385"},"modified":"2025-11-13T13:34:18","modified_gmt":"2025-11-13T12:34:18","slug":"verres-pour-oakley-8056-admission","status":"publish","type":"product","link":"https:\/\/sunglassrevivers.com\/fr\/produit\/verres-pour-oakley-8056-admission\/","title":{"rendered":"Verres pour Oakley 8056 ADMISSION"},"content":{"rendered":"<p>D\u00e9couvrez la meilleure option pour renouveler vos lunettes avec les <strong>verres pour Oakley 8056 ADMISSION<\/strong>. Con\u00e7us pour vous offrir une vision claire et pr\u00e9cise, ces verres sont fabriqu\u00e9s avec des mat\u00e9riaux de haute qualit\u00e9 tels que le TAC et le polycarbonate, garantissant une durabilit\u00e9 exceptionnelle. Leur forme ronde et \u00e9l\u00e9gante compl\u00e8te parfaitement le mod\u00e8le Oakley 8056 ADMISSION pour un ajustement s\u00fbr et parfait.<\/p>\n<p>Chaque verre est disponible en trois hauteurs diff\u00e9rentes : 42, 43 et 45, et en diam\u00e8tres de 57, 59 et 61, afin que vous puissiez trouver la taille id\u00e9ale pour vos besoins. La courbure base 4 offre une vision panoramique et un plus grand confort oculaire, ce qui les rend id\u00e9aux pour toute activit\u00e9, de l&rsquo;utilisation quotidienne au sport.<\/p>\n<p>Avec les <strong>verres pour Oakley 8056 ADMISSION<\/strong>, non seulement vous renouvelez vos lunettes, mais vous am\u00e9liorez \u00e9galement votre exp\u00e9rience visuelle avec une technologie de pointe, tout en conservant un style moderne et sophistiqu\u00e9.Le produit Verres pour Oakley 8056 ADMISSION n\u2019est pas un article original fabriqu\u00e9 ou approuv\u00e9 par Oakley\u00ae, sauf indication contraire dans la fiche produit. Sunglass Revivers n\u2019est ni affili\u00e9, ni associ\u00e9, ni sponsoris\u00e9 par Oakley\u00ae ou par Luxottica Group.<\/p>\n","protected":false},"excerpt":{"rendered":"<p>D\u00e9couvrez la meilleure option pour renouveler vos lunettes avec les verres pour Oakley 8056 ADMISSION. Con\u00e7us pour vous offrir une vision claire et pr\u00e9cise, ces verres sont fabriqu\u00e9s avec des mat\u00e9riaux de haute qualit\u00e9 tels que le TAC et le polycarbonate, garantissant une durabilit\u00e9 exceptionnelle. Leur forme ronde et \u00e9l\u00e9gante compl\u00e8te parfaitement le mod\u00e8le Oakley &#8230; <a title=\"Verres pour Oakley 8056 ADMISSION\" class=\"read-more\" href=\"https:\/\/sunglassrevivers.com\/fr\/produit\/verres-pour-oakley-8056-admission\/\" aria-label=\"En savoir plus sur Verres pour Oakley 8056 ADMISSION\">Lire plus<\/a><\/p>\n","protected":false},"featured_media":30424,"comment_status":"open","ping_status":"closed","template":"","meta":{"_acf_changed":false},"product_brand":[],"product_cat":[1724,1742],"product_tag":[],"class_list":{"0":"post-30385","1":"product","2":"type-product","3":"status-publish","4":"has-post-thumbnail","6":"product_cat-verres-de-rechange","7":"product_cat-verres-oakley","8":"sales-flash-overlay","9":"woocommerce-text-align-center","10":"woocommerce-image-align-center","11":"do-quantity-buttons","13":"first","14":"instock","15":"taxable","16":"shipping-taxable","17":"purchasable","18":"product-type-variable"},"acf":[],"_links":{"self":[{"href":"https:\/\/sunglassrevivers.com\/fr\/wp-json\/wp\/v2\/product\/30385","targetHints":{"allow":["GET"]}}],"collection":[{"href":"https:\/\/sunglassrevivers.com\/fr\/wp-json\/wp\/v2\/product"}],"about":[{"href":"https:\/\/sunglassrevivers.com\/fr\/wp-json\/wp\/v2\/types\/product"}],"replies":[{"embeddable":true,"href":"https:\/\/sunglassrevivers.com\/fr\/wp-json\/wp\/v2\/comments?post=30385"}],"version-history":[{"count":2,"href":"https:\/\/sunglassrevivers.com\/fr\/wp-json\/wp\/v2\/product\/30385\/revisions"}],"predecessor-version":[{"id":30843,"href":"https:\/\/sunglassrevivers.com\/fr\/wp-json\/wp\/v2\/product\/30385\/revisions\/30843"}],"wp:featuredmedia":[{"embeddable":true,"href":"https:\/\/sunglassrevivers.com\/fr\/wp-json\/wp\/v2\/media\/30424"}],"wp:attachment":[{"href":"https:\/\/sunglassrevivers.com\/fr\/wp-json\/wp\/v2\/media?parent=30385"}],"wp:term":[{"taxonomy":"product_brand","embeddable":true,"href":"https:\/\/sunglassrevivers.com\/fr\/wp-json\/wp\/v2\/product_brand?post=30385"},{"taxonomy":"product_cat","embeddable":true,"href":"https:\/\/sunglassrevivers.com\/fr\/wp-json\/wp\/v2\/product_cat?post=30385"},{"taxonomy":"product_tag","embeddable":true,"href":"https:\/\/sunglassrevivers.com\/fr\/wp-json\/wp\/v2\/product_tag?post=30385"}],"curies":[{"name":"wp","href":"https:\/\/api.w.org\/{rel}","templated":true}]}}