{"id":30391,"date":"2025-09-03T17:38:39","date_gmt":"2025-09-03T16:38:39","guid":{"rendered":"https:\/\/sunglassrevivers.com\/fr\/?post_type=product&#038;p=30391"},"modified":"2025-11-13T13:34:18","modified_gmt":"2025-11-13T12:34:18","slug":"verres-pour-oakley-8152-apparition","status":"publish","type":"product","link":"https:\/\/sunglassrevivers.com\/fr\/produit\/verres-pour-oakley-8152-apparition\/","title":{"rendered":"Verres pour Oakley 8152 APPARITION"},"content":{"rendered":"<p>Les <strong>verres pour Oakley 8152 APPARITION<\/strong> sont con\u00e7us pour ceux qui recherchent un style et une fonctionnalit\u00e9 irr\u00e9prochables. Avec un <strong>design rectangulaire<\/strong> qui s&rsquo;adapte parfaitement, ces verres assurent une couverture id\u00e9ale gr\u00e2ce \u00e0 leurs dimensions : une <em>hauteur de 45<\/em> et un <em>diam\u00e8tre de 60<\/em>. \u00c9quip\u00e9s d&rsquo;une courbure de base 4, ils offrent le confort n\u00e9cessaire tout au long de la journ\u00e9e.<\/p>\n<p>Fabriqu\u00e9s en TAC et polycarbonate, les verres garantissent une r\u00e9sistance \u00e9lev\u00e9e aux chocs, en faisant le choix parfait pour toute activit\u00e9 en plein air. De plus, ces <strong>verres pour Oakley 8152 APPARITION<\/strong> offrent une protection exceptionnelle contre les rayons UV nuisibles, prot\u00e9geant vos yeux tout en profitant de votre environnement.<\/p>\n<ul>\n<li>Design \u00e9l\u00e9gant et moderne qui renforce votre pr\u00e9sence.<\/li>\n<li>Engagement de durabilit\u00e9 et de qualit\u00e9 gr\u00e2ce \u00e0 des mat\u00e9riaux de premier ordre.<\/li>\n<li>Protection compl\u00e8te contre les rayons ultraviolets.<\/li>\n<\/ul>\n<p>Un choix essentiel pour ceux qui valorisent le style sans compromettre la s\u00e9curit\u00e9 visuelle. Les <strong>verres pour Oakley 8152 APPARITION<\/strong> red\u00e9finissent les normes de confort et d&rsquo;efficacit\u00e9.Le produit Verres pour Oakley 8152 APPARITION n\u2019est pas un article original fabriqu\u00e9 ou approuv\u00e9 par Oakley\u00ae, sauf indication contraire dans la fiche produit. Sunglass Revivers n\u2019est ni affili\u00e9, ni associ\u00e9, ni sponsoris\u00e9 par Oakley\u00ae ou par Luxottica Group.<\/p>\n","protected":false},"excerpt":{"rendered":"<p>Les verres pour Oakley 8152 APPARITION sont con\u00e7us pour ceux qui recherchent un style et une fonctionnalit\u00e9 irr\u00e9prochables. Avec un design rectangulaire qui s&rsquo;adapte parfaitement, ces verres assurent une couverture id\u00e9ale gr\u00e2ce \u00e0 leurs dimensions : une hauteur de 45 et un diam\u00e8tre de 60. \u00c9quip\u00e9s d&rsquo;une courbure de base 4, ils offrent le confort &#8230; <a title=\"Verres pour Oakley 8152 APPARITION\" class=\"read-more\" href=\"https:\/\/sunglassrevivers.com\/fr\/produit\/verres-pour-oakley-8152-apparition\/\" aria-label=\"En savoir plus sur Verres pour Oakley 8152 APPARITION\">Lire plus<\/a><\/p>\n","protected":false},"featured_media":30433,"comment_status":"open","ping_status":"closed","template":"","meta":{"_acf_changed":false},"product_brand":[],"product_cat":[1724,1742],"product_tag":[],"class_list":{"0":"post-30391","1":"product","2":"type-product","3":"status-publish","4":"has-post-thumbnail","6":"product_cat-verres-de-rechange","7":"product_cat-verres-oakley","8":"sales-flash-overlay","9":"woocommerce-text-align-center","10":"woocommerce-image-align-center","11":"do-quantity-buttons","13":"first","14":"instock","15":"taxable","16":"shipping-taxable","17":"purchasable","18":"product-type-variable","19":"has-default-attributes"},"acf":[],"_links":{"self":[{"href":"https:\/\/sunglassrevivers.com\/fr\/wp-json\/wp\/v2\/product\/30391","targetHints":{"allow":["GET"]}}],"collection":[{"href":"https:\/\/sunglassrevivers.com\/fr\/wp-json\/wp\/v2\/product"}],"about":[{"href":"https:\/\/sunglassrevivers.com\/fr\/wp-json\/wp\/v2\/types\/product"}],"replies":[{"embeddable":true,"href":"https:\/\/sunglassrevivers.com\/fr\/wp-json\/wp\/v2\/comments?post=30391"}],"version-history":[{"count":2,"href":"https:\/\/sunglassrevivers.com\/fr\/wp-json\/wp\/v2\/product\/30391\/revisions"}],"predecessor-version":[{"id":30846,"href":"https:\/\/sunglassrevivers.com\/fr\/wp-json\/wp\/v2\/product\/30391\/revisions\/30846"}],"wp:featuredmedia":[{"embeddable":true,"href":"https:\/\/sunglassrevivers.com\/fr\/wp-json\/wp\/v2\/media\/30433"}],"wp:attachment":[{"href":"https:\/\/sunglassrevivers.com\/fr\/wp-json\/wp\/v2\/media?parent=30391"}],"wp:term":[{"taxonomy":"product_brand","embeddable":true,"href":"https:\/\/sunglassrevivers.com\/fr\/wp-json\/wp\/v2\/product_brand?post=30391"},{"taxonomy":"product_cat","embeddable":true,"href":"https:\/\/sunglassrevivers.com\/fr\/wp-json\/wp\/v2\/product_cat?post=30391"},{"taxonomy":"product_tag","embeddable":true,"href":"https:\/\/sunglassrevivers.com\/fr\/wp-json\/wp\/v2\/product_tag?post=30391"}],"curies":[{"name":"wp","href":"https:\/\/api.w.org\/{rel}","templated":true}]}}