{"id":30393,"date":"2025-09-03T17:40:07","date_gmt":"2025-09-03T16:40:07","guid":{"rendered":"https:\/\/sunglassrevivers.com\/fr\/?post_type=product&#038;p=30393"},"modified":"2025-11-13T13:34:18","modified_gmt":"2025-11-13T12:34:18","slug":"verres-pour-oakley-9178-backhand","status":"publish","type":"product","link":"https:\/\/sunglassrevivers.com\/fr\/produit\/verres-pour-oakley-9178-backhand\/","title":{"rendered":"Verres pour Oakley 9178 BACKHAND"},"content":{"rendered":"<p>D\u00e9couvrez le monde avec clart\u00e9 et style gr\u00e2ce aux <strong>verres pour Oakley 9178 BACKHAND<\/strong>. Ces verres sont con\u00e7us pour ceux qui recherchent non seulement une vision parfaite, mais aussi protection et confort. Fabriqu\u00e9s en mat\u00e9riau <em>TAC<\/em> et polycarbonate, ils offrent une durabilit\u00e9 et une r\u00e9sistance in\u00e9gal\u00e9es.<\/p>\n<p>Le design rond des <strong>verres pour Oakley 9178 BACKHAND<\/strong> apporte une touche moderne et sophistiqu\u00e9e. Avec une hauteur de 52 mm et un diam\u00e8tre de 31 mm, ils s&rsquo;adaptent parfaitement \u00e0 ceux qui appr\u00e9cient \u00e0 la fois la performance et l&rsquo;esth\u00e9tique. La courbure de base 6 garantit une couverture large, prot\u00e9geant vos yeux du soleil et am\u00e9liorant votre exp\u00e9rience visuelle.<\/p>\n<ul>\n<li><strong>Qualit\u00e9 sup\u00e9rieure :<\/strong> Fabriqu\u00e9s avec des mat\u00e9riaux robustes qui r\u00e9sistent aux impacts et offrent une utilisation longue dur\u00e9e.<\/li>\n<li><strong>Protection UV :<\/strong> Prot\u00e8ge vos yeux des rayons UV nocifs tout en profitant des activit\u00e9s en plein air.<\/li>\n<li><strong>Vision claire :<\/strong> R\u00e9duit l&rsquo;\u00e9blouissement et am\u00e9liore la clart\u00e9 par toutes les conditions de lumi\u00e8re.<\/li>\n<\/ul>\n<p>Renouvelez vos lunettes avec les <strong>verres pour Oakley 9178 BACKHAND<\/strong> et profitez de chaque d\u00e9tail avec la qualit\u00e9 \u00e9lev\u00e9e garantie par Oakley.Le produit Verres pour Oakley 9178 BACKHAND n\u2019est pas un article original fabriqu\u00e9 ou approuv\u00e9 par Oakley\u00ae, sauf indication contraire dans la fiche produit. Sunglass Revivers n\u2019est ni affili\u00e9, ni associ\u00e9, ni sponsoris\u00e9 par Oakley\u00ae ou par Luxottica Group.<\/p>\n","protected":false},"excerpt":{"rendered":"<p>D\u00e9couvrez le monde avec clart\u00e9 et style gr\u00e2ce aux verres pour Oakley 9178 BACKHAND. Ces verres sont con\u00e7us pour ceux qui recherchent non seulement une vision parfaite, mais aussi protection et confort. Fabriqu\u00e9s en mat\u00e9riau TAC et polycarbonate, ils offrent une durabilit\u00e9 et une r\u00e9sistance in\u00e9gal\u00e9es. Le design rond des verres pour Oakley 9178 BACKHAND &#8230; <a title=\"Verres pour Oakley 9178 BACKHAND\" class=\"read-more\" href=\"https:\/\/sunglassrevivers.com\/fr\/produit\/verres-pour-oakley-9178-backhand\/\" aria-label=\"En savoir plus sur Verres pour Oakley 9178 BACKHAND\">Lire plus<\/a><\/p>\n","protected":false},"featured_media":30434,"comment_status":"open","ping_status":"closed","template":"","meta":{"_acf_changed":false},"product_brand":[],"product_cat":[1724,1742],"product_tag":[],"class_list":{"0":"post-30393","1":"product","2":"type-product","3":"status-publish","4":"has-post-thumbnail","6":"product_cat-verres-de-rechange","7":"product_cat-verres-oakley","8":"sales-flash-overlay","9":"woocommerce-text-align-center","10":"woocommerce-image-align-center","11":"do-quantity-buttons","13":"first","14":"instock","15":"taxable","16":"shipping-taxable","17":"purchasable","18":"product-type-variable","19":"has-default-attributes"},"acf":[],"_links":{"self":[{"href":"https:\/\/sunglassrevivers.com\/fr\/wp-json\/wp\/v2\/product\/30393","targetHints":{"allow":["GET"]}}],"collection":[{"href":"https:\/\/sunglassrevivers.com\/fr\/wp-json\/wp\/v2\/product"}],"about":[{"href":"https:\/\/sunglassrevivers.com\/fr\/wp-json\/wp\/v2\/types\/product"}],"replies":[{"embeddable":true,"href":"https:\/\/sunglassrevivers.com\/fr\/wp-json\/wp\/v2\/comments?post=30393"}],"version-history":[{"count":2,"href":"https:\/\/sunglassrevivers.com\/fr\/wp-json\/wp\/v2\/product\/30393\/revisions"}],"predecessor-version":[{"id":30847,"href":"https:\/\/sunglassrevivers.com\/fr\/wp-json\/wp\/v2\/product\/30393\/revisions\/30847"}],"wp:featuredmedia":[{"embeddable":true,"href":"https:\/\/sunglassrevivers.com\/fr\/wp-json\/wp\/v2\/media\/30434"}],"wp:attachment":[{"href":"https:\/\/sunglassrevivers.com\/fr\/wp-json\/wp\/v2\/media?parent=30393"}],"wp:term":[{"taxonomy":"product_brand","embeddable":true,"href":"https:\/\/sunglassrevivers.com\/fr\/wp-json\/wp\/v2\/product_brand?post=30393"},{"taxonomy":"product_cat","embeddable":true,"href":"https:\/\/sunglassrevivers.com\/fr\/wp-json\/wp\/v2\/product_cat?post=30393"},{"taxonomy":"product_tag","embeddable":true,"href":"https:\/\/sunglassrevivers.com\/fr\/wp-json\/wp\/v2\/product_tag?post=30393"}],"curies":[{"name":"wp","href":"https:\/\/api.w.org\/{rel}","templated":true}]}}