{"id":30397,"date":"2025-09-03T17:42:01","date_gmt":"2025-09-03T16:42:01","guid":{"rendered":"https:\/\/sunglassrevivers.com\/fr\/?post_type=product&#038;p=30397"},"modified":"2025-11-13T13:34:18","modified_gmt":"2025-11-13T12:34:18","slug":"verres-pour-oakley-3173-barrelhouse","status":"publish","type":"product","link":"https:\/\/sunglassrevivers.com\/fr\/produit\/verres-pour-oakley-3173-barrelhouse\/","title":{"rendered":"Verres pour Oakley 3173 BARRELHOUSE"},"content":{"rendered":"<p>D\u00e9couvrez le confort et l&rsquo;efficacit\u00e9 des <strong>verres pour Oakley 3173 BARRELHOUSE<\/strong>. Con\u00e7us pour am\u00e9liorer votre exp\u00e9rience visuelle, ces verres s&rsquo;adaptent parfaitement \u00e0 la c\u00e9l\u00e8bre monture Barrelhouse 3173, reconnue pour son design rectangulaire \u00e9l\u00e9gant. Fabriqu\u00e9s \u00e0 partir de mat\u00e9riaux de haute qualit\u00e9 tels que le TAC et le polycarbonate, ces verres assurent durabilit\u00e9 et r\u00e9sistance aux impacts, prot\u00e9geant vos yeux en toutes situations.<\/p>\n<p>Avec une hauteur de 33 mm et un diam\u00e8tre de 53 mm, les <strong>verres pour Oakley 3173 BARRELHOUSE<\/strong> garantissent un large champ de vision, tandis que leur courbure Base 4 offre une vision naturelle sans distorsion. Id\u00e9aux pour le sport, les activit\u00e9s en plein air ou un usage quotidien, ces verres offrent une protection UV impeccable.<\/p>\n<ul>\n<li>Mat\u00e9riau du verre : TAC, Polycarbonate<\/li>\n<li>Diam\u00e8tre : 53 mm<\/li>\n<li>Hauteur : 33 mm<\/li>\n<li>Courbure : Base 4<\/li>\n<\/ul>\n<p>Renouvelez et am\u00e9liorez vos lunettes Oakley avec les <strong>verres pour Oakley 3173 BARRELHOUSE<\/strong>, et red\u00e9couvrez le monde avec une clart\u00e9 in\u00e9gal\u00e9e. Osez voir au-del\u00e0 !Le produit Verres pour Oakley 3173 BARRELHOUSE n\u2019est pas un article original fabriqu\u00e9 ou approuv\u00e9 par Oakley\u00ae, sauf indication contraire dans la fiche produit. Sunglass Revivers n\u2019est ni affili\u00e9, ni associ\u00e9, ni sponsoris\u00e9 par Oakley\u00ae ou par Luxottica Group.<\/p>\n","protected":false},"excerpt":{"rendered":"<p>D\u00e9couvrez le confort et l&rsquo;efficacit\u00e9 des verres pour Oakley 3173 BARRELHOUSE. Con\u00e7us pour am\u00e9liorer votre exp\u00e9rience visuelle, ces verres s&rsquo;adaptent parfaitement \u00e0 la c\u00e9l\u00e8bre monture Barrelhouse 3173, reconnue pour son design rectangulaire \u00e9l\u00e9gant. Fabriqu\u00e9s \u00e0 partir de mat\u00e9riaux de haute qualit\u00e9 tels que le TAC et le polycarbonate, ces verres assurent durabilit\u00e9 et r\u00e9sistance aux &#8230; <a title=\"Verres pour Oakley 3173 BARRELHOUSE\" class=\"read-more\" href=\"https:\/\/sunglassrevivers.com\/fr\/produit\/verres-pour-oakley-3173-barrelhouse\/\" aria-label=\"En savoir plus sur Verres pour Oakley 3173 BARRELHOUSE\">Lire plus<\/a><\/p>\n","protected":false},"featured_media":30418,"comment_status":"open","ping_status":"closed","template":"","meta":{"_acf_changed":false},"product_brand":[],"product_cat":[1724,1742],"product_tag":[],"class_list":{"0":"post-30397","1":"product","2":"type-product","3":"status-publish","4":"has-post-thumbnail","6":"product_cat-verres-de-rechange","7":"product_cat-verres-oakley","8":"sales-flash-overlay","9":"woocommerce-text-align-center","10":"woocommerce-image-align-center","11":"do-quantity-buttons","13":"first","14":"instock","15":"taxable","16":"shipping-taxable","17":"purchasable","18":"product-type-variable","19":"has-default-attributes"},"acf":[],"_links":{"self":[{"href":"https:\/\/sunglassrevivers.com\/fr\/wp-json\/wp\/v2\/product\/30397","targetHints":{"allow":["GET"]}}],"collection":[{"href":"https:\/\/sunglassrevivers.com\/fr\/wp-json\/wp\/v2\/product"}],"about":[{"href":"https:\/\/sunglassrevivers.com\/fr\/wp-json\/wp\/v2\/types\/product"}],"replies":[{"embeddable":true,"href":"https:\/\/sunglassrevivers.com\/fr\/wp-json\/wp\/v2\/comments?post=30397"}],"version-history":[{"count":2,"href":"https:\/\/sunglassrevivers.com\/fr\/wp-json\/wp\/v2\/product\/30397\/revisions"}],"predecessor-version":[{"id":30849,"href":"https:\/\/sunglassrevivers.com\/fr\/wp-json\/wp\/v2\/product\/30397\/revisions\/30849"}],"wp:featuredmedia":[{"embeddable":true,"href":"https:\/\/sunglassrevivers.com\/fr\/wp-json\/wp\/v2\/media\/30418"}],"wp:attachment":[{"href":"https:\/\/sunglassrevivers.com\/fr\/wp-json\/wp\/v2\/media?parent=30397"}],"wp:term":[{"taxonomy":"product_brand","embeddable":true,"href":"https:\/\/sunglassrevivers.com\/fr\/wp-json\/wp\/v2\/product_brand?post=30397"},{"taxonomy":"product_cat","embeddable":true,"href":"https:\/\/sunglassrevivers.com\/fr\/wp-json\/wp\/v2\/product_cat?post=30397"},{"taxonomy":"product_tag","embeddable":true,"href":"https:\/\/sunglassrevivers.com\/fr\/wp-json\/wp\/v2\/product_tag?post=30397"}],"curies":[{"name":"wp","href":"https:\/\/api.w.org\/{rel}","templated":true}]}}