{"id":30405,"date":"2025-09-03T18:23:50","date_gmt":"2025-09-03T17:23:50","guid":{"rendered":"https:\/\/sunglassrevivers.com\/fr\/?post_type=product&#038;p=30405"},"modified":"2025-11-13T13:34:18","modified_gmt":"2025-11-13T12:34:18","slug":"verres-pour-oakley-2005-belong","status":"publish","type":"product","link":"https:\/\/sunglassrevivers.com\/fr\/produit\/verres-pour-oakley-2005-belong\/","title":{"rendered":"Verres pour Oakley 2005 BELONG"},"content":{"rendered":"<p>D\u00e9couvrez les <strong>verres pour Oakley 2005 BELONG<\/strong>, con\u00e7us pour vous offrir une visibilit\u00e9 exceptionnelle et un style in\u00e9gal\u00e9. Avec un design rectangulaire et des mesures pr\u00e9cises de 52 de hauteur et 65 de diam\u00e8tre, ces verres sont parfaits pour ceux qui souhaitent am\u00e9liorer leur exp\u00e9rience visuelle sans sacrifier l&rsquo;esth\u00e9tique.<\/p>\n<p>La courbure de base 8.75 assure un ajustement parfait \u00e0 la monture, offrant un confort et une s\u00e9curit\u00e9 in\u00e9gal\u00e9s. Fabriqu\u00e9s en mat\u00e9riau durable TAC et polycarbonate, les <strong>verres pour Oakley 2005 BELONG<\/strong> garantissent durabilit\u00e9 et r\u00e9sistance aux impacts.<\/p>\n<ul>\n<li><strong>Vision claire<\/strong> : Gr\u00e2ce au mat\u00e9riau TAC, vous profiterez d&rsquo;une clart\u00e9 sup\u00e9rieure, m\u00eame par forte luminosit\u00e9.<\/li>\n<li><strong>Durabilit\u00e9<\/strong> : Le polycarbonate garantit un verre robuste et r\u00e9sistant aux rayures.<\/li>\n<li><strong>Style et confort<\/strong> : Son design rectangulaire n&rsquo;est pas seulement moderne, il offre \u00e9galement un ajustement optimal.<\/li>\n<\/ul>\n<p>Ne vous contentez pas de moins. Rafra\u00eechissez votre style et vos performances visuelles avec les <strong>verres pour Oakley 2005 BELONG<\/strong> d\u00e8s aujourd&rsquo;hui.Le produit Verres pour Oakley 2005 BELONG n\u2019est pas un article original fabriqu\u00e9 ou approuv\u00e9 par Oakley\u00ae, sauf indication contraire dans la fiche produit. Sunglass Revivers n\u2019est ni affili\u00e9, ni associ\u00e9, ni sponsoris\u00e9 par Oakley\u00ae ou par Luxottica Group.<\/p>\n","protected":false},"excerpt":{"rendered":"<p>D\u00e9couvrez les verres pour Oakley 2005 BELONG, con\u00e7us pour vous offrir une visibilit\u00e9 exceptionnelle et un style in\u00e9gal\u00e9. Avec un design rectangulaire et des mesures pr\u00e9cises de 52 de hauteur et 65 de diam\u00e8tre, ces verres sont parfaits pour ceux qui souhaitent am\u00e9liorer leur exp\u00e9rience visuelle sans sacrifier l&rsquo;esth\u00e9tique. La courbure de base 8.75 assure &#8230; <a title=\"Verres pour Oakley 2005 BELONG\" class=\"read-more\" href=\"https:\/\/sunglassrevivers.com\/fr\/produit\/verres-pour-oakley-2005-belong\/\" aria-label=\"En savoir plus sur Verres pour Oakley 2005 BELONG\">Lire plus<\/a><\/p>\n","protected":false},"featured_media":30459,"comment_status":"open","ping_status":"closed","template":"","meta":{"_acf_changed":false},"product_brand":[],"product_cat":[1724,1742],"product_tag":[],"class_list":{"0":"post-30405","1":"product","2":"type-product","3":"status-publish","4":"has-post-thumbnail","6":"product_cat-verres-de-rechange","7":"product_cat-verres-oakley","8":"sales-flash-overlay","9":"woocommerce-text-align-center","10":"woocommerce-image-align-center","11":"do-quantity-buttons","13":"first","14":"instock","15":"taxable","16":"shipping-taxable","17":"purchasable","18":"product-type-variable","19":"has-default-attributes"},"acf":[],"_links":{"self":[{"href":"https:\/\/sunglassrevivers.com\/fr\/wp-json\/wp\/v2\/product\/30405","targetHints":{"allow":["GET"]}}],"collection":[{"href":"https:\/\/sunglassrevivers.com\/fr\/wp-json\/wp\/v2\/product"}],"about":[{"href":"https:\/\/sunglassrevivers.com\/fr\/wp-json\/wp\/v2\/types\/product"}],"replies":[{"embeddable":true,"href":"https:\/\/sunglassrevivers.com\/fr\/wp-json\/wp\/v2\/comments?post=30405"}],"version-history":[{"count":2,"href":"https:\/\/sunglassrevivers.com\/fr\/wp-json\/wp\/v2\/product\/30405\/revisions"}],"predecessor-version":[{"id":30853,"href":"https:\/\/sunglassrevivers.com\/fr\/wp-json\/wp\/v2\/product\/30405\/revisions\/30853"}],"wp:featuredmedia":[{"embeddable":true,"href":"https:\/\/sunglassrevivers.com\/fr\/wp-json\/wp\/v2\/media\/30459"}],"wp:attachment":[{"href":"https:\/\/sunglassrevivers.com\/fr\/wp-json\/wp\/v2\/media?parent=30405"}],"wp:term":[{"taxonomy":"product_brand","embeddable":true,"href":"https:\/\/sunglassrevivers.com\/fr\/wp-json\/wp\/v2\/product_brand?post=30405"},{"taxonomy":"product_cat","embeddable":true,"href":"https:\/\/sunglassrevivers.com\/fr\/wp-json\/wp\/v2\/product_cat?post=30405"},{"taxonomy":"product_tag","embeddable":true,"href":"https:\/\/sunglassrevivers.com\/fr\/wp-json\/wp\/v2\/product_tag?post=30405"}],"curies":[{"name":"wp","href":"https:\/\/api.w.org\/{rel}","templated":true}]}}