{"id":30407,"date":"2025-09-03T18:24:53","date_gmt":"2025-09-03T17:24:53","guid":{"rendered":"https:\/\/sunglassrevivers.com\/fr\/?post_type=product&#038;p=30407"},"modified":"2025-11-13T13:34:18","modified_gmt":"2025-11-13T12:34:18","slug":"verres-pour-oakley-9173-big-taco","status":"publish","type":"product","link":"https:\/\/sunglassrevivers.com\/fr\/produit\/verres-pour-oakley-9173-big-taco\/","title":{"rendered":"Verres pour Oakley 9173 BIG TACO"},"content":{"rendered":"<p>D\u00e9couvrez les <strong>Verres pour Oakley 9173 BIG TACO<\/strong> et r\u00e9inventez vos lunettes avec un style et une performance in\u00e9gal\u00e9s. Ces verres sont con\u00e7us sp\u00e9cifiquement pour le mod\u00e8le 9173 BIG TACO, offrant un ajustement parfait et garantissant que votre vision soit toujours claire et nette.<\/p>\n<p>Fabriqu\u00e9s \u00e0 partir de mat\u00e9riaux de haute qualit\u00e9 comme le <em>TAC<\/em> et le polycarbonate, les verres de rechange offrent solidit\u00e9 et durabilit\u00e9. Leur forme carr\u00e9e et courbure de base 6 assurent un ajustement confortable et stable dans toutes les conditions. Avec un diam\u00e8tre de 63 mm et une hauteur de 44 mm, ces verres sont le m\u00e9lange id\u00e9al de fonctionnalit\u00e9 et de mode.<\/p>\n<ul>\n<li><strong>Protection :<\/strong> Ils offrent une protection UV \u00e0 100% pour garder vos yeux \u00e0 l&rsquo;abri des rayons solaires nocifs.<\/li>\n<li><strong>Qualit\u00e9 optique sup\u00e9rieure :<\/strong> La clart\u00e9 optique vous assure de voir chaque d\u00e9tail avec la plus grande pr\u00e9cision.<\/li>\n<li><strong>Style :<\/strong> Disponibles dans plusieurs options de couleur pour s&rsquo;adapter \u00e0 votre style personnel.<\/li>\n<\/ul>\n<p><strong>Les verres pour Oakley 9173 BIG TACO<\/strong> am\u00e9liorent non seulement votre vision, mais revitalisent \u00e9galement votre look.Le produit Verres pour Oakley 9173 BIG TACO n\u2019est pas un article original fabriqu\u00e9 ou approuv\u00e9 par Oakley\u00ae, sauf indication contraire dans la fiche produit. Sunglass Revivers n\u2019est ni affili\u00e9, ni associ\u00e9, ni sponsoris\u00e9 par Oakley\u00ae ou par Luxottica Group.<\/p>\n","protected":false},"excerpt":{"rendered":"<p>D\u00e9couvrez les Verres pour Oakley 9173 BIG TACO et r\u00e9inventez vos lunettes avec un style et une performance in\u00e9gal\u00e9s. Ces verres sont con\u00e7us sp\u00e9cifiquement pour le mod\u00e8le 9173 BIG TACO, offrant un ajustement parfait et garantissant que votre vision soit toujours claire et nette. Fabriqu\u00e9s \u00e0 partir de mat\u00e9riaux de haute qualit\u00e9 comme le TAC &#8230; <a title=\"Verres pour Oakley 9173 BIG TACO\" class=\"read-more\" href=\"https:\/\/sunglassrevivers.com\/fr\/produit\/verres-pour-oakley-9173-big-taco\/\" aria-label=\"En savoir plus sur Verres pour Oakley 9173 BIG TACO\">Lire plus<\/a><\/p>\n","protected":false},"featured_media":30430,"comment_status":"open","ping_status":"closed","template":"","meta":{"_acf_changed":false},"product_brand":[],"product_cat":[1724,1742],"product_tag":[],"class_list":{"0":"post-30407","1":"product","2":"type-product","3":"status-publish","4":"has-post-thumbnail","6":"product_cat-verres-de-rechange","7":"product_cat-verres-oakley","8":"sales-flash-overlay","9":"woocommerce-text-align-center","10":"woocommerce-image-align-center","11":"do-quantity-buttons","13":"first","14":"instock","15":"taxable","16":"shipping-taxable","17":"purchasable","18":"product-type-variable","19":"has-default-attributes"},"acf":[],"_links":{"self":[{"href":"https:\/\/sunglassrevivers.com\/fr\/wp-json\/wp\/v2\/product\/30407","targetHints":{"allow":["GET"]}}],"collection":[{"href":"https:\/\/sunglassrevivers.com\/fr\/wp-json\/wp\/v2\/product"}],"about":[{"href":"https:\/\/sunglassrevivers.com\/fr\/wp-json\/wp\/v2\/types\/product"}],"replies":[{"embeddable":true,"href":"https:\/\/sunglassrevivers.com\/fr\/wp-json\/wp\/v2\/comments?post=30407"}],"version-history":[{"count":2,"href":"https:\/\/sunglassrevivers.com\/fr\/wp-json\/wp\/v2\/product\/30407\/revisions"}],"predecessor-version":[{"id":30854,"href":"https:\/\/sunglassrevivers.com\/fr\/wp-json\/wp\/v2\/product\/30407\/revisions\/30854"}],"wp:featuredmedia":[{"embeddable":true,"href":"https:\/\/sunglassrevivers.com\/fr\/wp-json\/wp\/v2\/media\/30430"}],"wp:attachment":[{"href":"https:\/\/sunglassrevivers.com\/fr\/wp-json\/wp\/v2\/media?parent=30407"}],"wp:term":[{"taxonomy":"product_brand","embeddable":true,"href":"https:\/\/sunglassrevivers.com\/fr\/wp-json\/wp\/v2\/product_brand?post=30407"},{"taxonomy":"product_cat","embeddable":true,"href":"https:\/\/sunglassrevivers.com\/fr\/wp-json\/wp\/v2\/product_cat?post=30407"},{"taxonomy":"product_tag","embeddable":true,"href":"https:\/\/sunglassrevivers.com\/fr\/wp-json\/wp\/v2\/product_tag?post=30407"}],"curies":[{"name":"wp","href":"https:\/\/api.w.org\/{rel}","templated":true}]}}