{"id":30411,"date":"2025-09-03T18:26:52","date_gmt":"2025-09-03T17:26:52","guid":{"rendered":"https:\/\/sunglassrevivers.com\/fr\/?post_type=product&#038;p=30411"},"modified":"2025-12-12T13:10:35","modified_gmt":"2025-12-12T12:10:35","slug":"verres-pour-oakley-9003-turbine-xs","status":"publish","type":"product","link":"https:\/\/sunglassrevivers.com\/fr\/produit\/verres-pour-oakley-9003-turbine-xs\/","title":{"rendered":"Verres pour Oakley 9003 TURBINE XS"},"content":{"rendered":"<p>Am\u00e9liorez votre vision avec les <strong>Verres pour Oakley 9003 TURBINE XS<\/strong>. Con\u00e7us sp\u00e9cifiquement pour ce mod\u00e8le, ces verres garantissent un ajustement parfait pour revitaliser vos lunettes comme neuves. Dot\u00e9s d&rsquo;une forme rectangulaire, avec une hauteur de 39 mm et un diam\u00e8tre de 56 mm, ils offrent une couverture optimale pour une protection visuelle sup\u00e9rieure.<\/p>\n<p>Fabriqu\u00e9s en mat\u00e9riau TAC et polycarbonate, les <strong>Verres pour Oakley 9003 TURBINE XS<\/strong> offrent une r\u00e9sistance et une durabilit\u00e9 maximales. La courbure des verres de 6,25&#215;4,24 assure un champ de vision large et clair, id\u00e9al pour les activit\u00e9s en ext\u00e9rieur. D\u00e9fiez la nature tout en gardant vos yeux prot\u00e9g\u00e9s contre les rayons UV et les exigences environnementales.<\/p>\n<ul>\n<li>Remplacement Parfait: S&rsquo;adapte parfaitement au mod\u00e8le 9003 TURBINE XS.<\/li>\n<li>Mat\u00e9riau R\u00e9sistant: Verres en TAC et polycarbonate garantissant la durabilit\u00e9.<\/li>\n<li>Protection Sup\u00e9rieure: Courbure toro\u00efdale offre une exp\u00e9rience visuelle immersive.<\/li>\n<\/ul>\n<p>Am\u00e9liorez vos lunettes avec ces <strong>Verres pour Oakley 9003 TURBINE XS<\/strong> et ressentez la diff\u00e9rence en termes de performance et de style.Le produit Verres pour Oakley 9003 TURBINE XS n\u2019est pas un article original fabriqu\u00e9 ou approuv\u00e9 par Oakley\u00ae, sauf indication contraire dans la fiche produit. Sunglass Revivers n\u2019est ni affili\u00e9, ni associ\u00e9, ni sponsoris\u00e9 par Oakley\u00ae ou par Luxottica Group.<\/p>\n","protected":false},"excerpt":{"rendered":"<p>Am\u00e9liorez votre vision avec les Verres pour Oakley 9003 TURBINE XS. Con\u00e7us sp\u00e9cifiquement pour ce mod\u00e8le, ces verres garantissent un ajustement parfait pour revitaliser vos lunettes comme neuves. Dot\u00e9s d&rsquo;une forme rectangulaire, avec une hauteur de 39 mm et un diam\u00e8tre de 56 mm, ils offrent une couverture optimale pour une protection visuelle sup\u00e9rieure. Fabriqu\u00e9s &#8230; <a title=\"Verres pour Oakley 9003 TURBINE XS\" class=\"read-more\" href=\"https:\/\/sunglassrevivers.com\/fr\/produit\/verres-pour-oakley-9003-turbine-xs\/\" aria-label=\"En savoir plus sur Verres pour Oakley 9003 TURBINE XS\">Lire plus<\/a><\/p>\n","protected":false},"featured_media":30414,"comment_status":"open","ping_status":"closed","template":"","meta":{"_acf_changed":false},"product_brand":[],"product_cat":[1724,1742],"product_tag":[],"class_list":{"0":"post-30411","1":"product","2":"type-product","3":"status-publish","4":"has-post-thumbnail","6":"product_cat-verres-de-rechange","7":"product_cat-verres-oakley","8":"sales-flash-overlay","9":"woocommerce-text-align-center","10":"woocommerce-image-align-center","11":"do-quantity-buttons","13":"first","14":"instock","15":"taxable","16":"shipping-taxable","17":"purchasable","18":"product-type-variable","19":"has-default-attributes"},"acf":[],"_links":{"self":[{"href":"https:\/\/sunglassrevivers.com\/fr\/wp-json\/wp\/v2\/product\/30411","targetHints":{"allow":["GET"]}}],"collection":[{"href":"https:\/\/sunglassrevivers.com\/fr\/wp-json\/wp\/v2\/product"}],"about":[{"href":"https:\/\/sunglassrevivers.com\/fr\/wp-json\/wp\/v2\/types\/product"}],"replies":[{"embeddable":true,"href":"https:\/\/sunglassrevivers.com\/fr\/wp-json\/wp\/v2\/comments?post=30411"}],"version-history":[{"count":2,"href":"https:\/\/sunglassrevivers.com\/fr\/wp-json\/wp\/v2\/product\/30411\/revisions"}],"predecessor-version":[{"id":30856,"href":"https:\/\/sunglassrevivers.com\/fr\/wp-json\/wp\/v2\/product\/30411\/revisions\/30856"}],"wp:featuredmedia":[{"embeddable":true,"href":"https:\/\/sunglassrevivers.com\/fr\/wp-json\/wp\/v2\/media\/30414"}],"wp:attachment":[{"href":"https:\/\/sunglassrevivers.com\/fr\/wp-json\/wp\/v2\/media?parent=30411"}],"wp:term":[{"taxonomy":"product_brand","embeddable":true,"href":"https:\/\/sunglassrevivers.com\/fr\/wp-json\/wp\/v2\/product_brand?post=30411"},{"taxonomy":"product_cat","embeddable":true,"href":"https:\/\/sunglassrevivers.com\/fr\/wp-json\/wp\/v2\/product_cat?post=30411"},{"taxonomy":"product_tag","embeddable":true,"href":"https:\/\/sunglassrevivers.com\/fr\/wp-json\/wp\/v2\/product_tag?post=30411"}],"curies":[{"name":"wp","href":"https:\/\/api.w.org\/{rel}","templated":true}]}}