{"id":30469,"date":"2025-09-05T19:02:11","date_gmt":"2025-09-05T18:02:11","guid":{"rendered":"https:\/\/sunglassrevivers.com\/fr\/?post_type=product&#038;p=30469"},"modified":"2025-11-13T13:34:18","modified_gmt":"2025-11-13T12:34:18","slug":"verres-pour-oakley-8150-bmng","status":"publish","type":"product","link":"https:\/\/sunglassrevivers.com\/fr\/produit\/verres-pour-oakley-8150-bmng\/","title":{"rendered":"Verres pour Oakley 8150 BMNG"},"content":{"rendered":"<p>D\u00e9couvrez la clart\u00e9 et la durabilit\u00e9 exceptionnelles des <strong>verres pour Oakley 8150 BMNG<\/strong>. Fabriqu\u00e9s \u00e0 partir de mat\u00e9riaux de haute qualit\u00e9 tels que le TAC et le polycarbonate, ces verres assurent une vision claire et une protection contre les impacts. Avec un design rond \u00e9l\u00e9gant, un diam\u00e8tre de 56,59 mm et une hauteur de 46,48 mm, ils offrent une couverture parfaite pour vos activit\u00e9s quotidiennes. La courbure de base 4 assure un ajustement confortable et une exp\u00e9rience visuelle am\u00e9lior\u00e9e.<\/p>\n<p>Am\u00e9liorez vos lunettes Oakley avec ces <strong>verres pour Oakley 8150 BMNG<\/strong> et ressentez la diff\u00e9rence \u00e0 chaque utilisation. Faciles \u00e0 installer, ces verres vous permettent de les remplacer sans tracas, restaurant ainsi l&rsquo;apparence et la fonctionnalit\u00e9 d&rsquo;origine de vos lunettes. Non seulement vous mettrez \u00e0 jour le style de vos lunettes, mais vous garantirez \u00e9galement une protection oculaire optimale.<\/p>\n<ul>\n<li><strong>Mat\u00e9riaux Premium:<\/strong> Verres fabriqu\u00e9s en TAC et polycarbonate haute r\u00e9sistance.<\/li>\n<li><strong>Design Ergonomique:<\/strong> La forme ronde et la courbure de base 4 offrent un ajustement parfait.<\/li>\n<li><strong>Installation Facile:<\/strong> Remplacez facilement les verres pour garder vos lunettes toujours comme neuves.<\/li>\n<\/ul>\n<p>Le produit Verres pour Oakley 8150 BMNG n\u2019est pas un article original fabriqu\u00e9 ou approuv\u00e9 par Oakley\u00ae, sauf indication contraire dans la fiche produit. Sunglass Revivers n\u2019est ni affili\u00e9, ni associ\u00e9, ni sponsoris\u00e9 par Oakley\u00ae ou par Luxottica Group.<\/p>\n","protected":false},"excerpt":{"rendered":"<p>D\u00e9couvrez la clart\u00e9 et la durabilit\u00e9 exceptionnelles des verres pour Oakley 8150 BMNG. Fabriqu\u00e9s \u00e0 partir de mat\u00e9riaux de haute qualit\u00e9 tels que le TAC et le polycarbonate, ces verres assurent une vision claire et une protection contre les impacts. Avec un design rond \u00e9l\u00e9gant, un diam\u00e8tre de 56,59 mm et une hauteur de 46,48 &#8230; <a title=\"Verres pour Oakley 8150 BMNG\" class=\"read-more\" href=\"https:\/\/sunglassrevivers.com\/fr\/produit\/verres-pour-oakley-8150-bmng\/\" aria-label=\"En savoir plus sur Verres pour Oakley 8150 BMNG\">Lire plus<\/a><\/p>\n","protected":false},"featured_media":30504,"comment_status":"open","ping_status":"closed","template":"","meta":{"_acf_changed":false},"product_brand":[],"product_cat":[1724,1742],"product_tag":[],"class_list":{"0":"post-30469","1":"product","2":"type-product","3":"status-publish","4":"has-post-thumbnail","6":"product_cat-verres-de-rechange","7":"product_cat-verres-oakley","8":"sales-flash-overlay","9":"woocommerce-text-align-center","10":"woocommerce-image-align-center","11":"do-quantity-buttons","13":"first","14":"instock","15":"taxable","16":"shipping-taxable","17":"purchasable","18":"product-type-variable"},"acf":[],"_links":{"self":[{"href":"https:\/\/sunglassrevivers.com\/fr\/wp-json\/wp\/v2\/product\/30469","targetHints":{"allow":["GET"]}}],"collection":[{"href":"https:\/\/sunglassrevivers.com\/fr\/wp-json\/wp\/v2\/product"}],"about":[{"href":"https:\/\/sunglassrevivers.com\/fr\/wp-json\/wp\/v2\/types\/product"}],"replies":[{"embeddable":true,"href":"https:\/\/sunglassrevivers.com\/fr\/wp-json\/wp\/v2\/comments?post=30469"}],"version-history":[{"count":2,"href":"https:\/\/sunglassrevivers.com\/fr\/wp-json\/wp\/v2\/product\/30469\/revisions"}],"predecessor-version":[{"id":30857,"href":"https:\/\/sunglassrevivers.com\/fr\/wp-json\/wp\/v2\/product\/30469\/revisions\/30857"}],"wp:featuredmedia":[{"embeddable":true,"href":"https:\/\/sunglassrevivers.com\/fr\/wp-json\/wp\/v2\/media\/30504"}],"wp:attachment":[{"href":"https:\/\/sunglassrevivers.com\/fr\/wp-json\/wp\/v2\/media?parent=30469"}],"wp:term":[{"taxonomy":"product_brand","embeddable":true,"href":"https:\/\/sunglassrevivers.com\/fr\/wp-json\/wp\/v2\/product_brand?post=30469"},{"taxonomy":"product_cat","embeddable":true,"href":"https:\/\/sunglassrevivers.com\/fr\/wp-json\/wp\/v2\/product_cat?post=30469"},{"taxonomy":"product_tag","embeddable":true,"href":"https:\/\/sunglassrevivers.com\/fr\/wp-json\/wp\/v2\/product_tag?post=30469"}],"curies":[{"name":"wp","href":"https:\/\/api.w.org\/{rel}","templated":true}]}}