{"id":30471,"date":"2025-09-05T19:03:22","date_gmt":"2025-09-05T18:03:22","guid":{"rendered":"https:\/\/sunglassrevivers.com\/fr\/?post_type=product&#038;p=30471"},"modified":"2025-11-13T13:34:18","modified_gmt":"2025-11-13T12:34:18","slug":"verres-pour-oakley-9168-break-point","status":"publish","type":"product","link":"https:\/\/sunglassrevivers.com\/fr\/produit\/verres-pour-oakley-9168-break-point\/","title":{"rendered":"Verres pour Oakley 9168 BREAK POINT"},"content":{"rendered":"<p>D\u00e9couvrez l&rsquo;excellence avec les <strong>verres pour Oakley 9168 BREAK POINT<\/strong>, con\u00e7us pour offrir une protection visuelle in\u00e9gal\u00e9e et un style unique. Ces verres sont fabriqu\u00e9s avec des mat\u00e9riaux de haute qualit\u00e9 tels que le TAC et le polycarbonate, garantissant r\u00e9sistance et durabilit\u00e9. Avec leur forme rectangulaire et une hauteur de 47, ils sont parfaits pour ceux qui recherchent confort et style.<\/p>\n<p>Le mod\u00e8le 9168 BREAK POINT se distingue par sa courbure de base 8.75, qui s&rsquo;adapte de mani\u00e8re ergonomique au visage, fournissant une exp\u00e9rience visuelle immersive. De plus, les propri\u00e9t\u00e9s du mat\u00e9riau permettent des verres r\u00e9sistants aux rayures et aux chocs, assurant la long\u00e9vit\u00e9 sans compromettre l&rsquo;esth\u00e9tique. Les verres pour Oakley 9168 BREAK POINT am\u00e9liorent non seulement votre vision, mais renforcent aussi votre look.<\/p>\n<ul>\n<li>Compatibilit\u00e9 parfaite avec les mod\u00e8les Oakley 9168 BREAK POINT<\/li>\n<li>Mat\u00e9riaux premium : TAC et polycarbonate<\/li>\n<li>Forme ergonomique s&rsquo;adaptant confortablement au visage<\/li>\n<li>Protection contre les impacts et les rayures<\/li>\n<\/ul>\n<p>Transformez vos lunettes avec ces <strong>verres pour Oakley 9168 BREAK POINT<\/strong> et profitez d&rsquo;une vision claire tout en pr\u00e9servant un style moderne et audacieux.Le produit Verres pour Oakley 9168 BREAK POINT n\u2019est pas un article original fabriqu\u00e9 ou approuv\u00e9 par Oakley\u00ae, sauf indication contraire dans la fiche produit. Sunglass Revivers n\u2019est ni affili\u00e9, ni associ\u00e9, ni sponsoris\u00e9 par Oakley\u00ae ou par Luxottica Group.<\/p>\n","protected":false},"excerpt":{"rendered":"<p>D\u00e9couvrez l&rsquo;excellence avec les verres pour Oakley 9168 BREAK POINT, con\u00e7us pour offrir une protection visuelle in\u00e9gal\u00e9e et un style unique. Ces verres sont fabriqu\u00e9s avec des mat\u00e9riaux de haute qualit\u00e9 tels que le TAC et le polycarbonate, garantissant r\u00e9sistance et durabilit\u00e9. Avec leur forme rectangulaire et une hauteur de 47, ils sont parfaits pour &#8230; <a title=\"Verres pour Oakley 9168 BREAK POINT\" class=\"read-more\" href=\"https:\/\/sunglassrevivers.com\/fr\/produit\/verres-pour-oakley-9168-break-point\/\" aria-label=\"En savoir plus sur Verres pour Oakley 9168 BREAK POINT\">Lire plus<\/a><\/p>\n","protected":false},"featured_media":30505,"comment_status":"open","ping_status":"closed","template":"","meta":{"_acf_changed":false},"product_brand":[],"product_cat":[1724,1742],"product_tag":[],"class_list":{"0":"post-30471","1":"product","2":"type-product","3":"status-publish","4":"has-post-thumbnail","6":"product_cat-verres-de-rechange","7":"product_cat-verres-oakley","8":"sales-flash-overlay","9":"woocommerce-text-align-center","10":"woocommerce-image-align-center","11":"do-quantity-buttons","13":"first","14":"instock","15":"taxable","16":"shipping-taxable","17":"purchasable","18":"product-type-variable","19":"has-default-attributes"},"acf":[],"_links":{"self":[{"href":"https:\/\/sunglassrevivers.com\/fr\/wp-json\/wp\/v2\/product\/30471","targetHints":{"allow":["GET"]}}],"collection":[{"href":"https:\/\/sunglassrevivers.com\/fr\/wp-json\/wp\/v2\/product"}],"about":[{"href":"https:\/\/sunglassrevivers.com\/fr\/wp-json\/wp\/v2\/types\/product"}],"replies":[{"embeddable":true,"href":"https:\/\/sunglassrevivers.com\/fr\/wp-json\/wp\/v2\/comments?post=30471"}],"version-history":[{"count":2,"href":"https:\/\/sunglassrevivers.com\/fr\/wp-json\/wp\/v2\/product\/30471\/revisions"}],"predecessor-version":[{"id":30858,"href":"https:\/\/sunglassrevivers.com\/fr\/wp-json\/wp\/v2\/product\/30471\/revisions\/30858"}],"wp:featuredmedia":[{"embeddable":true,"href":"https:\/\/sunglassrevivers.com\/fr\/wp-json\/wp\/v2\/media\/30505"}],"wp:attachment":[{"href":"https:\/\/sunglassrevivers.com\/fr\/wp-json\/wp\/v2\/media?parent=30471"}],"wp:term":[{"taxonomy":"product_brand","embeddable":true,"href":"https:\/\/sunglassrevivers.com\/fr\/wp-json\/wp\/v2\/product_brand?post=30471"},{"taxonomy":"product_cat","embeddable":true,"href":"https:\/\/sunglassrevivers.com\/fr\/wp-json\/wp\/v2\/product_cat?post=30471"},{"taxonomy":"product_tag","embeddable":true,"href":"https:\/\/sunglassrevivers.com\/fr\/wp-json\/wp\/v2\/product_tag?post=30471"}],"curies":[{"name":"wp","href":"https:\/\/api.w.org\/{rel}","templated":true}]}}