{"id":30479,"date":"2025-09-08T08:35:40","date_gmt":"2025-09-08T07:35:40","guid":{"rendered":"https:\/\/sunglassrevivers.com\/fr\/?post_type=product&#038;p=30479"},"modified":"2025-12-12T13:09:11","modified_gmt":"2025-12-12T12:09:11","slug":"verres-pour-oakley-9429-siphon","status":"publish","type":"product","link":"https:\/\/sunglassrevivers.com\/fr\/produit\/verres-pour-oakley-9429-siphon\/","title":{"rendered":"Verres pour Oakley 9429 SIPHON"},"content":{"rendered":"<p>Revivifiez vos lunettes pr\u00e9f\u00e9r\u00e9es avec les <strong>verres pour Oakley 9429 SIPHON<\/strong>. Con\u00e7us pour maintenir l&rsquo;esth\u00e9tique et la fonctionnalit\u00e9 originales de vos montures, ces verres sont la solution parfaite pour retrouver une clart\u00e9 visuelle. Avec un design rectangulaire qui s&rsquo;adapte parfaitement, leur qualit\u00e9 sup\u00e9rieure est assur\u00e9e par des mat\u00e9riaux comme le TAC et le polycarbonate.<\/p>\n<ul>\n<li><strong>Dimensions optimales :<\/strong> Avec une hauteur de 42 mm et un diam\u00e8tre de 68 mm, ils offrent un ajustement impeccable.<\/li>\n<li><strong>Courbure avanc\u00e9e :<\/strong> Le verre toric offre une vision large et sans distorsion.<\/li>\n<li><strong>R\u00e9sistance et durabilit\u00e9 :<\/strong> Fabriqu\u00e9s en polycarbonate, ces verres sont hautement r\u00e9sistants aux impacts.<\/li>\n<\/ul>\n<p>Il est temps de revitaliser vos lunettes avec les <strong>verres pour Oakley 9429 SIPHON<\/strong> et de profiter d&rsquo;une exp\u00e9rience visuelle am\u00e9lior\u00e9e.<\/p>\n<p>Le produit Verres pour Oakley 9429 SIPHON n\u2019est pas un article original fabriqu\u00e9 ou approuv\u00e9 par Oakley\u00ae, sauf indication contraire dans la fiche produit. Sunglass Revivers n\u2019est ni affili\u00e9, ni associ\u00e9, ni sponsoris\u00e9 par Oakley\u00ae ou par Luxottica Group.<\/p>\n","protected":false},"excerpt":{"rendered":"<p>Revivifiez vos lunettes pr\u00e9f\u00e9r\u00e9es avec les verres pour Oakley 9429 SIPHON. Con\u00e7us pour maintenir l&rsquo;esth\u00e9tique et la fonctionnalit\u00e9 originales de vos montures, ces verres sont la solution parfaite pour retrouver une clart\u00e9 visuelle. Avec un design rectangulaire qui s&rsquo;adapte parfaitement, leur qualit\u00e9 sup\u00e9rieure est assur\u00e9e par des mat\u00e9riaux comme le TAC et le polycarbonate. Dimensions &#8230; <a title=\"Verres pour Oakley 9429 SIPHON\" class=\"read-more\" href=\"https:\/\/sunglassrevivers.com\/fr\/produit\/verres-pour-oakley-9429-siphon\/\" aria-label=\"En savoir plus sur Verres pour Oakley 9429 SIPHON\">Lire plus<\/a><\/p>\n","protected":false},"featured_media":30881,"comment_status":"open","ping_status":"closed","template":"","meta":{"_acf_changed":false},"product_brand":[],"product_cat":[1724,1742],"product_tag":[],"class_list":{"0":"post-30479","1":"product","2":"type-product","3":"status-publish","4":"has-post-thumbnail","6":"product_cat-verres-de-rechange","7":"product_cat-verres-oakley","8":"sales-flash-overlay","9":"woocommerce-text-align-center","10":"woocommerce-image-align-center","11":"do-quantity-buttons","13":"first","14":"instock","15":"taxable","16":"shipping-taxable","17":"purchasable","18":"product-type-variable","19":"has-default-attributes"},"acf":[],"_links":{"self":[{"href":"https:\/\/sunglassrevivers.com\/fr\/wp-json\/wp\/v2\/product\/30479","targetHints":{"allow":["GET"]}}],"collection":[{"href":"https:\/\/sunglassrevivers.com\/fr\/wp-json\/wp\/v2\/product"}],"about":[{"href":"https:\/\/sunglassrevivers.com\/fr\/wp-json\/wp\/v2\/types\/product"}],"replies":[{"embeddable":true,"href":"https:\/\/sunglassrevivers.com\/fr\/wp-json\/wp\/v2\/comments?post=30479"}],"version-history":[{"count":2,"href":"https:\/\/sunglassrevivers.com\/fr\/wp-json\/wp\/v2\/product\/30479\/revisions"}],"predecessor-version":[{"id":30882,"href":"https:\/\/sunglassrevivers.com\/fr\/wp-json\/wp\/v2\/product\/30479\/revisions\/30882"}],"wp:featuredmedia":[{"embeddable":true,"href":"https:\/\/sunglassrevivers.com\/fr\/wp-json\/wp\/v2\/media\/30881"}],"wp:attachment":[{"href":"https:\/\/sunglassrevivers.com\/fr\/wp-json\/wp\/v2\/media?parent=30479"}],"wp:term":[{"taxonomy":"product_brand","embeddable":true,"href":"https:\/\/sunglassrevivers.com\/fr\/wp-json\/wp\/v2\/product_brand?post=30479"},{"taxonomy":"product_cat","embeddable":true,"href":"https:\/\/sunglassrevivers.com\/fr\/wp-json\/wp\/v2\/product_cat?post=30479"},{"taxonomy":"product_tag","embeddable":true,"href":"https:\/\/sunglassrevivers.com\/fr\/wp-json\/wp\/v2\/product_tag?post=30479"}],"curies":[{"name":"wp","href":"https:\/\/api.w.org\/{rel}","templated":true}]}}