{"id":30483,"date":"2025-09-08T08:38:08","date_gmt":"2025-09-08T07:38:08","guid":{"rendered":"https:\/\/sunglassrevivers.com\/fr\/?post_type=product&#038;p=30483"},"modified":"2025-11-13T13:34:19","modified_gmt":"2025-11-13T12:34:19","slug":"verres-pour-oakley-8039-chamfer","status":"publish","type":"product","link":"https:\/\/sunglassrevivers.com\/fr\/produit\/verres-pour-oakley-8039-chamfer\/","title":{"rendered":"Verres pour Oakley 8039 CHAMFER"},"content":{"rendered":"<p>Les <strong>verres pour Oakley 8039 CHAMFER<\/strong> offrent une combinaison parfaite de style et de fonctionnalit\u00e9. Fabriqu\u00e9s \u00e0 partir de mat\u00e9riaux de haute qualit\u00e9 comme le TAC et le polycarbonate, ces verres garantissent durabilit\u00e9 et clart\u00e9 optique exceptionnelle. Avec une forme rectangulaire classique, une hauteur de 31,32 mm, et un diam\u00e8tre de 52,54 mm, ils sont id\u00e9aux pour ceux qui cherchent l&rsquo;\u00e9l\u00e9gance et la performance.<\/p>\n<p>Le design \u00e0 courbure de base 4 assure un ajustement confortable et une protection ad\u00e9quate contre l&rsquo;\u00e9blouissement du soleil, permettant de profiter des activit\u00e9s en plein air sans interruptions. Les <strong>verres pour Oakley 8039 CHAMFER<\/strong> s&rsquo;adaptent \u00e0 un style de vie actif, garantissant que vos lunettes soient toujours impeccables et performantes.<\/p>\n<ul>\n<li>Clart\u00e9 visuelle am\u00e9lior\u00e9e<\/li>\n<li>R\u00e9sistance aux impacts<\/li>\n<li>Confortable et l\u00e9ger<\/li>\n<li>Ajustement parfait pour le mod\u00e8le Oakley 8039 CHAMFER<\/li>\n<\/ul>\n<p>Renouvelez vos lunettes d\u00e8s aujourd&rsquo;hui avec les <strong>verres pour Oakley 8039 CHAMFER<\/strong> et ressentez la diff\u00e9rence en mati\u00e8re de vision et de style.Le produit Verres pour Oakley 8039 CHAMFER n\u2019est pas un article original fabriqu\u00e9 ou approuv\u00e9 par Oakley\u00ae, sauf indication contraire dans la fiche produit. Sunglass Revivers n\u2019est ni affili\u00e9, ni associ\u00e9, ni sponsoris\u00e9 par Oakley\u00ae ou par Luxottica Group.<\/p>\n","protected":false},"excerpt":{"rendered":"<p>Les verres pour Oakley 8039 CHAMFER offrent une combinaison parfaite de style et de fonctionnalit\u00e9. Fabriqu\u00e9s \u00e0 partir de mat\u00e9riaux de haute qualit\u00e9 comme le TAC et le polycarbonate, ces verres garantissent durabilit\u00e9 et clart\u00e9 optique exceptionnelle. Avec une forme rectangulaire classique, une hauteur de 31,32 mm, et un diam\u00e8tre de 52,54 mm, ils sont &#8230; <a title=\"Verres pour Oakley 8039 CHAMFER\" class=\"read-more\" href=\"https:\/\/sunglassrevivers.com\/fr\/produit\/verres-pour-oakley-8039-chamfer\/\" aria-label=\"En savoir plus sur Verres pour Oakley 8039 CHAMFER\">Lire plus<\/a><\/p>\n","protected":false},"featured_media":30501,"comment_status":"open","ping_status":"closed","template":"","meta":{"_acf_changed":false},"product_brand":[],"product_cat":[1724,1742],"product_tag":[],"class_list":{"0":"post-30483","1":"product","2":"type-product","3":"status-publish","4":"has-post-thumbnail","6":"product_cat-verres-de-rechange","7":"product_cat-verres-oakley","8":"sales-flash-overlay","9":"woocommerce-text-align-center","10":"woocommerce-image-align-center","11":"do-quantity-buttons","13":"first","14":"instock","15":"taxable","16":"shipping-taxable","17":"purchasable","18":"product-type-variable"},"acf":[],"_links":{"self":[{"href":"https:\/\/sunglassrevivers.com\/fr\/wp-json\/wp\/v2\/product\/30483","targetHints":{"allow":["GET"]}}],"collection":[{"href":"https:\/\/sunglassrevivers.com\/fr\/wp-json\/wp\/v2\/product"}],"about":[{"href":"https:\/\/sunglassrevivers.com\/fr\/wp-json\/wp\/v2\/types\/product"}],"replies":[{"embeddable":true,"href":"https:\/\/sunglassrevivers.com\/fr\/wp-json\/wp\/v2\/comments?post=30483"}],"version-history":[{"count":2,"href":"https:\/\/sunglassrevivers.com\/fr\/wp-json\/wp\/v2\/product\/30483\/revisions"}],"predecessor-version":[{"id":30864,"href":"https:\/\/sunglassrevivers.com\/fr\/wp-json\/wp\/v2\/product\/30483\/revisions\/30864"}],"wp:featuredmedia":[{"embeddable":true,"href":"https:\/\/sunglassrevivers.com\/fr\/wp-json\/wp\/v2\/media\/30501"}],"wp:attachment":[{"href":"https:\/\/sunglassrevivers.com\/fr\/wp-json\/wp\/v2\/media?parent=30483"}],"wp:term":[{"taxonomy":"product_brand","embeddable":true,"href":"https:\/\/sunglassrevivers.com\/fr\/wp-json\/wp\/v2\/product_brand?post=30483"},{"taxonomy":"product_cat","embeddable":true,"href":"https:\/\/sunglassrevivers.com\/fr\/wp-json\/wp\/v2\/product_cat?post=30483"},{"taxonomy":"product_tag","embeddable":true,"href":"https:\/\/sunglassrevivers.com\/fr\/wp-json\/wp\/v2\/product_tag?post=30483"}],"curies":[{"name":"wp","href":"https:\/\/api.w.org\/{rel}","templated":true}]}}