{"id":27231,"date":"2025-01-24T19:10:37","date_gmt":"2025-01-24T18:10:37","guid":{"rendered":"https:\/\/sunglassrevivers.com\/it\/?post_type=product&#038;p=27231"},"modified":"2026-02-18T17:22:31","modified_gmt":"2026-02-18T16:22:31","slug":"lenti-per-oakley-9102-holbrook","status":"publish","type":"product","link":"https:\/\/sunglassrevivers.com\/it\/prodotto\/lenti-per-oakley-9102-holbrook\/","title":{"rendered":"Lenti di Ricambio Compatibili con Oakley Holbrook OO9102"},"content":{"rendered":"<h2>Vestibilit\u00e0 Perfetta per Oakley Holbrook 9102<\/h2>\n<p>Queste lenti di ricambio sono state progettate specificamente per la montatura Oakley Holbrook OO9102 (calibro 55mm). Se le tue lenti attuali sono graffiate o desideri semplicemente un nuovo colore, queste si adattano perfettamente senza necessit\u00e0 di modifiche alla montatura.<\/p>\n<h2>Prestazioni Ottiche e Materiali<\/h2>\n<p>Realizzate in policarbonato resistente agli urti, queste lenti garantiscono visione nitida con protezione UV400 completa. Disponibili in 17 colorazioni: dal classico Green G15 al grigio polarizzato, dalle sfumature graduate ai finish specchiati blu, oro 24k o argento. Le lenti fotocromatiche si adattano automaticamente alla luminosit\u00e0 ambientale.<\/p>\n<h2>Contenuto della Confezione<\/h2>\n<p>Riceverai un paio di lenti (destra e sinistra) tagliate con precisione per il modello 9102. Include custodia protettiva e panno in microfibra per l&#8217;installazione. Compatibili con la costruzione in plastica e la forma quadrata unisex di questa montatura (aste 145mm).<\/p>\n<h2>Avviso di Compatibilit\u00e0<\/h2>\n<p>Questo \u00e8 un prodotto compatibile aftermarket prodotto da un fornitore indipendente. Oakley\u00ae \u00e8 un marchio registrato del rispettivo proprietario. Non siamo affiliati n\u00e9 approvati da Oakley. I nomi dei marchi sono utilizzati esclusivamente per indicare la compatibilit\u00e0.<\/p>\n","protected":false},"excerpt":{"rendered":"<p>Vestibilit\u00e0 Perfetta per Oakley Holbrook 9102 Queste lenti di ricambio sono state progettate specificamente per la montatura Oakley Holbrook OO9102 (calibro 55mm). Se le tue lenti attuali sono graffiate o desideri semplicemente un nuovo colore, queste si adattano perfettamente senza necessit\u00e0 di modifiche alla montatura. Prestazioni Ottiche e Materiali Realizzate in policarbonato resistente agli urti, &#8230; <a title=\"Lenti di Ricambio Compatibili con Oakley Holbrook OO9102\" class=\"read-more\" href=\"https:\/\/sunglassrevivers.com\/it\/prodotto\/lenti-per-oakley-9102-holbrook\/\" aria-label=\"Per saperne di pi\u00f9 su Lenti di Ricambio Compatibili con Oakley Holbrook OO9102\">Leggi tutto<\/a><\/p>\n","protected":false},"featured_media":29574,"comment_status":"open","ping_status":"closed","template":"","meta":{"_acf_changed":false},"product_brand":[],"product_cat":[1758,1761],"product_tag":[],"class_list":{"0":"post-27231","1":"product","2":"type-product","3":"status-publish","4":"has-post-thumbnail","6":"product_cat-lenti-di-ricambio","7":"product_cat-lenti-di-ricambio-oakley","8":"pa_size-201","9":"sales-flash-overlay","10":"woocommerce-text-align-center","11":"woocommerce-image-align-center","12":"do-quantity-buttons","14":"first","15":"instock","16":"taxable","17":"shipping-taxable","18":"purchasable","19":"product-type-variable","20":"has-default-attributes"},"acf":[],"_links":{"self":[{"href":"https:\/\/sunglassrevivers.com\/it\/wp-json\/wp\/v2\/product\/27231","targetHints":{"allow":["GET"]}}],"collection":[{"href":"https:\/\/sunglassrevivers.com\/it\/wp-json\/wp\/v2\/product"}],"about":[{"href":"https:\/\/sunglassrevivers.com\/it\/wp-json\/wp\/v2\/types\/product"}],"replies":[{"embeddable":true,"href":"https:\/\/sunglassrevivers.com\/it\/wp-json\/wp\/v2\/comments?post=27231"}],"version-history":[{"count":7,"href":"https:\/\/sunglassrevivers.com\/it\/wp-json\/wp\/v2\/product\/27231\/revisions"}],"predecessor-version":[{"id":30299,"href":"https:\/\/sunglassrevivers.com\/it\/wp-json\/wp\/v2\/product\/27231\/revisions\/30299"}],"wp:featuredmedia":[{"embeddable":true,"href":"https:\/\/sunglassrevivers.com\/it\/wp-json\/wp\/v2\/media\/29574"}],"wp:attachment":[{"href":"https:\/\/sunglassrevivers.com\/it\/wp-json\/wp\/v2\/media?parent=27231"}],"wp:term":[{"taxonomy":"product_brand","embeddable":true,"href":"https:\/\/sunglassrevivers.com\/it\/wp-json\/wp\/v2\/product_brand?post=27231"},{"taxonomy":"product_cat","embeddable":true,"href":"https:\/\/sunglassrevivers.com\/it\/wp-json\/wp\/v2\/product_cat?post=27231"},{"taxonomy":"product_tag","embeddable":true,"href":"https:\/\/sunglassrevivers.com\/it\/wp-json\/wp\/v2\/product_tag?post=27231"}],"curies":[{"name":"wp","href":"https:\/\/api.w.org\/{rel}","templated":true}]}}