{"id":29167,"date":"2025-08-18T17:26:34","date_gmt":"2025-08-18T16:26:34","guid":{"rendered":"https:\/\/sunglassrevivers.com\/it\/?post_type=product&#038;p=29167"},"modified":"2025-11-13T13:42:17","modified_gmt":"2025-11-13T12:42:17","slug":"lenti-per-oakley-9286-thurso","status":"publish","type":"product","link":"https:\/\/sunglassrevivers.com\/it\/prodotto\/lenti-per-oakley-9286-thurso\/","title":{"rendered":"Lenti per Oakley 9286 THURSO"},"content":{"rendered":"<p>Scopri la soluzione perfetta con le <strong>Lenti per Oakley 9286 THURSO<\/strong>, progettate per mantenere il tuo stile e la tua protezione al livello pi\u00f9 alto. Queste lenti, realizzate per il modello 9286 THURSO, presentano una <strong>forma rettangolare<\/strong> che offre la massima copertura visiva. Con un&#8217;altezza di 45 mm e un diametro di 60 mm, offrono una visione ampia senza compromettere il comfort.<\/p>\n<p>Realizzate con materiali di alta qualit\u00e0 come <strong>TAC e policarbonato<\/strong>, queste lenti sono resistenti agli impatti e offrono una chiarezza ottica superiore. Grazie alla loro curvatura di <strong>Base 4<\/strong>, le Lenti per Oakley 9286 THURSO assicurano un&#8217;esperienza visiva coinvolgente, riducendo la distorsione periferica.<\/p>\n<ul>\n<li><strong>Durata:<\/strong> Resistente all&#8217;usura quotidiana.<\/li>\n<li><strong>Protezione UV:<\/strong> Blocca i raggi UV nocivi del sole.<\/li>\n<li><strong>Comfort:<\/strong> Leggerezza per un uso prolungato.<\/li>\n<\/ul>\n<p>Scegli le <strong>Lenti per Oakley 9286 THURSO<\/strong> e goditi prestazioni ottimali e uno stile impareggiabile. Non perdere l&#8217;opportunit\u00e0 di rivitalizzare i tuoi occhiali con qualit\u00e0 e design senza pari.Il prodotto Lenti per Oakley 9286 THURSO non \u00e8 un articolo originale prodotto o approvato da Oakley\u00ae, salvo diversa indicazione nella scheda prodotto. Sunglass Revivers non \u00e8 affiliata, associata o sponsorizzata da Oakley\u00ae o da Luxottica Group.<\/p>\n","protected":false},"excerpt":{"rendered":"<p>Scopri la soluzione perfetta con le Lenti per Oakley 9286 THURSO, progettate per mantenere il tuo stile e la tua protezione al livello pi\u00f9 alto. Queste lenti, realizzate per il modello 9286 THURSO, presentano una forma rettangolare che offre la massima copertura visiva. Con un&#8217;altezza di 45 mm e un diametro di 60 mm, offrono &#8230; <a title=\"Lenti per Oakley 9286 THURSO\" class=\"read-more\" href=\"https:\/\/sunglassrevivers.com\/it\/prodotto\/lenti-per-oakley-9286-thurso\/\" aria-label=\"Per saperne di pi\u00f9 su Lenti per Oakley 9286 THURSO\">Leggi tutto<\/a><\/p>\n","protected":false},"featured_media":29291,"comment_status":"open","ping_status":"closed","template":"","meta":{"_acf_changed":false},"product_brand":[],"product_cat":[1758,1761],"product_tag":[],"class_list":{"0":"post-29167","1":"product","2":"type-product","3":"status-publish","4":"has-post-thumbnail","6":"product_cat-lenti-di-ricambio","7":"product_cat-lenti-di-ricambio-oakley","8":"sales-flash-overlay","9":"woocommerce-text-align-center","10":"woocommerce-image-align-center","11":"do-quantity-buttons","13":"first","14":"instock","15":"taxable","16":"shipping-taxable","17":"purchasable","18":"product-type-variable","19":"has-default-attributes"},"acf":[],"_links":{"self":[{"href":"https:\/\/sunglassrevivers.com\/it\/wp-json\/wp\/v2\/product\/29167","targetHints":{"allow":["GET"]}}],"collection":[{"href":"https:\/\/sunglassrevivers.com\/it\/wp-json\/wp\/v2\/product"}],"about":[{"href":"https:\/\/sunglassrevivers.com\/it\/wp-json\/wp\/v2\/types\/product"}],"replies":[{"embeddable":true,"href":"https:\/\/sunglassrevivers.com\/it\/wp-json\/wp\/v2\/comments?post=29167"}],"version-history":[{"count":2,"href":"https:\/\/sunglassrevivers.com\/it\/wp-json\/wp\/v2\/product\/29167\/revisions"}],"predecessor-version":[{"id":30009,"href":"https:\/\/sunglassrevivers.com\/it\/wp-json\/wp\/v2\/product\/29167\/revisions\/30009"}],"wp:featuredmedia":[{"embeddable":true,"href":"https:\/\/sunglassrevivers.com\/it\/wp-json\/wp\/v2\/media\/29291"}],"wp:attachment":[{"href":"https:\/\/sunglassrevivers.com\/it\/wp-json\/wp\/v2\/media?parent=29167"}],"wp:term":[{"taxonomy":"product_brand","embeddable":true,"href":"https:\/\/sunglassrevivers.com\/it\/wp-json\/wp\/v2\/product_brand?post=29167"},{"taxonomy":"product_cat","embeddable":true,"href":"https:\/\/sunglassrevivers.com\/it\/wp-json\/wp\/v2\/product_cat?post=29167"},{"taxonomy":"product_tag","embeddable":true,"href":"https:\/\/sunglassrevivers.com\/it\/wp-json\/wp\/v2\/product_tag?post=29167"}],"curies":[{"name":"wp","href":"https:\/\/api.w.org\/{rel}","templated":true}]}}