{"id":29171,"date":"2025-08-18T17:28:42","date_gmt":"2025-08-18T16:28:42","guid":{"rendered":"https:\/\/sunglassrevivers.com\/it\/?post_type=product&#038;p=29171"},"modified":"2025-11-13T13:42:17","modified_gmt":"2025-11-13T12:42:17","slug":"lenti-per-oakley-9289-frogskins-hybrid","status":"publish","type":"product","link":"https:\/\/sunglassrevivers.com\/it\/prodotto\/lenti-per-oakley-9289-frogskins-hybrid\/","title":{"rendered":"Lenti per Oakley 9289 FROGSKINS HYBRID"},"content":{"rendered":"<p>Le <strong>lenti per Oakley 9289 FROGSKINS HYBRID<\/strong> sono l&#8217;accessorio perfetto per chi desidera rinnovare i propri occhiali preferiti mantenendo stile e funzionalit\u00e0. Progettate con precisione, queste lenti presentano una forma rotonda che si adatta perfettamente al modello FROGSKINS HYBRID. Con un&#8217;altezza di 44 mm e un diametro di 61 mm, queste lenti garantiscono una vestibilit\u00e0 precisa e una visione chiara.<\/p>\n<ul>\n<li>Materiali di alta qualit\u00e0: Realizzate in TAC e policarbonato, le <strong>lenti per Oakley 9289 FROGSKINS HYBRID<\/strong> offrono durata e resistenza.<\/li>\n<li>Curvatura ottimizzata: Con una curvatura di base 4, queste lenti offrono un adattamento confortevole e una visione ampia.<\/li>\n<li>Protezione efficace: Progettate per proteggere i tuoi occhi dai raggi UV, queste lenti sono ideali per qualsiasi condizione meteorologica.<\/li>\n<\/ul>\n<p>Rinnova i tuoi occhiali con le <strong>lenti per Oakley 9289 FROGSKINS HYBRID<\/strong> e goditi il perfetto mix di stile e tecnologia. Sia per l&#8217;uso quotidiano che per le attivit\u00e0 all&#8217;aperto, queste lenti garantiscono una qualit\u00e0 ottica eccezionale.Il prodotto Lenti per Oakley 9289 FROGSKINS HYBRID non \u00e8 un articolo originale prodotto o approvato da Oakley\u00ae, salvo diversa indicazione nella scheda prodotto. Sunglass Revivers non \u00e8 affiliata, associata o sponsorizzata da Oakley\u00ae o da Luxottica Group.<\/p>\n","protected":false},"excerpt":{"rendered":"<p>Le lenti per Oakley 9289 FROGSKINS HYBRID sono l&#8217;accessorio perfetto per chi desidera rinnovare i propri occhiali preferiti mantenendo stile e funzionalit\u00e0. Progettate con precisione, queste lenti presentano una forma rotonda che si adatta perfettamente al modello FROGSKINS HYBRID. Con un&#8217;altezza di 44 mm e un diametro di 61 mm, queste lenti garantiscono una vestibilit\u00e0 &#8230; <a title=\"Lenti per Oakley 9289 FROGSKINS HYBRID\" class=\"read-more\" href=\"https:\/\/sunglassrevivers.com\/it\/prodotto\/lenti-per-oakley-9289-frogskins-hybrid\/\" aria-label=\"Per saperne di pi\u00f9 su Lenti per Oakley 9289 FROGSKINS HYBRID\">Leggi tutto<\/a><\/p>\n","protected":false},"featured_media":29327,"comment_status":"open","ping_status":"closed","template":"","meta":{"_acf_changed":false},"product_brand":[],"product_cat":[1758,1761],"product_tag":[],"class_list":{"0":"post-29171","1":"product","2":"type-product","3":"status-publish","4":"has-post-thumbnail","6":"product_cat-lenti-di-ricambio","7":"product_cat-lenti-di-ricambio-oakley","8":"sales-flash-overlay","9":"woocommerce-text-align-center","10":"woocommerce-image-align-center","11":"do-quantity-buttons","13":"first","14":"instock","15":"taxable","16":"shipping-taxable","17":"purchasable","18":"product-type-variable","19":"has-default-attributes"},"acf":[],"_links":{"self":[{"href":"https:\/\/sunglassrevivers.com\/it\/wp-json\/wp\/v2\/product\/29171","targetHints":{"allow":["GET"]}}],"collection":[{"href":"https:\/\/sunglassrevivers.com\/it\/wp-json\/wp\/v2\/product"}],"about":[{"href":"https:\/\/sunglassrevivers.com\/it\/wp-json\/wp\/v2\/types\/product"}],"replies":[{"embeddable":true,"href":"https:\/\/sunglassrevivers.com\/it\/wp-json\/wp\/v2\/comments?post=29171"}],"version-history":[{"count":2,"href":"https:\/\/sunglassrevivers.com\/it\/wp-json\/wp\/v2\/product\/29171\/revisions"}],"predecessor-version":[{"id":30011,"href":"https:\/\/sunglassrevivers.com\/it\/wp-json\/wp\/v2\/product\/29171\/revisions\/30011"}],"wp:featuredmedia":[{"embeddable":true,"href":"https:\/\/sunglassrevivers.com\/it\/wp-json\/wp\/v2\/media\/29327"}],"wp:attachment":[{"href":"https:\/\/sunglassrevivers.com\/it\/wp-json\/wp\/v2\/media?parent=29171"}],"wp:term":[{"taxonomy":"product_brand","embeddable":true,"href":"https:\/\/sunglassrevivers.com\/it\/wp-json\/wp\/v2\/product_brand?post=29171"},{"taxonomy":"product_cat","embeddable":true,"href":"https:\/\/sunglassrevivers.com\/it\/wp-json\/wp\/v2\/product_cat?post=29171"},{"taxonomy":"product_tag","embeddable":true,"href":"https:\/\/sunglassrevivers.com\/it\/wp-json\/wp\/v2\/product_tag?post=29171"}],"curies":[{"name":"wp","href":"https:\/\/api.w.org\/{rel}","templated":true}]}}